{"id":9773,"date":"2026-03-03T09:54:05","date_gmt":"2026-03-03T08:54:05","guid":{"rendered":"https:\/\/uy1.passresto.com\/?page_id=9773"},"modified":"2026-05-09T21:08:22","modified_gmt":"2026-05-09T19:08:22","slug":"strategies-dappui","status":"publish","type":"page","link":"https:\/\/uy1.passresto.com\/en\/strategies-dappui\/","title":{"rendered":"Support strategies"},"content":{"rendered":"<div data-elementor-type=\"wp-page\" data-elementor-id=\"9773\" class=\"elementor elementor-9773\">\n\t\t\t\t<div class=\"elementor-element elementor-element-efcaf5c e-flex e-con-boxed e-con e-parent\" data-id=\"efcaf5c\" data-element_type=\"container\">\n\t\t\t\t\t<div class=\"e-con-inner\">\n\t\t\t\t<div class=\"elementor-element elementor-element-1a3d1d8 elementor-widget elementor-widget-text-editor\" data-id=\"1a3d1d8\" data-element_type=\"widget\" data-widget_type=\"text-editor.default\">\n\t\t\t\t\t\t\t\t\t<div><div>The University of Yaounde I (UYI), ranked among the leading institutions,\nfocuses its activities on addressing Cameroon\u2019s economic and social\nchallenges.\u00a0Support for the UYI\u2019s development focuses on infrastructure\nmodernization, digitalization and employability. With a 2026 budget of nearly\n15 billion CFA francs, it funds laboratories, digital libraries and\nentrepreneurship, while bolstering research to support Cameroon\u2019s socio-\neconomic development<\/div><\/div>\t\t\t\t\t\t\t\t<\/div>\n\t\t\t\t\t<\/div>\n\t\t\t\t<\/div>\n\t\t<div class=\"elementor-element elementor-element-6ba8de42 e-flex e-con-boxed e-con e-parent\" data-id=\"6ba8de42\" data-element_type=\"container\">\n\t\t\t\t\t<div class=\"e-con-inner\">\n\t\t<div class=\"elementor-element elementor-element-63e9165d e-con-full e-flex e-con e-child\" data-id=\"63e9165d\" data-element_type=\"container\">\n\t\t\t\t<div class=\"elementor-element elementor-element-62972d0a elementor-position-top elementor-widget elementor-widget-image-box\" data-id=\"62972d0a\" data-element_type=\"widget\" data-widget_type=\"image-box.default\">\n\t\t\t\t\t<div class=\"elementor-image-box-wrapper\"><figure class=\"elementor-image-box-img\"><a href=\"https:\/\/uy1.passresto.com\/en\/ent\/\" tabindex=\"-1\"><img fetchpriority=\"high\" decoding=\"async\" width=\"371\" height=\"250\" src=\"https:\/\/uy1.passresto.com\/wp-content\/uploads\/2025\/10\/mobilite-internationale.png\" class=\"attachment-full size-full wp-image-7672\" alt=\"\" srcset=\"https:\/\/uy1.passresto.com\/wp-content\/uploads\/2025\/10\/mobilite-internationale.png 371w, https:\/\/uy1.passresto.com\/wp-content\/uploads\/2025\/10\/mobilite-internationale-300x202.png 300w\" sizes=\"(max-width: 371px) 100vw, 371px\" \/><\/a><\/figure><div class=\"elementor-image-box-content\"><h3 class=\"elementor-image-box-title\"><a href=\"https:\/\/uy1.passresto.com\/en\/ent\/\">DW<\/a><\/h3><\/div><\/div>\t\t\t\t<\/div>\n\t\t\t\t<\/div>\n\t\t<div class=\"elementor-element elementor-element-3c44bd18 e-con-full e-flex e-con e-child\" data-id=\"3c44bd18\" data-element_type=\"container\">\n\t\t\t\t<div class=\"elementor-element elementor-element-79641788 elementor-position-top elementor-widget elementor-widget-image-box\" data-id=\"79641788\" data-element_type=\"widget\" data-widget_type=\"image-box.default\">\n\t\t\t\t\t<div class=\"elementor-image-box-wrapper\"><figure class=\"elementor-image-box-img\"><a href=\"https:\/\/uy1.passresto.com\/en\/piisah\/\" tabindex=\"-1\"><img fetchpriority=\"high\" decoding=\"async\" width=\"371\" height=\"250\" src=\"https:\/\/uy1.passresto.com\/wp-content\/uploads\/2025\/10\/mobilite-internationale.png\" class=\"attachment-full size-full wp-image-7672\" alt=\"\" srcset=\"https:\/\/uy1.passresto.com\/wp-content\/uploads\/2025\/10\/mobilite-internationale.png 371w, https:\/\/uy1.passresto.com\/wp-content\/uploads\/2025\/10\/mobilite-internationale-300x202.png 300w\" sizes=\"(max-width: 371px) 100vw, 371px\" \/><\/a><\/figure><div class=\"elementor-image-box-content\"><h3 class=\"elementor-image-box-title\"><a href=\"https:\/\/uy1.passresto.com\/en\/piisah\/\">PIISAH<\/a><\/h3><\/div><\/div>\t\t\t\t<\/div>\n\t\t\t\t<\/div>\n\t\t<div class=\"elementor-element elementor-element-415fcd48 e-con-full e-flex e-con e-child\" data-id=\"415fcd48\" data-element_type=\"container\">\n\t\t\t\t<div class=\"elementor-element elementor-element-1f8512a elementor-position-top elementor-widget elementor-widget-image-box\" data-id=\"1f8512a\" data-element_type=\"widget\" data-widget_type=\"image-box.default\">\n\t\t\t\t\t<div class=\"elementor-image-box-wrapper\"><figure class=\"elementor-image-box-img\"><a href=\"https:\/\/uy1.passresto.com\/en\/nelga\/\" tabindex=\"-1\"><img fetchpriority=\"high\" decoding=\"async\" width=\"371\" height=\"250\" src=\"https:\/\/uy1.passresto.com\/wp-content\/uploads\/2025\/10\/mobilite-internationale.png\" class=\"attachment-full size-full wp-image-7672\" alt=\"\" srcset=\"https:\/\/uy1.passresto.com\/wp-content\/uploads\/2025\/10\/mobilite-internationale.png 371w, https:\/\/uy1.passresto.com\/wp-content\/uploads\/2025\/10\/mobilite-internationale-300x202.png 300w\" sizes=\"(max-width: 371px) 100vw, 371px\" \/><\/a><\/figure><div class=\"elementor-image-box-content\"><h3 class=\"elementor-image-box-title\"><a href=\"https:\/\/uy1.passresto.com\/en\/nelga\/\">NELGA<\/a><\/h3><\/div><\/div>\t\t\t\t<\/div>\n\t\t\t\t<\/div>\n\t\t\t\t\t<\/div>\n\t\t\t\t<\/div>\n\t\t<div class=\"elementor-element elementor-element-1b41462 e-flex e-con-boxed e-con e-parent\" data-id=\"1b41462\" data-element_type=\"container\">\n\t\t\t\t\t<div class=\"e-con-inner\">\n\t\t<div class=\"elementor-element elementor-element-e51e246 e-con-full e-flex e-con e-child\" data-id=\"e51e246\" data-element_type=\"container\">\n\t\t\t\t<div class=\"elementor-element elementor-element-89301ae elementor-position-top elementor-widget elementor-widget-image-box\" data-id=\"89301ae\" data-element_type=\"widget\" data-widget_type=\"image-box.default\">\n\t\t\t\t\t<div class=\"elementor-image-box-wrapper\"><figure class=\"elementor-image-box-img\"><a href=\"https:\/\/uy1.passresto.com\/en\/urad\/\" tabindex=\"-1\"><img fetchpriority=\"high\" decoding=\"async\" width=\"371\" height=\"250\" src=\"https:\/\/uy1.passresto.com\/wp-content\/uploads\/2025\/10\/mobilite-internationale.png\" class=\"attachment-full size-full wp-image-7672\" alt=\"\" srcset=\"https:\/\/uy1.passresto.com\/wp-content\/uploads\/2025\/10\/mobilite-internationale.png 371w, https:\/\/uy1.passresto.com\/wp-content\/uploads\/2025\/10\/mobilite-internationale-300x202.png 300w\" sizes=\"(max-width: 371px) 100vw, 371px\" \/><\/a><\/figure><div class=\"elementor-image-box-content\"><h3 class=\"elementor-image-box-title\"><a href=\"https:\/\/uy1.passresto.com\/en\/urad\/\">RDSU<\/a><\/h3><\/div><\/div>\t\t\t\t<\/div>\n\t\t\t\t<\/div>\n\t\t<div class=\"elementor-element elementor-element-3002dcb e-con-full e-flex e-con e-child\" data-id=\"3002dcb\" data-element_type=\"container\">\n\t\t\t\t<div class=\"elementor-element elementor-element-b07f221 elementor-position-top elementor-widget elementor-widget-image-box\" data-id=\"b07f221\" data-element_type=\"widget\" data-widget_type=\"image-box.default\">\n\t\t\t\t\t<div class=\"elementor-image-box-wrapper\"><figure class=\"elementor-image-box-img\"><a href=\"https:\/\/uy1.passresto.com\/en\/cbt\/\" tabindex=\"-1\"><img fetchpriority=\"high\" decoding=\"async\" width=\"371\" height=\"250\" src=\"https:\/\/uy1.passresto.com\/wp-content\/uploads\/2025\/10\/mobilite-internationale.png\" class=\"attachment-full size-full wp-image-7672\" alt=\"\" srcset=\"https:\/\/uy1.passresto.com\/wp-content\/uploads\/2025\/10\/mobilite-internationale.png 371w, https:\/\/uy1.passresto.com\/wp-content\/uploads\/2025\/10\/mobilite-internationale-300x202.png 300w\" sizes=\"(max-width: 371px) 100vw, 371px\" \/><\/a><\/figure><div class=\"elementor-image-box-content\"><h3 class=\"elementor-image-box-title\"><a href=\"https:\/\/uy1.passresto.com\/en\/cbt\/\">BTC<\/a><\/h3><\/div><\/div>\t\t\t\t<\/div>\n\t\t\t\t<\/div>\n\t\t<div class=\"elementor-element elementor-element-96dfd82 e-con-full e-flex e-con e-child\" data-id=\"96dfd82\" data-element_type=\"container\">\n\t\t\t\t<\/div>\n\t\t\t\t\t<\/div>\n\t\t\t\t<\/div>\n\t\t\t\t<\/div>","protected":false},"excerpt":{"rendered":"<p>L&rsquo;Universit\u00e9 de Yaound\u00e9 I (UYI), class\u00e9e parmi les institutions de premier plan, oriente ses activit\u00e9s pour r\u00e9pondre aux d\u00e9fis \u00e9conomiques et sociaux du Cameroun.\u00a0L&rsquo;appui au d\u00e9veloppement de l&rsquo;UYI\u00a0se concentre sur la modernisation des infrastructures, la digitalisation et l&rsquo;insertion professionnelle. Avec un budget 2026 de pr\u00e8s de 15 milliards de FCFA, elle finance des laboratoires, biblioth\u00e8ques\u2026 <a class=\"more-link\" href=\"https:\/\/uy1.passresto.com\/en\/strategies-dappui\/\">Read more<\/a><\/p>","protected":false},"author":1,"featured_media":10156,"parent":0,"menu_order":0,"comment_status":"closed","ping_status":"closed","template":"elementor_header_footer","meta":{"give_campaign_id":0,"footnotes":""},"class_list":["post-9773","page","type-page","status-publish","has-post-thumbnail","hentry"],"campaignId":"","_links":{"self":[{"href":"https:\/\/uy1.passresto.com\/en\/wp-json\/wp\/v2\/pages\/9773","targetHints":{"allow":["GET"]}}],"collection":[{"href":"https:\/\/uy1.passresto.com\/en\/wp-json\/wp\/v2\/pages"}],"about":[{"href":"https:\/\/uy1.passresto.com\/en\/wp-json\/wp\/v2\/types\/page"}],"author":[{"embeddable":true,"href":"https:\/\/uy1.passresto.com\/en\/wp-json\/wp\/v2\/users\/1"}],"replies":[{"embeddable":true,"href":"https:\/\/uy1.passresto.com\/en\/wp-json\/wp\/v2\/comments?post=9773"}],"version-history":[{"count":7,"href":"https:\/\/uy1.passresto.com\/en\/wp-json\/wp\/v2\/pages\/9773\/revisions"}],"predecessor-version":[{"id":11978,"href":"https:\/\/uy1.passresto.com\/en\/wp-json\/wp\/v2\/pages\/9773\/revisions\/11978"}],"wp:featuredmedia":[{"embeddable":true,"href":"https:\/\/uy1.passresto.com\/en\/wp-json\/wp\/v2\/media\/10156"}],"wp:attachment":[{"href":"https:\/\/uy1.passresto.com\/en\/wp-json\/wp\/v2\/media?parent=9773"}],"curies":[{"name":"wp","href":"https:\/\/api.w.org\/{rel}","templated":true}]}}