{"id":9745,"date":"2026-03-02T17:52:56","date_gmt":"2026-03-02T16:52:56","guid":{"rendered":"https:\/\/uy1.passresto.com\/?page_id=9745"},"modified":"2026-03-10T22:23:03","modified_gmt":"2026-03-10T21:23:03","slug":"urad","status":"publish","type":"page","link":"https:\/\/uy1.passresto.com\/en\/urad\/","title":{"rendered":"RDSU"},"content":{"rendered":"<div data-elementor-type=\"wp-page\" data-elementor-id=\"9745\" class=\"elementor elementor-9745\">\n\t\t\t\t<div class=\"elementor-element elementor-element-9670e9e e-flex e-con-boxed e-con e-parent\" data-id=\"9670e9e\" data-element_type=\"container\">\n\t\t\t\t\t<div class=\"e-con-inner\">\n\t\t\t\t<div class=\"elementor-element elementor-element-8d68fd7 elementor-widget elementor-widget-text-editor\" data-id=\"8d68fd7\" data-element_type=\"widget\" data-widget_type=\"text-editor.default\">\n\t\t\t\t\t\t\t\t\t<div><div>The Research and Development Support Unit (RDSU) is an entity\nincorporated under Cameroonian law and specializing in development\nengineering. This option combines the specific aspects of social project\nmanagement with the technical aspects in every respect. With a strong track\nrecord in the social engineering and development sector, the entity is active in\nemerging fields<\/div><div>\u00a0<\/div><div>RDSU operates across a wide range of sectors, with a strong focus on\ndelivering high-quality services to support development: studies, project\nmanagement support, strategic planning, support, infrastructure and\nequipment project advice and support. We operate in a coordinated manner to\nbest meet the needs of our clients, our partners, as well as the domestic and\ninternational markets. Our expertise spans five key areas, namely: Public\nHealth and Social Development; Local Planning and Development;\nInfrastructure and Rural Development; Environment and Sustainable\nDevelopment; and Project Management, Technical Support and Development\nEngineering<\/div><\/div>\t\t\t\t\t\t\t\t<\/div>\n\t\t\t\t\t<\/div>\n\t\t\t\t<\/div>\n\t\t\t\t<\/div>","protected":false},"excerpt":{"rendered":"<p>L\u2019Unit\u00e9 de Recherche et d\u2019Appui au D\u00e9veloppement (URAD) est une structure de droit camerounais sp\u00e9cialis\u00e9e en ing\u00e9nierie de d\u00e9veloppement. Il s\u2019agit d\u2019une option qui combine les sp\u00e9cificit\u00e9s de la ma\u00eetrise d\u2019\u0153uvre sociale avec le volet technique en tout point de vue. Solidement \u00e9tablie dans le secteur de l\u2019Ing\u00e9nierie sociale et du d\u00e9veloppement, notre structure intervient\u2026 <a class=\"more-link\" href=\"https:\/\/uy1.passresto.com\/en\/urad\/\">Read more<\/a><\/p>","protected":false},"author":1,"featured_media":10156,"parent":0,"menu_order":0,"comment_status":"closed","ping_status":"closed","template":"elementor_header_footer","meta":{"give_campaign_id":0,"footnotes":""},"class_list":["post-9745","page","type-page","status-publish","has-post-thumbnail","hentry"],"campaignId":"","_links":{"self":[{"href":"https:\/\/uy1.passresto.com\/en\/wp-json\/wp\/v2\/pages\/9745","targetHints":{"allow":["GET"]}}],"collection":[{"href":"https:\/\/uy1.passresto.com\/en\/wp-json\/wp\/v2\/pages"}],"about":[{"href":"https:\/\/uy1.passresto.com\/en\/wp-json\/wp\/v2\/types\/page"}],"author":[{"embeddable":true,"href":"https:\/\/uy1.passresto.com\/en\/wp-json\/wp\/v2\/users\/1"}],"replies":[{"embeddable":true,"href":"https:\/\/uy1.passresto.com\/en\/wp-json\/wp\/v2\/comments?post=9745"}],"version-history":[{"count":4,"href":"https:\/\/uy1.passresto.com\/en\/wp-json\/wp\/v2\/pages\/9745\/revisions"}],"predecessor-version":[{"id":9812,"href":"https:\/\/uy1.passresto.com\/en\/wp-json\/wp\/v2\/pages\/9745\/revisions\/9812"}],"wp:featuredmedia":[{"embeddable":true,"href":"https:\/\/uy1.passresto.com\/en\/wp-json\/wp\/v2\/media\/10156"}],"wp:attachment":[{"href":"https:\/\/uy1.passresto.com\/en\/wp-json\/wp\/v2\/media?parent=9745"}],"curies":[{"name":"wp","href":"https:\/\/api.w.org\/{rel}","templated":true}]}}