{"id":9518,"date":"2026-03-02T08:35:32","date_gmt":"2026-03-02T07:35:32","guid":{"rendered":"https:\/\/uy1.passresto.com\/?page_id=9518"},"modified":"2026-03-10T20:27:59","modified_gmt":"2026-03-10T19:27:59","slug":"la-recherche-dans-les-facultes-et-grandes-ecoles","status":"publish","type":"page","link":"https:\/\/uy1.passresto.com\/en\/la-recherche-dans-les-facultes-et-grandes-ecoles\/","title":{"rendered":"Research in Faculties and Institutions of Higher Learning"},"content":{"rendered":"<div data-elementor-type=\"wp-page\" data-elementor-id=\"9518\" class=\"elementor elementor-9518\">\n\t\t\t\t<div class=\"elementor-element elementor-element-9b189f0 e-flex e-con-boxed e-con e-parent\" data-id=\"9b189f0\" data-element_type=\"container\">\n\t\t\t\t\t<div class=\"e-con-inner\">\n\t\t\t\t<div class=\"elementor-element elementor-element-9bb2431 elementor-widget elementor-widget-text-editor\" data-id=\"9bb2431\" data-element_type=\"widget\" data-widget_type=\"text-editor.default\">\n\t\t\t\t\t\t\t\t\t<div>Structuring research is important for building research capacity, working as a\nteam and complementing one another\u2019s work, thus establishing excellence.<\/div><div>\u00a0<\/div><div>Research at the University of Yaounde I (UYI) is integrated into the Bachelor\u2019s-\nMaster\u2019s-Doctorate system, with research-oriented Master\u2019s degrees and PhD\nprogrammes overseen by Research and Doctoral Training Centres (CRFDs)\nor doctoral schools. Research activities are managed by faculty and inter-\nfaculty research units, which bring together researchers working on specific\nand promising research topics, with a view to pooling resources<\/div><div>\u00a0<\/div><div><strong>Find out more about the research units in Faculties and Institutions of\nHigher Learning<\/strong><\/div><ul><li>Research in engineering sciences<\/li><li>\u00a0Research in sciences<\/li><li>Research in Wood Science<\/li><li>Research in education and training sciences<\/li><li>Research in human and social sciences<\/li><li>Research in health<\/li><li>Research in Environment and Renewable Energies<\/li><li>Research in Artificial Intelligence and Cybersecurity<\/li><li>Etc<\/li><\/ul><div><strong>Faculty research units<\/strong><\/div><div>Faculty of Arts, Letters and Social Sciences (FALSH)<\/div><div>Faculty of Science (FS)<\/div><div>Faculty of Science of Education (FSE)<\/div><div>Faculty of Medicine and Biomedical Sciences (FMBS)<\/div><div>National Advanced Polytechnic School<\/div><div>Higher Teachers Training College (ENS)<\/div><div>Institute of Wood Technology (IUT-Bois)<\/div>\t\t\t\t\t\t\t\t<\/div>\n\t\t\t\t\t<\/div>\n\t\t\t\t<\/div>\n\t\t\t\t<\/div>","protected":false},"excerpt":{"rendered":"<p>La structuration de la recherche est importante pour renforcer la capacit\u00e9 de recherche, travailler en \u00e9quipe et en compl\u00e9mentarit\u00e9, et asseoir ainsi l&rsquo;excellence.\u00a0\u00c0 l&rsquo;Universit\u00e9 de Yaound\u00e9 I (UYI), la recherche est int\u00e9gr\u00e9e dans le cycle LMD, avec des Masters recherche et des programmes de Doctorat\/PhD coiff\u00e9s par des Centre de Recherche et de Formation Doctorale\u2026 <a class=\"more-link\" href=\"https:\/\/uy1.passresto.com\/en\/la-recherche-dans-les-facultes-et-grandes-ecoles\/\">Read more<\/a><\/p>","protected":false},"author":1,"featured_media":10156,"parent":0,"menu_order":0,"comment_status":"closed","ping_status":"closed","template":"elementor_header_footer","meta":{"give_campaign_id":0,"footnotes":""},"class_list":["post-9518","page","type-page","status-publish","has-post-thumbnail","hentry"],"campaignId":"","_links":{"self":[{"href":"https:\/\/uy1.passresto.com\/en\/wp-json\/wp\/v2\/pages\/9518","targetHints":{"allow":["GET"]}}],"collection":[{"href":"https:\/\/uy1.passresto.com\/en\/wp-json\/wp\/v2\/pages"}],"about":[{"href":"https:\/\/uy1.passresto.com\/en\/wp-json\/wp\/v2\/types\/page"}],"author":[{"embeddable":true,"href":"https:\/\/uy1.passresto.com\/en\/wp-json\/wp\/v2\/users\/1"}],"replies":[{"embeddable":true,"href":"https:\/\/uy1.passresto.com\/en\/wp-json\/wp\/v2\/comments?post=9518"}],"version-history":[{"count":19,"href":"https:\/\/uy1.passresto.com\/en\/wp-json\/wp\/v2\/pages\/9518\/revisions"}],"predecessor-version":[{"id":9842,"href":"https:\/\/uy1.passresto.com\/en\/wp-json\/wp\/v2\/pages\/9518\/revisions\/9842"}],"wp:featuredmedia":[{"embeddable":true,"href":"https:\/\/uy1.passresto.com\/en\/wp-json\/wp\/v2\/media\/10156"}],"wp:attachment":[{"href":"https:\/\/uy1.passresto.com\/en\/wp-json\/wp\/v2\/media?parent=9518"}],"curies":[{"name":"wp","href":"https:\/\/api.w.org\/{rel}","templated":true}]}}