{"id":9311,"date":"2026-02-28T15:13:57","date_gmt":"2026-02-28T14:13:57","guid":{"rendered":"https:\/\/uy1.passresto.com\/?page_id=9311"},"modified":"2026-03-10T16:28:04","modified_gmt":"2026-03-10T15:28:04","slug":"domaines-et-diplomes","status":"publish","type":"page","link":"https:\/\/uy1.passresto.com\/en\/domaines-et-diplomes\/","title":{"rendered":"Fields and Certificates"},"content":{"rendered":"<div data-elementor-type=\"wp-page\" data-elementor-id=\"9311\" class=\"elementor elementor-9311\">\n\t\t\t\t<div class=\"elementor-element elementor-element-a472917 e-flex e-con-boxed e-con e-parent\" data-id=\"a472917\" data-element_type=\"container\">\n\t\t\t\t\t<div class=\"e-con-inner\">\n\t\t\t\t<div class=\"elementor-element elementor-element-1b3d182 elementor-widget__width-auto elementor-widget-tablet__width-inherit elementor-widget elementor-widget-heading\" data-id=\"1b3d182\" data-element_type=\"widget\" data-widget_type=\"heading.default\">\n\t\t\t\t\t<h2 class=\"elementor-heading-title elementor-size-default\">Training Areas<\/h2>\t\t\t\t<\/div>\n\t\t\t\t<div class=\"elementor-element elementor-element-ddea467 elementor-widget elementor-widget-text-editor\" data-id=\"ddea467\" data-element_type=\"widget\" data-widget_type=\"text-editor.default\">\n\t\t\t\t\t\t\t\t\t<div><div>The University of Yaounde offers a multidisciplinary range of courses in the\nthree main fields listed below.<\/div><\/div>\t\t\t\t\t\t\t\t<\/div>\n\t\t\t\t\t<\/div>\n\t\t\t\t<\/div>\n\t\t<div class=\"elementor-element elementor-element-70d755f e-flex e-con-boxed e-con e-parent\" data-id=\"70d755f\" data-element_type=\"container\">\n\t\t\t\t\t<div class=\"e-con-inner\">\n\t\t\t\t<div class=\"elementor-element elementor-element-679a0e18 e-n-tabs-mobile elementor-widget elementor-widget-n-tabs\" data-id=\"679a0e18\" data-element_type=\"widget\" data-widget_type=\"nested-tabs.default\">\n\t\t\t\t\t\t\t<div class=\"e-n-tabs\" data-widget-number=\"1738149400\" aria-label=\"Onglets. Ouvrez des \u00e9l\u00e9ments avec Entrer ou Espace, fermez-les avec Echape et naviguez \u00e0 l&#039;aide des touches fl\u00e9ch\u00e9es.\">\n\t\t\t<div class=\"e-n-tabs-heading\" role=\"tablist\">\n\t\t\t\t\t<button id=\"e-n-tab-title-17381494001\" class=\"e-n-tab-title\" aria-selected=\"true\" data-tab-index=\"1\" role=\"tab\" tabindex=\"0\" aria-controls=\"e-n-tab-content-17381494001\" style=\"--n-tabs-title-order: 1;\">\n\t\t\t\t\t\t<span class=\"e-n-tab-title-text\">\n\t\t\t\t<br>Arts, Letters and Languages\t\t\t<\/span>\n\t\t<\/button>\n\t\t\t\t<button id=\"e-n-tab-title-17381494002\" class=\"e-n-tab-title\" aria-selected=\"false\" data-tab-index=\"2\" role=\"tab\" tabindex=\"-1\" aria-controls=\"e-n-tab-content-17381494002\" style=\"--n-tabs-title-order: 2;\">\n\t\t\t\t\t\t<span class=\"e-n-tab-title-text\">\n\t\t\t\t<br>Human and Social Sciences\u00a0\t\t\t<\/span>\n\t\t<\/button>\n\t\t\t\t<button id=\"e-n-tab-title-17381494003\" class=\"e-n-tab-title\" aria-selected=\"false\" data-tab-index=\"3\" role=\"tab\" tabindex=\"-1\" aria-controls=\"e-n-tab-content-17381494003\" style=\"--n-tabs-title-order: 3;\">\n\t\t\t\t\t\t<span class=\"e-n-tab-title-text\">\n\t\t\t\tScience, Technology, Engineering, Medicine and Health\t\t\t<\/span>\n\t\t<\/button>\n\t\t\t\t\t<\/div>\n\t\t\t<div class=\"e-n-tabs-content\">\n\t\t\t\t<div id=\"e-n-tab-content-17381494001\" role=\"tabpanel\" aria-labelledby=\"e-n-tab-title-17381494001\" data-tab-index=\"1\" style=\"--n-tabs-title-order: 1;\" class=\"e-active elementor-element elementor-element-6f084470 e-con-full e-flex e-con e-child\" data-id=\"6f084470\" data-element_type=\"container\">\n\t\t\t\t<div class=\"elementor-element elementor-element-62eb3733 elementor-widget elementor-widget-text-editor\" data-id=\"62eb3733\" data-element_type=\"widget\" data-widget_type=\"text-editor.default\">\n\t\t\t\t\t\t\t\t\t<div><div>The Arts, Letters and Languages department offers a rich and diversified\nprogramme of study focused on understanding cultures, societies and human\nexpression. It seeks to develop students\u2019 skills in communication, critical\nanalysis, research and inter-cultural awareness.<\/div><div>It encompasses a number of disciplines, including Languages (English,\nGerman, Spanish), Anthropology, Arts and Archaeology, Geography, History,\nLinguistics, Philosophy, Sociology, Psychology, Modern Letters, as well as\nTourism and Hospitality, thereby offering a wide range of academic and career\npaths.<\/div><\/div>\t\t\t\t\t\t\t\t<\/div>\n\t\t\t\t<\/div>\n\t\t<div id=\"e-n-tab-content-17381494002\" role=\"tabpanel\" aria-labelledby=\"e-n-tab-title-17381494002\" data-tab-index=\"2\" style=\"--n-tabs-title-order: 2;\" class=\"elementor-element elementor-element-4cefd1e1 e-con-full e-flex e-con e-child\" data-id=\"4cefd1e1\" data-element_type=\"container\">\n\t\t\t\t<div class=\"elementor-element elementor-element-234d555 elementor-widget elementor-widget-text-editor\" data-id=\"234d555\" data-element_type=\"widget\" data-widget_type=\"text-editor.default\">\n\t\t\t\t\t\t\t\t\t<div><div>The Human and Social Sciences department trains specialists capable of\nanalysing, understanding and supporting social, educational, economic and\npolitical dynamics. It develops skills in research, social work, management and\nsupport for organizations and communities.<\/div><\/div><div>It includes Educational Sciences (Educational Administration, Educational\nCounselling, Special Needs Education), Sociology, Psychology, Anthropology,\nGeography, History and Philosophy.<\/div>\t\t\t\t\t\t\t\t<\/div>\n\t\t\t\t<\/div>\n\t\t<div id=\"e-n-tab-content-17381494003\" role=\"tabpanel\" aria-labelledby=\"e-n-tab-title-17381494003\" data-tab-index=\"3\" style=\"--n-tabs-title-order: 3;\" class=\"elementor-element elementor-element-1bbe80bc e-con-full e-flex e-con e-child\" data-id=\"1bbe80bc\" data-element_type=\"container\">\n\t\t\t\t<div class=\"elementor-element elementor-element-7eeda822 elementor-widget elementor-widget-text-editor\" data-id=\"7eeda822\" data-element_type=\"widget\" data-widget_type=\"text-editor.default\">\n\t\t\t\t\t\t\t\t\t<p>This field offers programmes focused on scientific research, technological\ninnovation and the development of strategic professional skills.<\/p><p>It comprises the Faculty of Science (FS), covering the fundamental disciplines\n(Mathematics, Computer Science, Physics, Chemistry, Biology, Earth\nSciences); the Faculty of Medicine and Biomedical Sciences (FMBS); as well\nas institutions of higher learning and specialized institutes such as the National\nAdvanced Polytechnic School Yaounde (NAPSY), the Advanced Teachers\nTraining College (ENS) and the University Institute of Wood Technology (IUT-\nBois), which train engineers, teachers and technical experts.<\/p>\t\t\t\t\t\t\t\t<\/div>\n\t\t\t\t<\/div>\n\t\t\t\t\t<\/div>\n\t\t<\/div>\n\t\t\t\t\t\t<\/div>\n\t\t\t\t\t<\/div>\n\t\t\t\t<\/div>\n\t\t<div class=\"elementor-element elementor-element-77e26bb e-flex e-con-boxed e-con e-parent\" data-id=\"77e26bb\" data-element_type=\"container\">\n\t\t\t\t\t<div class=\"e-con-inner\">\n\t\t\t\t<div class=\"elementor-element elementor-element-93d753c elementor-widget__width-auto elementor-widget-tablet__width-inherit elementor-widget elementor-widget-heading\" data-id=\"93d753c\" data-element_type=\"widget\" data-widget_type=\"heading.default\">\n\t\t\t\t\t<h2 class=\"elementor-heading-title elementor-size-default\">Certificates issued<\/h2>\t\t\t\t<\/div>\n\t\t\t\t<div class=\"elementor-element elementor-element-2c975b1 elementor-widget elementor-widget-text-editor\" data-id=\"2c975b1\" data-element_type=\"widget\" data-widget_type=\"text-editor.default\">\n\t\t\t\t\t\t\t\t\t<div><ul><li>\u00a0Bachelor\u2019s degree;<\/li><li>Dipl\u00f4me Universitaires de Technologie (DUT) [university-level degree in\ntechnology];<\/li><li>Professional Bachelor\u2019s degree;<\/li><li>Master\u2019s degree;<\/li><li>Professional Master\u2019s degree;<\/li><li>DIPES I, DIPES II, DIPEN I, DIPEN II, DIPCO;<\/li><li>Engineering degree;<\/li><li>Medical Doctor;<\/li><li>PhD;<\/li><li>Senior Technician.<\/li><\/ul><\/div>\t\t\t\t\t\t\t\t<\/div>\n\t\t\t\t\t<\/div>\n\t\t\t\t<\/div>\n\t\t\t\t<\/div>","protected":false},"excerpt":{"rendered":"<p>Domaines de formation L\u2019Universit\u00e9 de Yaound\u00e9 propose une offre de formation pluridisciplinaire dans 3 grands domaines list\u00e9s ci-dessous. Arts, lettres et langues Sciences humaines et sociales\u00a0 Sciences, technologies, ing\u00e9nierie, m\u00e9decine et sant\u00e9 Le domaine Arts, Lettres et Langues offre une formation riche et diversifi\u00e9e centr\u00e9e sur la compr\u00e9hension des cultures, des soci\u00e9t\u00e9s et des expressions\u2026 <a class=\"more-link\" href=\"https:\/\/uy1.passresto.com\/en\/domaines-et-diplomes\/\">Read more<\/a><\/p>","protected":false},"author":1,"featured_media":10160,"parent":0,"menu_order":0,"comment_status":"closed","ping_status":"closed","template":"elementor_header_footer","meta":{"give_campaign_id":0,"footnotes":""},"class_list":["post-9311","page","type-page","status-publish","has-post-thumbnail","hentry"],"campaignId":"","_links":{"self":[{"href":"https:\/\/uy1.passresto.com\/en\/wp-json\/wp\/v2\/pages\/9311","targetHints":{"allow":["GET"]}}],"collection":[{"href":"https:\/\/uy1.passresto.com\/en\/wp-json\/wp\/v2\/pages"}],"about":[{"href":"https:\/\/uy1.passresto.com\/en\/wp-json\/wp\/v2\/types\/page"}],"author":[{"embeddable":true,"href":"https:\/\/uy1.passresto.com\/en\/wp-json\/wp\/v2\/users\/1"}],"replies":[{"embeddable":true,"href":"https:\/\/uy1.passresto.com\/en\/wp-json\/wp\/v2\/comments?post=9311"}],"version-history":[{"count":70,"href":"https:\/\/uy1.passresto.com\/en\/wp-json\/wp\/v2\/pages\/9311\/revisions"}],"predecessor-version":[{"id":9422,"href":"https:\/\/uy1.passresto.com\/en\/wp-json\/wp\/v2\/pages\/9311\/revisions\/9422"}],"wp:featuredmedia":[{"embeddable":true,"href":"https:\/\/uy1.passresto.com\/en\/wp-json\/wp\/v2\/media\/10160"}],"wp:attachment":[{"href":"https:\/\/uy1.passresto.com\/en\/wp-json\/wp\/v2\/media?parent=9311"}],"curies":[{"name":"wp","href":"https:\/\/api.w.org\/{rel}","templated":true}]}}