{"id":8768,"date":"2026-02-21T21:12:15","date_gmt":"2026-02-21T20:12:15","guid":{"rendered":"https:\/\/uy1.passresto.com\/?page_id=8768"},"modified":"2026-04-24T10:40:44","modified_gmt":"2026-04-24T08:40:44","slug":"annuaires-formations","status":"publish","type":"page","link":"https:\/\/uy1.passresto.com\/en\/annuaires-formations\/","title":{"rendered":"Annuaires Formations"},"content":{"rendered":"<div data-elementor-type=\"wp-page\" data-elementor-id=\"8768\" class=\"elementor elementor-8768\">\n\t\t\t\t<div class=\"elementor-element elementor-element-6c04595 e-flex e-con-boxed e-con e-parent\" data-id=\"6c04595\" data-element_type=\"container\">\n\t\t\t\t\t<div class=\"e-con-inner\">\n\t\t\t\t<div class=\"elementor-element elementor-element-b63661c elementor-widget elementor-widget-text-editor\" data-id=\"b63661c\" data-element_type=\"widget\" data-widget_type=\"text-editor.default\">\n\t\t\t\t\t\t\t\t\t<div><div>Situ\u00e9e au c\u0153ur de la capitale du Cameroun, l&rsquo;Universit\u00e9 de Yaound\u00e9 I (UYI) allie tradition et innovation pour offrir un enseignement de qualit\u00e9 et une recherche de pointe. Avec une large gamme de programmes acad\u00e9miques et une forte dimension humaine, l&rsquo;UYI pr\u00e9pare ses \u00e9tudiants \u00e0 un avenir prometteur.<\/div><ul><li><strong>Futur \u00e9tudiants Bachelier<\/strong><\/li><li><strong>Futur \u00e9tudiant en Master<\/strong><\/li><li><strong>Doctorant ou futur doctorant<\/strong><\/li><li><strong>Futur \u00e9tudiant international<\/strong><\/li><li><strong>Adulte en reprise d\u2019\u00e9tudes<\/strong><\/li><li><strong>Parent d\u2019\u00e9tudiant<\/strong><\/li><\/ul><\/div>\t\t\t\t\t\t\t\t<\/div>\n\t\t\t\t<div class=\"elementor-element elementor-element-9c7c8b0 elementor-widget elementor-widget-text-editor\" data-id=\"9c7c8b0\" data-element_type=\"widget\" data-widget_type=\"text-editor.default\">\n\t\t\t\t\t\t\t\t\t<div><div>Vous trouverez une multitude de ressources utiles pour vous aider dans votre processus d\u2019orientation et d&rsquo;inscription. Vous pourrez aussi y d\u00e9couvrir les programmes d&rsquo;\u00e9tudes de bachelier, Master, etc., en apprendre davantage sur la vie sur le campus et explorer les nombreuses opportunit\u00e9s qui s&rsquo;offrent \u00e0 vous en tant qu&rsquo;\u00e9tudiant de l&rsquo;UYI.<\/div><div>\u00a0<\/div><div>Vous trouverez \u00e9galement des informations sur la vie du campus et les nombreuses opportunit\u00e9s qui s&rsquo;offrent \u00e0 vous en tant qu&rsquo;\u00e9tudiant de l&rsquo;UYI.<\/div><div>\u00a0<\/div><div><strong>D\u00e9couvrez l\u2019Annuaire de Formations des Facult\u00e9s, Grandes \u00e9coles et Instituts<\/strong><\/div><div><a href=\"https:\/\/uy1.passresto.com\/en\/falsh\/\">(FALSS)<\/a><\/div><div><a href=\"https:\/\/facsciences.uy1.cm\/\">FS<\/a><\/div><div><a href=\"https:\/\/www.fse-uy1.cm\/\">FSE<\/a><\/div><div><a href=\"https:\/\/fmsb.uninet.cm\/\">FMBS<\/a><\/div><div><a href=\"https:\/\/www.ens-yde.cm\/\">HTTC<\/a><\/div><div><a href=\"https:\/\/polytechnique.cm\/\">NAPSY<\/a><\/div><div><a href=\"https:\/\/uy1.passresto.com\/en\/iut-bois\/\">UIT-Wood<\/a><\/div><\/div>\t\t\t\t\t\t\t\t<\/div>\n\t\t\t\t\t<\/div>\n\t\t\t\t<\/div>\n\t\t\t\t<\/div>","protected":false},"excerpt":{"rendered":"<p>Situ\u00e9e au c\u0153ur de la capitale du Cameroun, l&rsquo;Universit\u00e9 de Yaound\u00e9 I (UYI) allie tradition et innovation pour offrir un enseignement de qualit\u00e9 et une recherche de pointe. Avec une large gamme de programmes acad\u00e9miques et une forte dimension humaine, l&rsquo;UYI pr\u00e9pare ses \u00e9tudiants \u00e0 un avenir prometteur. Futur \u00e9tudiants Bachelier Futur \u00e9tudiant en Master\u2026 <a class=\"more-link\" href=\"https:\/\/uy1.passresto.com\/en\/annuaires-formations\/\">Read more<\/a><\/p>","protected":false},"author":1,"featured_media":10160,"parent":0,"menu_order":0,"comment_status":"closed","ping_status":"closed","template":"elementor_header_footer","meta":{"give_campaign_id":0,"footnotes":""},"class_list":["post-8768","page","type-page","status-publish","has-post-thumbnail","hentry"],"campaignId":"","_links":{"self":[{"href":"https:\/\/uy1.passresto.com\/en\/wp-json\/wp\/v2\/pages\/8768","targetHints":{"allow":["GET"]}}],"collection":[{"href":"https:\/\/uy1.passresto.com\/en\/wp-json\/wp\/v2\/pages"}],"about":[{"href":"https:\/\/uy1.passresto.com\/en\/wp-json\/wp\/v2\/types\/page"}],"author":[{"embeddable":true,"href":"https:\/\/uy1.passresto.com\/en\/wp-json\/wp\/v2\/users\/1"}],"replies":[{"embeddable":true,"href":"https:\/\/uy1.passresto.com\/en\/wp-json\/wp\/v2\/comments?post=8768"}],"version-history":[{"count":34,"href":"https:\/\/uy1.passresto.com\/en\/wp-json\/wp\/v2\/pages\/8768\/revisions"}],"predecessor-version":[{"id":11720,"href":"https:\/\/uy1.passresto.com\/en\/wp-json\/wp\/v2\/pages\/8768\/revisions\/11720"}],"wp:featuredmedia":[{"embeddable":true,"href":"https:\/\/uy1.passresto.com\/en\/wp-json\/wp\/v2\/media\/10160"}],"wp:attachment":[{"href":"https:\/\/uy1.passresto.com\/en\/wp-json\/wp\/v2\/media?parent=8768"}],"curies":[{"name":"wp","href":"https:\/\/api.w.org\/{rel}","templated":true}]}}