{"id":8245,"date":"2025-11-03T16:25:39","date_gmt":"2025-11-03T15:25:39","guid":{"rendered":"https:\/\/uy1.passresto.com\/?page_id=8245"},"modified":"2026-04-27T11:06:18","modified_gmt":"2026-04-27T09:06:18","slug":"environnement-immediat-de-luyi","status":"publish","type":"page","link":"https:\/\/uy1.passresto.com\/en\/environnement-immediat-de-luyi\/","title":{"rendered":"Surrounding environment of the UYI"},"content":{"rendered":"<div data-elementor-type=\"wp-page\" data-elementor-id=\"8245\" class=\"elementor elementor-8245\">\n\t\t\t\t\t\t<section class=\"elementor-section elementor-top-section elementor-element elementor-element-fc6ddf8 elementor-section-boxed elementor-section-height-default elementor-section-height-default\" data-id=\"fc6ddf8\" data-element_type=\"section\">\n\t\t\t\t\t\t<div class=\"elementor-container elementor-column-gap-default\">\n\t\t\t\t\t<div class=\"elementor-column elementor-col-100 elementor-top-column elementor-element elementor-element-eb63eeb\" data-id=\"eb63eeb\" data-element_type=\"column\">\n\t\t\t<div class=\"elementor-widget-wrap elementor-element-populated\">\n\t\t\t\t\t\t<div class=\"elementor-element elementor-element-f47bbb0 elementor-widget elementor-widget-text-editor\" data-id=\"f47bbb0\" data-element_type=\"widget\" data-widget_type=\"text-editor.default\">\n\t\t\t\t\t\t\t\t\t<div><div>The University of Yaound\u00e9 I (UYI) is located in the city of Yaound\u00e9, the political capital of Cameroon, in the Ngoa-Ek\u00e9l\u00e9 neighborhood. It is a highly secure neighborhood.<\/div><div>\u00a0<\/div><div><strong>Ngoa-Ek\u00e9l\u00e9<\/strong>\u00a0is a neighborhood in the Yaound\u00e9 III district. It borders the neighborhoods of Olezoa to the south, Mvoly\u00e9 to the west, and Melen to the north. To the east, it is separated from the Administrative Center by the Valley of Death, also known as Nkol Nguet. The neighborhood is built on a ridge that rises to 793 meters; this is the Atemengue Plateau. The population of Ngoa-Ek\u00e9l\u00e9 is predominantly student-based. With students coming from all ten regions of Cameroon, the neighborhood\u2019s population is cosmopolitan. Ngoa-Ek\u00e9l\u00e9 is at once a student, political, and military neighborhood.<\/div><div>\u00a0<\/div><div>1- Political Institution<\/div><div>The headquarters of Cameroon\u2019s National Assembly is located in Ngoa-Ek\u00e9l\u00e9. The Monument to the Reunification of Cameroon is also located there.<\/div><div>\u00a0<\/div><div>2- Military Institution<\/div><div>Headquarters Brigade<\/div><div>\u00a0<\/div><div>3- Healthcare Infrastructure<\/div><div>The Atemengue Plateau is home to:<\/div><ul><li>Yaound\u00e9 University Hospital (CHUY);<\/li><li>Chantal BIYA International Reference Center (CIRCB).<\/li><\/ul><div>\u00a0<\/div><div>4- Educational Infrastructure<\/div><div>Ngoa-Ek\u00e9l\u00e9 is home to numerous schools and universities:<\/div><ul><li>Departmental elementary school;<\/li><li>Mobile Gendarmerie elementary school;<\/li><li>Public preschool and elementary schools in the Atemengue Plateau;<\/li><li>Ngoa-Ek\u00e9l\u00e9 High School;<\/li><li>CETIC of Ngoa-Ek\u00e9l\u00e9;<\/li><li><a href=\"https:\/\/fr.wikipedia.org\/wiki\/Lyc%C3%A9e_G%C3%A9n%C3%A9ral-Leclerc_(Yaound%C3%A9)\">Lyc\u00e9e G\u00e9n\u00e9ral Leclerc;<\/a>\u00a0;<\/li><li><a href=\"https:\/\/fr.wikipedia.org\/wiki\/Institut_national_de_la_jeunesse_et_des_sports\">National Institute of Youth and Sports (INJS);<\/a>\u00a0;<\/li><li>National Higher School of Post, Telecommunications, and Information and Communication Technologies (SUP\u2019PTIC);<\/li><li><a href=\"https:\/\/fr.wikipedia.org\/wiki\/%C3%89cole_sup%C3%A9rieure_des_sciences_et_techniques_de_l%27information_et_de_communication_de_Yaound%C3%A9\">Higher School of Information and Communication Sciences and Technologies (ESSTIC) on the UYI campus.<\/a> au sein du campus de l\u2019UYI.<\/li><\/ul><\/div>\t\t\t\t\t\t\t\t<\/div>\n\t\t\t\t\t<\/div>\n\t\t<\/div>\n\t\t\t\t\t<\/div>\n\t\t<\/section>\n\t\t<div class=\"elementor-element elementor-element-706af1c e-flex e-con-boxed e-con e-parent\" data-id=\"706af1c\" data-element_type=\"container\">\n\t\t\t\t\t<div class=\"e-con-inner\">\n\t\t<div class=\"elementor-element elementor-element-1f5d607 e-con-full e-flex e-con e-child\" data-id=\"1f5d607\" data-element_type=\"container\">\n\t\t\t\t<div class=\"elementor-element elementor-element-7d70c8e elementor-widget elementor-widget-image\" data-id=\"7d70c8e\" data-element_type=\"widget\" data-widget_type=\"image.default\">\n\t\t\t\t\t\t\t\t\t\t\t\t\t\t\t<img fetchpriority=\"high\" decoding=\"async\" width=\"1024\" height=\"683\" src=\"https:\/\/uy1.passresto.com\/wp-content\/uploads\/2026\/04\/de1-1024x683.jpg\" class=\"attachment-large size-large wp-image-11822\" alt=\"\" srcset=\"https:\/\/uy1.passresto.com\/wp-content\/uploads\/2026\/04\/de1-1024x683.jpg 1024w, https:\/\/uy1.passresto.com\/wp-content\/uploads\/2026\/04\/de1-300x200.jpg 300w, https:\/\/uy1.passresto.com\/wp-content\/uploads\/2026\/04\/de1-768x512.jpg 768w, https:\/\/uy1.passresto.com\/wp-content\/uploads\/2026\/04\/de1-18x12.jpg 18w, https:\/\/uy1.passresto.com\/wp-content\/uploads\/2026\/04\/de1-600x400.jpg 600w, https:\/\/uy1.passresto.com\/wp-content\/uploads\/2026\/04\/de1-560x373.jpg 560w, https:\/\/uy1.passresto.com\/wp-content\/uploads\/2026\/04\/de1.jpg 1386w\" sizes=\"(max-width: 1024px) 100vw, 1024px\" \/>\t\t\t\t\t\t\t\t\t\t\t\t\t\t\t<\/div>\n\t\t\t\t<\/div>\n\t\t<div class=\"elementor-element elementor-element-c180c75 e-con-full e-flex e-con e-child\" data-id=\"c180c75\" data-element_type=\"container\">\n\t\t\t\t<div class=\"elementor-element elementor-element-10da0ca elementor-widget elementor-widget-image\" data-id=\"10da0ca\" data-element_type=\"widget\" data-widget_type=\"image.default\">\n\t\t\t\t\t\t\t\t\t\t\t\t\t\t\t<img decoding=\"async\" width=\"1024\" height=\"683\" src=\"https:\/\/uy1.passresto.com\/wp-content\/uploads\/2026\/04\/de2-1024x683.jpg\" class=\"attachment-large size-large wp-image-11823\" alt=\"\" srcset=\"https:\/\/uy1.passresto.com\/wp-content\/uploads\/2026\/04\/de2-1024x683.jpg 1024w, https:\/\/uy1.passresto.com\/wp-content\/uploads\/2026\/04\/de2-300x200.jpg 300w, https:\/\/uy1.passresto.com\/wp-content\/uploads\/2026\/04\/de2-768x512.jpg 768w, https:\/\/uy1.passresto.com\/wp-content\/uploads\/2026\/04\/de2-18x12.jpg 18w, https:\/\/uy1.passresto.com\/wp-content\/uploads\/2026\/04\/de2-600x400.jpg 600w, https:\/\/uy1.passresto.com\/wp-content\/uploads\/2026\/04\/de2-560x373.jpg 560w, https:\/\/uy1.passresto.com\/wp-content\/uploads\/2026\/04\/de2.jpg 1386w\" sizes=\"(max-width: 1024px) 100vw, 1024px\" \/>\t\t\t\t\t\t\t\t\t\t\t\t\t\t\t<\/div>\n\t\t\t\t<\/div>\n\t\t\t\t\t<\/div>\n\t\t\t\t<\/div>\n\t\t<div class=\"elementor-element elementor-element-b6f63b2 e-flex e-con-boxed e-con e-parent\" data-id=\"b6f63b2\" data-element_type=\"container\">\n\t\t\t\t\t<div class=\"e-con-inner\">\n\t\t<div class=\"elementor-element elementor-element-e285a7e e-con-full e-flex e-con e-child\" data-id=\"e285a7e\" data-element_type=\"container\">\n\t\t\t\t<div class=\"elementor-element elementor-element-789df65 elementor-widget elementor-widget-image\" data-id=\"789df65\" data-element_type=\"widget\" data-widget_type=\"image.default\">\n\t\t\t\t\t\t\t\t\t\t\t\t\t\t\t<img decoding=\"async\" width=\"1024\" height=\"683\" src=\"https:\/\/uy1.passresto.com\/wp-content\/uploads\/2026\/04\/de3-1024x683.jpg\" class=\"attachment-large size-large wp-image-11824\" alt=\"\" srcset=\"https:\/\/uy1.passresto.com\/wp-content\/uploads\/2026\/04\/de3-1024x683.jpg 1024w, https:\/\/uy1.passresto.com\/wp-content\/uploads\/2026\/04\/de3-300x200.jpg 300w, https:\/\/uy1.passresto.com\/wp-content\/uploads\/2026\/04\/de3-768x512.jpg 768w, https:\/\/uy1.passresto.com\/wp-content\/uploads\/2026\/04\/de3-18x12.jpg 18w, https:\/\/uy1.passresto.com\/wp-content\/uploads\/2026\/04\/de3-600x400.jpg 600w, https:\/\/uy1.passresto.com\/wp-content\/uploads\/2026\/04\/de3-560x373.jpg 560w, https:\/\/uy1.passresto.com\/wp-content\/uploads\/2026\/04\/de3.jpg 1386w\" sizes=\"(max-width: 1024px) 100vw, 1024px\" \/>\t\t\t\t\t\t\t\t\t\t\t\t\t\t\t<\/div>\n\t\t\t\t<\/div>\n\t\t<div class=\"elementor-element elementor-element-a734ae7 e-con-full e-flex e-con e-child\" data-id=\"a734ae7\" data-element_type=\"container\">\n\t\t\t\t<div class=\"elementor-element elementor-element-2aa327e elementor-widget elementor-widget-image\" data-id=\"2aa327e\" data-element_type=\"widget\" data-widget_type=\"image.default\">\n\t\t\t\t\t\t\t\t\t\t\t\t\t\t\t<img loading=\"lazy\" decoding=\"async\" width=\"1024\" height=\"683\" src=\"https:\/\/uy1.passresto.com\/wp-content\/uploads\/2026\/04\/de4-1024x683.jpg\" class=\"attachment-large size-large wp-image-11825\" alt=\"\" srcset=\"https:\/\/uy1.passresto.com\/wp-content\/uploads\/2026\/04\/de4-1024x683.jpg 1024w, https:\/\/uy1.passresto.com\/wp-content\/uploads\/2026\/04\/de4-300x200.jpg 300w, https:\/\/uy1.passresto.com\/wp-content\/uploads\/2026\/04\/de4-768x512.jpg 768w, https:\/\/uy1.passresto.com\/wp-content\/uploads\/2026\/04\/de4-18x12.jpg 18w, https:\/\/uy1.passresto.com\/wp-content\/uploads\/2026\/04\/de4-600x400.jpg 600w, https:\/\/uy1.passresto.com\/wp-content\/uploads\/2026\/04\/de4-560x373.jpg 560w, https:\/\/uy1.passresto.com\/wp-content\/uploads\/2026\/04\/de4.jpg 1386w\" sizes=\"(max-width: 1024px) 100vw, 1024px\" \/>\t\t\t\t\t\t\t\t\t\t\t\t\t\t\t<\/div>\n\t\t\t\t<\/div>\n\t\t\t\t\t<\/div>\n\t\t\t\t<\/div>\n\t\t\t\t<\/div>","protected":false},"excerpt":{"rendered":"<p>L\u2019Universit\u00e9 de Yaound\u00e9 I (UYI) est situ\u00e9e dans la ville de\u00a0Yaound\u00e9, la capitale politique du\u00a0Cameroun, dans le quartier Ngoa-Ek\u00e9l\u00e9. Un quartier fortement s\u00e9curis\u00e9.\u00a0Ngoa-Ek\u00e9l\u00e9\u00a0est un quartier de l\u2019arrondissement de Yaound\u00e9\u00a0III. Il est limitrophe des quartiers\u00a0Olezoa\u00a0au Sud,\u00a0Mvoly\u00e9\u00a0\u00e0 l\u2019Ouest et Melen au Nord. Il est s\u00e9par\u00e9 \u00e0 l\u2019Est du Centre administratif par la vall\u00e9e de la mort ou\u00a0Nkol\u2026 <a class=\"more-link\" href=\"https:\/\/uy1.passresto.com\/en\/environnement-immediat-de-luyi\/\">Read more<\/a><\/p>","protected":false},"author":1,"featured_media":10160,"parent":0,"menu_order":0,"comment_status":"closed","ping_status":"closed","template":"elementor_header_footer","meta":{"give_campaign_id":0,"footnotes":""},"class_list":["post-8245","page","type-page","status-publish","has-post-thumbnail","hentry"],"campaignId":"","_links":{"self":[{"href":"https:\/\/uy1.passresto.com\/en\/wp-json\/wp\/v2\/pages\/8245","targetHints":{"allow":["GET"]}}],"collection":[{"href":"https:\/\/uy1.passresto.com\/en\/wp-json\/wp\/v2\/pages"}],"about":[{"href":"https:\/\/uy1.passresto.com\/en\/wp-json\/wp\/v2\/types\/page"}],"author":[{"embeddable":true,"href":"https:\/\/uy1.passresto.com\/en\/wp-json\/wp\/v2\/users\/1"}],"replies":[{"embeddable":true,"href":"https:\/\/uy1.passresto.com\/en\/wp-json\/wp\/v2\/comments?post=8245"}],"version-history":[{"count":28,"href":"https:\/\/uy1.passresto.com\/en\/wp-json\/wp\/v2\/pages\/8245\/revisions"}],"predecessor-version":[{"id":11831,"href":"https:\/\/uy1.passresto.com\/en\/wp-json\/wp\/v2\/pages\/8245\/revisions\/11831"}],"wp:featuredmedia":[{"embeddable":true,"href":"https:\/\/uy1.passresto.com\/en\/wp-json\/wp\/v2\/media\/10160"}],"wp:attachment":[{"href":"https:\/\/uy1.passresto.com\/en\/wp-json\/wp\/v2\/media?parent=8245"}],"curies":[{"name":"wp","href":"https:\/\/api.w.org\/{rel}","templated":true}]}}