{"id":8232,"date":"2025-11-03T16:03:13","date_gmt":"2025-11-03T15:03:13","guid":{"rendered":"https:\/\/uy1.passresto.com\/?page_id=8232"},"modified":"2026-04-26T20:34:33","modified_gmt":"2026-04-26T18:34:33","slug":"une-universite-durable","status":"publish","type":"page","link":"https:\/\/uy1.passresto.com\/en\/une-universite-durable\/","title":{"rendered":"A Sustainable University"},"content":{"rendered":"<div data-elementor-type=\"wp-page\" data-elementor-id=\"8232\" class=\"elementor elementor-8232\">\n\t\t\t\t<div class=\"elementor-element elementor-element-b376dfd e-flex e-con-boxed e-con e-parent\" data-id=\"b376dfd\" data-element_type=\"container\">\n\t\t\t\t\t<div class=\"e-con-inner\">\n\t\t\t\t<div class=\"elementor-element elementor-element-1b8dbf1 elementor-widget elementor-widget-text-editor\" data-id=\"1b8dbf1\" data-element_type=\"widget\" data-widget_type=\"text-editor.default\">\n\t\t\t\t\t\t\t\t\t<div><div>The University of Yaound\u00e9 I (UYI) integrates ecological, social, and economic principles into its administration, teaching, and research. It aims to reduce its environmental footprint, educate responsible citizens, and achieve the United Nations Sustainable Development Goals (SDGs).\u00a0<\/div><div>At UYI, we respect nature. Every action counts when it comes to protecting our environment. Together, let\u2019s continue to make the campus a clean, green, and sustainable place.<\/div><\/div>\t\t\t\t\t\t\t\t<\/div>\n\t\t\t\t\t<\/div>\n\t\t\t\t<\/div>\n\t\t<div class=\"elementor-element elementor-element-4ffdbf4 e-flex e-con-boxed e-con e-parent\" data-id=\"4ffdbf4\" data-element_type=\"container\">\n\t\t\t\t\t<div class=\"e-con-inner\">\n\t\t<div class=\"elementor-element elementor-element-31c5342 e-con-full e-flex e-con e-child\" data-id=\"31c5342\" data-element_type=\"container\">\n\t\t\t\t<div class=\"elementor-element elementor-element-04a7575 elementor-widget elementor-widget-image\" data-id=\"04a7575\" data-element_type=\"widget\" data-widget_type=\"image.default\">\n\t\t\t\t\t\t\t\t\t\t\t\t\t\t\t<img fetchpriority=\"high\" decoding=\"async\" width=\"1024\" height=\"683\" src=\"https:\/\/uy1.passresto.com\/wp-content\/uploads\/2026\/04\/ud1-1024x683.jpg\" class=\"attachment-large size-large wp-image-11748\" alt=\"\" srcset=\"https:\/\/uy1.passresto.com\/wp-content\/uploads\/2026\/04\/ud1-1024x683.jpg 1024w, https:\/\/uy1.passresto.com\/wp-content\/uploads\/2026\/04\/ud1-300x200.jpg 300w, https:\/\/uy1.passresto.com\/wp-content\/uploads\/2026\/04\/ud1-768x512.jpg 768w, https:\/\/uy1.passresto.com\/wp-content\/uploads\/2026\/04\/ud1-18x12.jpg 18w, https:\/\/uy1.passresto.com\/wp-content\/uploads\/2026\/04\/ud1-600x400.jpg 600w, https:\/\/uy1.passresto.com\/wp-content\/uploads\/2026\/04\/ud1-560x373.jpg 560w, https:\/\/uy1.passresto.com\/wp-content\/uploads\/2026\/04\/ud1.jpg 1386w\" sizes=\"(max-width: 1024px) 100vw, 1024px\" \/>\t\t\t\t\t\t\t\t\t\t\t\t\t\t\t<\/div>\n\t\t\t\t<\/div>\n\t\t<div class=\"elementor-element elementor-element-abed19a e-con-full e-flex e-con e-child\" data-id=\"abed19a\" data-element_type=\"container\">\n\t\t\t\t<div class=\"elementor-element elementor-element-3fb8153 elementor-widget elementor-widget-image\" data-id=\"3fb8153\" data-element_type=\"widget\" data-widget_type=\"image.default\">\n\t\t\t\t\t\t\t\t\t\t\t\t\t\t\t<img decoding=\"async\" width=\"1024\" height=\"683\" src=\"https:\/\/uy1.passresto.com\/wp-content\/uploads\/2026\/04\/ud2-1024x683.jpg\" class=\"attachment-large size-large wp-image-11749\" alt=\"\" srcset=\"https:\/\/uy1.passresto.com\/wp-content\/uploads\/2026\/04\/ud2-1024x683.jpg 1024w, https:\/\/uy1.passresto.com\/wp-content\/uploads\/2026\/04\/ud2-300x200.jpg 300w, https:\/\/uy1.passresto.com\/wp-content\/uploads\/2026\/04\/ud2-768x512.jpg 768w, https:\/\/uy1.passresto.com\/wp-content\/uploads\/2026\/04\/ud2-18x12.jpg 18w, https:\/\/uy1.passresto.com\/wp-content\/uploads\/2026\/04\/ud2-600x400.jpg 600w, https:\/\/uy1.passresto.com\/wp-content\/uploads\/2026\/04\/ud2-560x373.jpg 560w, https:\/\/uy1.passresto.com\/wp-content\/uploads\/2026\/04\/ud2.jpg 1386w\" sizes=\"(max-width: 1024px) 100vw, 1024px\" \/>\t\t\t\t\t\t\t\t\t\t\t\t\t\t\t<\/div>\n\t\t\t\t<\/div>\n\t\t\t\t\t<\/div>\n\t\t\t\t<\/div>\n\t\t\t\t<\/div>","protected":false},"excerpt":{"rendered":"<p>L\u2019Universit\u00e9 de Yaound\u00e9 I (UYI) int\u00e8gre les principes \u00e9cologiques, sociaux et \u00e9conomiques dans sa gestion, son enseignement et sa recherche. Elle vise \u00e0 r\u00e9duire son empreinte environnementale, former des citoyens responsables et atteindre les Objectifs de D\u00e9veloppement Durable (ODD) de l&rsquo;Organisation des Nations Unies.\u00a0\u00c0 l\u2019UYI, nous respectons la Nature. Chaque geste compte pour pr\u00e9server notre\u2026 <a class=\"more-link\" href=\"https:\/\/uy1.passresto.com\/en\/une-universite-durable\/\">Read more<\/a><\/p>","protected":false},"author":1,"featured_media":10160,"parent":0,"menu_order":0,"comment_status":"closed","ping_status":"closed","template":"elementor_header_footer","meta":{"give_campaign_id":0,"footnotes":""},"class_list":["post-8232","page","type-page","status-publish","has-post-thumbnail","hentry"],"campaignId":"","_links":{"self":[{"href":"https:\/\/uy1.passresto.com\/en\/wp-json\/wp\/v2\/pages\/8232","targetHints":{"allow":["GET"]}}],"collection":[{"href":"https:\/\/uy1.passresto.com\/en\/wp-json\/wp\/v2\/pages"}],"about":[{"href":"https:\/\/uy1.passresto.com\/en\/wp-json\/wp\/v2\/types\/page"}],"author":[{"embeddable":true,"href":"https:\/\/uy1.passresto.com\/en\/wp-json\/wp\/v2\/users\/1"}],"replies":[{"embeddable":true,"href":"https:\/\/uy1.passresto.com\/en\/wp-json\/wp\/v2\/comments?post=8232"}],"version-history":[{"count":19,"href":"https:\/\/uy1.passresto.com\/en\/wp-json\/wp\/v2\/pages\/8232\/revisions"}],"predecessor-version":[{"id":11775,"href":"https:\/\/uy1.passresto.com\/en\/wp-json\/wp\/v2\/pages\/8232\/revisions\/11775"}],"wp:featuredmedia":[{"embeddable":true,"href":"https:\/\/uy1.passresto.com\/en\/wp-json\/wp\/v2\/media\/10160"}],"wp:attachment":[{"href":"https:\/\/uy1.passresto.com\/en\/wp-json\/wp\/v2\/media?parent=8232"}],"curies":[{"name":"wp","href":"https:\/\/api.w.org\/{rel}","templated":true}]}}