{"id":8227,"date":"2025-11-03T15:51:31","date_gmt":"2025-11-03T14:51:31","guid":{"rendered":"https:\/\/uy1.passresto.com\/?page_id=8227"},"modified":"2026-04-27T11:07:46","modified_gmt":"2026-04-27T09:07:46","slug":"representation-etudiante","status":"publish","type":"page","link":"https:\/\/uy1.passresto.com\/en\/representation-etudiante\/","title":{"rendered":"Student Body"},"content":{"rendered":"<div data-elementor-type=\"wp-page\" data-elementor-id=\"8227\" class=\"elementor elementor-8227\">\n\t\t\t\t\t\t<section class=\"elementor-section elementor-top-section elementor-element elementor-element-fc6ddf8 elementor-section-boxed elementor-section-height-default elementor-section-height-default\" data-id=\"fc6ddf8\" data-element_type=\"section\">\n\t\t\t\t\t\t<div class=\"elementor-container elementor-column-gap-default\">\n\t\t\t\t\t<div class=\"elementor-column elementor-col-100 elementor-top-column elementor-element elementor-element-eb63eeb\" data-id=\"eb63eeb\" data-element_type=\"column\">\n\t\t\t<div class=\"elementor-widget-wrap elementor-element-populated\">\n\t\t\t\t\t\t<div class=\"elementor-element elementor-element-f47bbb0 elementor-widget elementor-widget-text-editor\" data-id=\"f47bbb0\" data-element_type=\"widget\" data-widget_type=\"text-editor.default\">\n\t\t\t\t\t\t\t\t\t<div><div>Student participation is encouraged at the University of Yaound\u00e9 I (UYI). Each year, UYI students are called upon to elect representatives to lead the various student organizations within the faculties, grandes \u00e9coles, and institutes.<\/div><div>\u00a0<\/div><div>The main responsibilities of student representatives:<\/div><ul><li>to defend and promote students\u2019 interests, particularly on all matters related to teaching, pedagogy, and the administration of the UYI;<\/li><li>to encourage students\u2019 active participation so that they can fully fulfill their role as active, responsible, and critical citizens within society and the UYI;<\/li><li>ensure the flow of information between academic and university authorities and students;<\/li><li>participate in the training of student representatives to ensure continuity in student representation;<\/li><li>inform students about their rights, campus life, and the educational opportunities available to them.<\/li><\/ul><\/div>\t\t\t\t\t\t\t\t<\/div>\n\t\t\t\t\t<\/div>\n\t\t<\/div>\n\t\t\t\t\t<\/div>\n\t\t<\/section>\n\t\t<div class=\"elementor-element elementor-element-d559f52 e-flex e-con-boxed e-con e-parent\" data-id=\"d559f52\" data-element_type=\"container\">\n\t\t\t\t\t<div class=\"e-con-inner\">\n\t\t<div class=\"elementor-element elementor-element-5ec895c e-con-full e-flex e-con e-child\" data-id=\"5ec895c\" data-element_type=\"container\">\n\t\t\t\t<div class=\"elementor-element elementor-element-4acfdb3 elementor-widget elementor-widget-image\" data-id=\"4acfdb3\" data-element_type=\"widget\" data-widget_type=\"image.default\">\n\t\t\t\t\t\t\t\t\t\t\t\t\t\t\t<img fetchpriority=\"high\" decoding=\"async\" width=\"1024\" height=\"683\" src=\"https:\/\/uy1.passresto.com\/wp-content\/uploads\/2026\/04\/re1-1024x683.jpg\" class=\"attachment-large size-large wp-image-11809\" alt=\"\" srcset=\"https:\/\/uy1.passresto.com\/wp-content\/uploads\/2026\/04\/re1-1024x683.jpg 1024w, https:\/\/uy1.passresto.com\/wp-content\/uploads\/2026\/04\/re1-300x200.jpg 300w, https:\/\/uy1.passresto.com\/wp-content\/uploads\/2026\/04\/re1-768x512.jpg 768w, https:\/\/uy1.passresto.com\/wp-content\/uploads\/2026\/04\/re1-18x12.jpg 18w, https:\/\/uy1.passresto.com\/wp-content\/uploads\/2026\/04\/re1-600x400.jpg 600w, https:\/\/uy1.passresto.com\/wp-content\/uploads\/2026\/04\/re1-560x373.jpg 560w, https:\/\/uy1.passresto.com\/wp-content\/uploads\/2026\/04\/re1.jpg 1386w\" sizes=\"(max-width: 1024px) 100vw, 1024px\" \/>\t\t\t\t\t\t\t\t\t\t\t\t\t\t\t<\/div>\n\t\t\t\t<\/div>\n\t\t<div class=\"elementor-element elementor-element-4e48dd8 e-con-full e-flex e-con e-child\" data-id=\"4e48dd8\" data-element_type=\"container\">\n\t\t\t\t<div class=\"elementor-element elementor-element-9bdeefa elementor-widget elementor-widget-image\" data-id=\"9bdeefa\" data-element_type=\"widget\" data-widget_type=\"image.default\">\n\t\t\t\t\t\t\t\t\t\t\t\t\t\t\t<img decoding=\"async\" width=\"1024\" height=\"683\" src=\"https:\/\/uy1.passresto.com\/wp-content\/uploads\/2026\/04\/re2-1024x683.jpg\" class=\"attachment-large size-large wp-image-11810\" alt=\"\" srcset=\"https:\/\/uy1.passresto.com\/wp-content\/uploads\/2026\/04\/re2-1024x683.jpg 1024w, https:\/\/uy1.passresto.com\/wp-content\/uploads\/2026\/04\/re2-300x200.jpg 300w, https:\/\/uy1.passresto.com\/wp-content\/uploads\/2026\/04\/re2-768x512.jpg 768w, https:\/\/uy1.passresto.com\/wp-content\/uploads\/2026\/04\/re2-18x12.jpg 18w, https:\/\/uy1.passresto.com\/wp-content\/uploads\/2026\/04\/re2-600x400.jpg 600w, https:\/\/uy1.passresto.com\/wp-content\/uploads\/2026\/04\/re2-560x373.jpg 560w, https:\/\/uy1.passresto.com\/wp-content\/uploads\/2026\/04\/re2.jpg 1386w\" sizes=\"(max-width: 1024px) 100vw, 1024px\" \/>\t\t\t\t\t\t\t\t\t\t\t\t\t\t\t<\/div>\n\t\t\t\t<\/div>\n\t\t\t\t\t<\/div>\n\t\t\t\t<\/div>\n\t\t<div class=\"elementor-element elementor-element-f51de33 e-flex e-con-boxed e-con e-parent\" data-id=\"f51de33\" data-element_type=\"container\">\n\t\t\t\t\t<div class=\"e-con-inner\">\n\t\t<div class=\"elementor-element elementor-element-d2054d3 e-con-full e-flex e-con e-child\" data-id=\"d2054d3\" data-element_type=\"container\">\n\t\t\t\t<div class=\"elementor-element elementor-element-dc25c7f elementor-widget elementor-widget-image\" data-id=\"dc25c7f\" data-element_type=\"widget\" data-widget_type=\"image.default\">\n\t\t\t\t\t\t\t\t\t\t\t\t\t\t\t<img decoding=\"async\" width=\"1024\" height=\"683\" src=\"https:\/\/uy1.passresto.com\/wp-content\/uploads\/2026\/04\/re3-1024x683.jpg\" class=\"attachment-large size-large wp-image-11811\" alt=\"\" srcset=\"https:\/\/uy1.passresto.com\/wp-content\/uploads\/2026\/04\/re3-1024x683.jpg 1024w, https:\/\/uy1.passresto.com\/wp-content\/uploads\/2026\/04\/re3-300x200.jpg 300w, https:\/\/uy1.passresto.com\/wp-content\/uploads\/2026\/04\/re3-768x512.jpg 768w, https:\/\/uy1.passresto.com\/wp-content\/uploads\/2026\/04\/re3-18x12.jpg 18w, https:\/\/uy1.passresto.com\/wp-content\/uploads\/2026\/04\/re3-600x400.jpg 600w, https:\/\/uy1.passresto.com\/wp-content\/uploads\/2026\/04\/re3-560x373.jpg 560w, https:\/\/uy1.passresto.com\/wp-content\/uploads\/2026\/04\/re3.jpg 1386w\" sizes=\"(max-width: 1024px) 100vw, 1024px\" \/>\t\t\t\t\t\t\t\t\t\t\t\t\t\t\t<\/div>\n\t\t\t\t<\/div>\n\t\t<div class=\"elementor-element elementor-element-669134d e-con-full e-flex e-con e-child\" data-id=\"669134d\" data-element_type=\"container\">\n\t\t\t\t<div class=\"elementor-element elementor-element-e09e52b elementor-widget elementor-widget-image\" data-id=\"e09e52b\" data-element_type=\"widget\" data-widget_type=\"image.default\">\n\t\t\t\t\t\t\t\t\t\t\t\t\t\t\t<img loading=\"lazy\" decoding=\"async\" width=\"1024\" height=\"683\" src=\"https:\/\/uy1.passresto.com\/wp-content\/uploads\/2026\/04\/re4-1024x683.jpg\" class=\"attachment-large size-large wp-image-11812\" alt=\"\" srcset=\"https:\/\/uy1.passresto.com\/wp-content\/uploads\/2026\/04\/re4-1024x683.jpg 1024w, https:\/\/uy1.passresto.com\/wp-content\/uploads\/2026\/04\/re4-300x200.jpg 300w, https:\/\/uy1.passresto.com\/wp-content\/uploads\/2026\/04\/re4-768x512.jpg 768w, https:\/\/uy1.passresto.com\/wp-content\/uploads\/2026\/04\/re4-18x12.jpg 18w, https:\/\/uy1.passresto.com\/wp-content\/uploads\/2026\/04\/re4-600x400.jpg 600w, https:\/\/uy1.passresto.com\/wp-content\/uploads\/2026\/04\/re4-560x373.jpg 560w, https:\/\/uy1.passresto.com\/wp-content\/uploads\/2026\/04\/re4.jpg 1386w\" sizes=\"(max-width: 1024px) 100vw, 1024px\" \/>\t\t\t\t\t\t\t\t\t\t\t\t\t\t\t<\/div>\n\t\t\t\t<\/div>\n\t\t\t\t\t<\/div>\n\t\t\t\t<\/div>\n\t\t\t\t<\/div>","protected":false},"excerpt":{"rendered":"<p>La participation \u00e9tudiante est encourag\u00e9e \u00e0 l\u2019Universit\u00e9 de Yaound\u00e9 I (UYI). Chaque ann\u00e9e, les \u00e9tudiants de l&rsquo;UYI sont amen\u00e9s \u00e0 \u00e9lire leurs repr\u00e9sentants \u00e0 la t\u00eate des diff\u00e9rentes associations au sein des Facult\u00e9s, Grandes \u00e9coles et Instituts.\u00a0Les principales missions des repr\u00e9sentants et repr\u00e9sentantes des \u00e9tudiants : d\u00e9fendre et promouvoir les int\u00e9r\u00eats des \u00e9tudiants, notamment sur\u2026 <a class=\"more-link\" href=\"https:\/\/uy1.passresto.com\/en\/representation-etudiante\/\">Read more<\/a><\/p>","protected":false},"author":1,"featured_media":10160,"parent":0,"menu_order":0,"comment_status":"closed","ping_status":"closed","template":"elementor_header_footer","meta":{"give_campaign_id":0,"footnotes":""},"class_list":["post-8227","page","type-page","status-publish","has-post-thumbnail","hentry"],"campaignId":"","_links":{"self":[{"href":"https:\/\/uy1.passresto.com\/en\/wp-json\/wp\/v2\/pages\/8227","targetHints":{"allow":["GET"]}}],"collection":[{"href":"https:\/\/uy1.passresto.com\/en\/wp-json\/wp\/v2\/pages"}],"about":[{"href":"https:\/\/uy1.passresto.com\/en\/wp-json\/wp\/v2\/types\/page"}],"author":[{"embeddable":true,"href":"https:\/\/uy1.passresto.com\/en\/wp-json\/wp\/v2\/users\/1"}],"replies":[{"embeddable":true,"href":"https:\/\/uy1.passresto.com\/en\/wp-json\/wp\/v2\/comments?post=8227"}],"version-history":[{"count":16,"href":"https:\/\/uy1.passresto.com\/en\/wp-json\/wp\/v2\/pages\/8227\/revisions"}],"predecessor-version":[{"id":11834,"href":"https:\/\/uy1.passresto.com\/en\/wp-json\/wp\/v2\/pages\/8227\/revisions\/11834"}],"wp:featuredmedia":[{"embeddable":true,"href":"https:\/\/uy1.passresto.com\/en\/wp-json\/wp\/v2\/media\/10160"}],"wp:attachment":[{"href":"https:\/\/uy1.passresto.com\/en\/wp-json\/wp\/v2\/media?parent=8227"}],"curies":[{"name":"wp","href":"https:\/\/api.w.org\/{rel}","templated":true}]}}