{"id":8190,"date":"2025-11-01T23:25:43","date_gmt":"2025-11-01T22:25:43","guid":{"rendered":"https:\/\/uy1.passresto.com\/?page_id=8190"},"modified":"2026-04-26T20:34:25","modified_gmt":"2026-04-26T18:34:25","slug":"une-universite-dans-sa-region","status":"publish","type":"page","link":"https:\/\/uy1.passresto.com\/en\/une-universite-dans-sa-region\/","title":{"rendered":"A University immersed in its Region"},"content":{"rendered":"<div data-elementor-type=\"wp-page\" data-elementor-id=\"8190\" class=\"elementor elementor-8190\">\n\t\t\t\t<div class=\"elementor-element elementor-element-867193f e-flex e-con-boxed e-con e-parent\" data-id=\"867193f\" data-element_type=\"container\">\n\t\t\t\t\t<div class=\"e-con-inner\">\n\t\t\t\t<div class=\"elementor-element elementor-element-b3818b5 elementor-widget elementor-widget-text-editor\" data-id=\"b3818b5\" data-element_type=\"widget\" data-widget_type=\"text-editor.default\">\n\t\t\t\t\t\t\t\t\t<div>The University of Yaound\u00e9 I (UYI) plays a pivotal role in the development of its region, serving as an economic driver, a hub for innovation, and a major social force. Its contributions include the development of human capital, applied research, and regional attractiveness.\u00a0<\/div><div>\u00a0<\/div><div>The main areas of the UYI\u2019s contribution to its region (Urban Community, District Municipalities, Regional Council, and others) include:<\/div><ul><li>Economic and employment impact;<\/li><li>Human and social capital development;<\/li><li>Innovation and applied research;<\/li><li>Regional attractiveness and planning;<\/li><li>Sustainable and cultural development.<\/li><\/ul><div>In short, the UYI is no longer merely a center for knowledge transfer, but a key regional player that, through strong partnerships with local governments and businesses, drives sustainable development and local innovation.\u00a0<\/div>\t\t\t\t\t\t\t\t<\/div>\n\t\t\t\t\t<\/div>\n\t\t\t\t<\/div>\n\t\t<div class=\"elementor-element elementor-element-bc48a73 e-flex e-con-boxed e-con e-parent\" data-id=\"bc48a73\" data-element_type=\"container\">\n\t\t\t\t\t<div class=\"e-con-inner\">\n\t\t<div class=\"elementor-element elementor-element-e41caea e-con-full e-flex e-con e-child\" data-id=\"e41caea\" data-element_type=\"container\">\n\t\t\t\t<div class=\"elementor-element elementor-element-1905895 elementor-widget elementor-widget-image\" data-id=\"1905895\" data-element_type=\"widget\" data-widget_type=\"image.default\">\n\t\t\t\t\t\t\t\t\t\t\t\t\t\t\t<img fetchpriority=\"high\" decoding=\"async\" width=\"1024\" height=\"683\" src=\"https:\/\/uy1.passresto.com\/wp-content\/uploads\/2026\/04\/ur1-1024x683.jpg\" class=\"attachment-large size-large wp-image-11756\" alt=\"\" srcset=\"https:\/\/uy1.passresto.com\/wp-content\/uploads\/2026\/04\/ur1-1024x683.jpg 1024w, https:\/\/uy1.passresto.com\/wp-content\/uploads\/2026\/04\/ur1-300x200.jpg 300w, https:\/\/uy1.passresto.com\/wp-content\/uploads\/2026\/04\/ur1-768x512.jpg 768w, https:\/\/uy1.passresto.com\/wp-content\/uploads\/2026\/04\/ur1-18x12.jpg 18w, https:\/\/uy1.passresto.com\/wp-content\/uploads\/2026\/04\/ur1-600x400.jpg 600w, https:\/\/uy1.passresto.com\/wp-content\/uploads\/2026\/04\/ur1-560x373.jpg 560w, https:\/\/uy1.passresto.com\/wp-content\/uploads\/2026\/04\/ur1.jpg 1386w\" sizes=\"(max-width: 1024px) 100vw, 1024px\" \/>\t\t\t\t\t\t\t\t\t\t\t\t\t\t\t<\/div>\n\t\t\t\t<\/div>\n\t\t<div class=\"elementor-element elementor-element-9cbae38 e-con-full e-flex e-con e-child\" data-id=\"9cbae38\" data-element_type=\"container\">\n\t\t\t\t<div class=\"elementor-element elementor-element-8f19044 elementor-widget elementor-widget-image\" data-id=\"8f19044\" data-element_type=\"widget\" data-widget_type=\"image.default\">\n\t\t\t\t\t\t\t\t\t\t\t\t\t\t\t<img decoding=\"async\" width=\"1024\" height=\"683\" src=\"https:\/\/uy1.passresto.com\/wp-content\/uploads\/2026\/04\/ur2-1024x683.jpg\" class=\"attachment-large size-large wp-image-11757\" alt=\"\" srcset=\"https:\/\/uy1.passresto.com\/wp-content\/uploads\/2026\/04\/ur2-1024x683.jpg 1024w, https:\/\/uy1.passresto.com\/wp-content\/uploads\/2026\/04\/ur2-300x200.jpg 300w, https:\/\/uy1.passresto.com\/wp-content\/uploads\/2026\/04\/ur2-768x512.jpg 768w, https:\/\/uy1.passresto.com\/wp-content\/uploads\/2026\/04\/ur2-18x12.jpg 18w, https:\/\/uy1.passresto.com\/wp-content\/uploads\/2026\/04\/ur2-600x400.jpg 600w, https:\/\/uy1.passresto.com\/wp-content\/uploads\/2026\/04\/ur2-560x373.jpg 560w, https:\/\/uy1.passresto.com\/wp-content\/uploads\/2026\/04\/ur2.jpg 1386w\" sizes=\"(max-width: 1024px) 100vw, 1024px\" \/>\t\t\t\t\t\t\t\t\t\t\t\t\t\t\t<\/div>\n\t\t\t\t<\/div>\n\t\t\t\t\t<\/div>\n\t\t\t\t<\/div>\n\t\t<div class=\"elementor-element elementor-element-9288060 e-flex e-con-boxed e-con e-parent\" data-id=\"9288060\" data-element_type=\"container\">\n\t\t\t\t\t<div class=\"e-con-inner\">\n\t\t<div class=\"elementor-element elementor-element-69e6c49 e-con-full e-flex e-con e-child\" data-id=\"69e6c49\" data-element_type=\"container\">\n\t\t\t\t<div class=\"elementor-element elementor-element-0b0b09e elementor-widget elementor-widget-image\" data-id=\"0b0b09e\" data-element_type=\"widget\" data-widget_type=\"image.default\">\n\t\t\t\t\t\t\t\t\t\t\t\t\t\t\t<img decoding=\"async\" width=\"1024\" height=\"683\" src=\"https:\/\/uy1.passresto.com\/wp-content\/uploads\/2026\/04\/ur3-1024x683.jpg\" class=\"attachment-large size-large wp-image-11758\" alt=\"\" srcset=\"https:\/\/uy1.passresto.com\/wp-content\/uploads\/2026\/04\/ur3-1024x683.jpg 1024w, https:\/\/uy1.passresto.com\/wp-content\/uploads\/2026\/04\/ur3-300x200.jpg 300w, https:\/\/uy1.passresto.com\/wp-content\/uploads\/2026\/04\/ur3-768x512.jpg 768w, https:\/\/uy1.passresto.com\/wp-content\/uploads\/2026\/04\/ur3-18x12.jpg 18w, https:\/\/uy1.passresto.com\/wp-content\/uploads\/2026\/04\/ur3-600x400.jpg 600w, https:\/\/uy1.passresto.com\/wp-content\/uploads\/2026\/04\/ur3-560x373.jpg 560w, https:\/\/uy1.passresto.com\/wp-content\/uploads\/2026\/04\/ur3.jpg 1386w\" sizes=\"(max-width: 1024px) 100vw, 1024px\" \/>\t\t\t\t\t\t\t\t\t\t\t\t\t\t\t<\/div>\n\t\t\t\t<\/div>\n\t\t<div class=\"elementor-element elementor-element-70e0a02 e-con-full e-flex e-con e-child\" data-id=\"70e0a02\" data-element_type=\"container\">\n\t\t\t\t<div class=\"elementor-element elementor-element-b0be219 elementor-widget elementor-widget-image\" data-id=\"b0be219\" data-element_type=\"widget\" data-widget_type=\"image.default\">\n\t\t\t\t\t\t\t\t\t\t\t\t\t\t\t<img loading=\"lazy\" decoding=\"async\" width=\"1024\" height=\"683\" src=\"https:\/\/uy1.passresto.com\/wp-content\/uploads\/2026\/04\/ur4-1024x683.jpg\" class=\"attachment-large size-large wp-image-11759\" alt=\"\" srcset=\"https:\/\/uy1.passresto.com\/wp-content\/uploads\/2026\/04\/ur4-1024x683.jpg 1024w, https:\/\/uy1.passresto.com\/wp-content\/uploads\/2026\/04\/ur4-300x200.jpg 300w, https:\/\/uy1.passresto.com\/wp-content\/uploads\/2026\/04\/ur4-768x512.jpg 768w, https:\/\/uy1.passresto.com\/wp-content\/uploads\/2026\/04\/ur4-18x12.jpg 18w, https:\/\/uy1.passresto.com\/wp-content\/uploads\/2026\/04\/ur4-600x400.jpg 600w, https:\/\/uy1.passresto.com\/wp-content\/uploads\/2026\/04\/ur4-560x373.jpg 560w, https:\/\/uy1.passresto.com\/wp-content\/uploads\/2026\/04\/ur4.jpg 1386w\" sizes=\"(max-width: 1024px) 100vw, 1024px\" \/>\t\t\t\t\t\t\t\t\t\t\t\t\t\t\t<\/div>\n\t\t\t\t<\/div>\n\t\t\t\t\t<\/div>\n\t\t\t\t<\/div>\n\t\t\t\t<\/div>","protected":false},"excerpt":{"rendered":"<p>L\u2019Universit\u00e9 de Yaound\u00e9 I (UYI) joue un r\u00f4le de pilier dans le d\u00e9veloppement de sa r\u00e9gion, agissant \u00e0 la fois comme un moteur \u00e9conomique, un centre d&rsquo;innovation et un acteur social majeur. Son apport se traduit par la formation de capital humain, la recherche appliqu\u00e9e et l&rsquo;attractivit\u00e9 territoriale.\u00a0\u00a0Les principaux axes de l&rsquo;apport de l\u2019UYI \u00e0\u2026 <a class=\"more-link\" href=\"https:\/\/uy1.passresto.com\/en\/une-universite-dans-sa-region\/\">Read more<\/a><\/p>","protected":false},"author":1,"featured_media":10160,"parent":0,"menu_order":0,"comment_status":"closed","ping_status":"closed","template":"elementor_header_footer","meta":{"give_campaign_id":0,"footnotes":""},"class_list":["post-8190","page","type-page","status-publish","has-post-thumbnail","hentry"],"campaignId":"","_links":{"self":[{"href":"https:\/\/uy1.passresto.com\/en\/wp-json\/wp\/v2\/pages\/8190","targetHints":{"allow":["GET"]}}],"collection":[{"href":"https:\/\/uy1.passresto.com\/en\/wp-json\/wp\/v2\/pages"}],"about":[{"href":"https:\/\/uy1.passresto.com\/en\/wp-json\/wp\/v2\/types\/page"}],"author":[{"embeddable":true,"href":"https:\/\/uy1.passresto.com\/en\/wp-json\/wp\/v2\/users\/1"}],"replies":[{"embeddable":true,"href":"https:\/\/uy1.passresto.com\/en\/wp-json\/wp\/v2\/comments?post=8190"}],"version-history":[{"count":10,"href":"https:\/\/uy1.passresto.com\/en\/wp-json\/wp\/v2\/pages\/8190\/revisions"}],"predecessor-version":[{"id":11772,"href":"https:\/\/uy1.passresto.com\/en\/wp-json\/wp\/v2\/pages\/8190\/revisions\/11772"}],"wp:featuredmedia":[{"embeddable":true,"href":"https:\/\/uy1.passresto.com\/en\/wp-json\/wp\/v2\/media\/10160"}],"wp:attachment":[{"href":"https:\/\/uy1.passresto.com\/en\/wp-json\/wp\/v2\/media?parent=8190"}],"curies":[{"name":"wp","href":"https:\/\/api.w.org\/{rel}","templated":true}]}}