{"id":8096,"date":"2025-10-30T12:35:16","date_gmt":"2025-10-30T11:35:16","guid":{"rendered":"https:\/\/uy1.passresto.com\/?page_id=8096"},"modified":"2026-03-12T11:40:56","modified_gmt":"2026-03-12T10:40:56","slug":"prix-bourses-et-distinctions","status":"publish","type":"page","link":"https:\/\/uy1.passresto.com\/en\/prix-bourses-et-distinctions\/","title":{"rendered":"Prix bourses et distinctions"},"content":{"rendered":"<div data-elementor-type=\"wp-page\" data-elementor-id=\"8096\" class=\"elementor elementor-8096\">\n\t\t\t\t\t\t<section class=\"elementor-section elementor-top-section elementor-element elementor-element-fc6ddf8 elementor-section-boxed elementor-section-height-default elementor-section-height-default\" data-id=\"fc6ddf8\" data-element_type=\"section\">\n\t\t\t\t\t\t<div class=\"elementor-container elementor-column-gap-default\">\n\t\t\t\t\t<div class=\"elementor-column elementor-col-100 elementor-top-column elementor-element elementor-element-eb63eeb\" data-id=\"eb63eeb\" data-element_type=\"column\">\n\t\t\t<div class=\"elementor-widget-wrap elementor-element-populated\">\n\t\t\t\t\t\t<div class=\"elementor-element elementor-element-f47bbb0 elementor-widget elementor-widget-text-editor\" data-id=\"f47bbb0\" data-element_type=\"widget\" data-widget_type=\"text-editor.default\">\n\t\t\t\t\t\t\t\t\t<p class=\"western\" align=\"justify\"><span style=\"font-size: large; font-family: 'Segoe UI', serif; letter-spacing: 0px;\">Les talents sont nombreux \u00e0 l&rsquo;Universit\u00e9 de Yaound\u00e9 I !<\/span><\/p><p align=\"justify\"><span style=\"font-size: medium;\"><span style=\"color: #4a4a4a;\"><span style=\"font-family: Segoe UI, serif;\"><span style=\"font-size: large;\">Au fil de leur parcours d&rsquo;\u00e9tudes ou de leur carri\u00e8re de chercheur ou d&rsquo;acad\u00e9mique, de nombreux \u00e9tudiants, scientifiques et Professeurs se voient r\u00e9compens\u00e9s, tant par des organismes camerounais qu&rsquo;internationaux. Un travail \u00e0 l&rsquo;apport remarquable, une prestation qui sort du lot, une participation en \u00e9quipe \u00e0 un concours : les occasions sont nombreuses, dans le milieu universitaire, pour d\u00e9crocher des distinctions ou des bourses de financement permettant d&rsquo;entamer ou poursuivre un travail de recherche.<\/span><\/span><\/span><\/span><\/p><p align=\"justify\"><span style=\"font-size: medium;\"><span style=\"color: #4a4a4a;\"><span style=\"font-family: Segoe UI, serif;\"><span style=\"font-size: large;\">L&rsquo;Universit\u00e9 de Yaound\u00e9 I, vivier de connaissances et d&rsquo;\u00e9mulation, est fi\u00e8re de ces nombreux talents.<\/span><\/span><\/span><\/span><\/p>\t\t\t\t\t\t\t\t<\/div>\n\t\t\t\t\t<\/div>\n\t\t<\/div>\n\t\t\t\t\t<\/div>\n\t\t<\/section>\n\t\t\t\t<section class=\"elementor-section elementor-top-section elementor-element elementor-element-16ae6f8 elementor-section-boxed elementor-section-height-default elementor-section-height-default\" data-id=\"16ae6f8\" data-element_type=\"section\">\n\t\t\t\t\t\t<div class=\"elementor-container elementor-column-gap-default\">\n\t\t\t\t\t<div class=\"elementor-column elementor-col-100 elementor-top-column elementor-element elementor-element-a645120\" data-id=\"a645120\" data-element_type=\"column\">\n\t\t\t<div class=\"elementor-widget-wrap elementor-element-populated\">\n\t\t\t\t\t\t<div class=\"elementor-element elementor-element-4bbd50e elementor-widget elementor-widget-heading\" data-id=\"4bbd50e\" data-element_type=\"widget\" data-widget_type=\"heading.default\">\n\t\t\t\t\t<h2 class=\"elementor-heading-title elementor-size-default\">Distinctions sportives<\/h2>\t\t\t\t<\/div>\n\t\t\t\t<div class=\"elementor-element elementor-element-c8e9a92 elementor-widget-divider--view-line elementor-widget elementor-widget-divider\" data-id=\"c8e9a92\" data-element_type=\"widget\" data-widget_type=\"divider.default\">\n\t\t\t\t\t\t\t<div class=\"elementor-divider\">\n\t\t\t<span class=\"elementor-divider-separator\">\n\t\t\t\t\t\t<\/span>\n\t\t<\/div>\n\t\t\t\t\t\t<\/div>\n\t\t\t\t<div class=\"elementor-element elementor-element-1e3b9e0 elementor-widget elementor-widget-ova_blog\" data-id=\"1e3b9e0\" data-element_type=\"widget\" data-widget_type=\"ova_blog.default\">\n\t\t\t\t<div class=\"elementor-widget-container\">\n\t\t\t\t\t\n\t\t<div class=\"ova-blog blog-grid grid_medium\">\n\t\t\t<div class=\"ova-wrap-grid\">\n\t\t\t\t\t\t\t<article class=\"post-wrap\">\n\t\t\t\t\t<div class=\"wrap-article\">\n\t\t\t\t\t\t<div class=\"post-media\">\n\t\t\t\t\t\t\t\t\t\t\t\t\t\t\t<a href=\"https:\/\/uy1.passresto.com\/en\/19-trophees-decroches-toutes-disciplines-confondues-aux-championnats-zonaux-universitaires-chazu-2025\/\">\n\n\t\t\t\t\t\t\t\t\t<img decoding=\"async\" alt=\"19 troph\u00e9es d\u00e9croch\u00e9s, toutes discipline\u2026\" src=\"https:\/\/uy1.passresto.com\/wp-content\/uploads\/2025\/11\/trophes-560x356.jpg\" \n\t\t\t\t\t\t\t\t\t\t\t\n\t\t\t\t\t\t\t\t\t\t\tsrcset=\"https:\/\/uy1.passresto.com\/wp-content\/uploads\/2025\/11\/trophes-560x356.jpg 560w,\t\t\t\t\t\t\t\t\t\t\thttps:\/\/uy1.passresto.com\/wp-content\/uploads\/2025\/11\/trophes-300x191.jpg 300w\" \n\t\t\t\t\t\t\t\t\t\t\tsizes=\"(max-width: 767px) 100vw, 560px\" >\n\t\t\t\t\t\t\t\t<\/a>\n\t\t\t\t\t\t\t\t\t\t\t\t\t<\/div>\n\t\t\t\t\t\t<div class=\"evgovt-content\">\n\t\t\t\t\t\t\t\t\t\t\t\t\t\t<div class=\"post-meta-date\">\n\t\t\t\t\t\t\t\t<span class=\"post-meta-content-date\">\n\t\t\t\t\t\t\t\t    <span class=\"post-date\">\n\t\t\t\t\t\t\t\t        <span class=\"right second_font\">9 August 2025<\/span>\n\t\t\t\t\t\t\t\t    <\/span>\n\t\t\t\t\t\t\t\t<\/span>\n\t\t\t\t\t\t\t<\/div>\n\t\t\t\t\t\t\t\n\t\t\t\t\t\t\t\t\t\t\t\t\t\t\t\t\t\t\t\t\t<div class=\"post-title\">\n\t\t\t\t\t\t\t\t<a href=\"https:\/\/uy1.passresto.com\/en\/19-trophees-decroches-toutes-disciplines-confondues-aux-championnats-zonaux-universitaires-chazu-2025\/\" rel=\"bookmark\" title=\"19 trophies won across all disciplines...\">\n\t\t\t\t\t\t\t\t\t<h2 class=\"post-title\">19 trophies won across all disciplines...<\/h2>\n\t\t\t\t\t\t\t    <\/a>\n\t\t\t\t\t\t\t<\/div>\n\t\t\t\t\t\t\t\t\t\t\t\t\t\t\t\t\t\t\t\t\t\t\t\t\t\t\t\t<div class=\"post-footer\">\n\t\t\t\t\t\t\t\t<div class=\"egovt-post-readmore\">\n\t\t\t\t\t\t\t\t    <a class=\"btn-readmore second_font\" href=\"https:\/\/uy1.passresto.com\/en\/19-trophees-decroches-toutes-disciplines-confondues-aux-championnats-zonaux-universitaires-chazu-2025\/\">\n\t\t\t\t\t\t\t\t    \tLire la suite\t\t\t\t\t\t\t\t    \t<i data-feather=\"arrow-right\"><\/i>\n\t\t\t\t\t\t\t\t    <\/a>\n\t\t\t\t\t\t\t\t<\/div>\n\t\t\t\t\t\t\t<\/div>\n\t\t\t\t\t\t\t\t\t\t\t\t\t<\/div>\n\t\t\t\t\t<\/div>\n\t\t\t\t<\/article>\n\t\t\t\t\t\t<\/div>\n\t\t<\/div>\n\t\t\t\t\t\t<\/div>\n\t\t\t\t<\/div>\n\t\t\t\t\t<\/div>\n\t\t<\/div>\n\t\t\t\t\t<\/div>\n\t\t<\/section>\n\t\t\t\t<section class=\"elementor-section elementor-top-section elementor-element elementor-element-3e4de4f elementor-section-boxed elementor-section-height-default elementor-section-height-default\" data-id=\"3e4de4f\" data-element_type=\"section\">\n\t\t\t\t\t\t<div class=\"elementor-container elementor-column-gap-default\">\n\t\t\t\t\t<div class=\"elementor-column elementor-col-100 elementor-top-column elementor-element elementor-element-a4e096d\" data-id=\"a4e096d\" data-element_type=\"column\">\n\t\t\t<div class=\"elementor-widget-wrap elementor-element-populated\">\n\t\t\t\t\t\t<div class=\"elementor-element elementor-element-10981d1 elementor-widget elementor-widget-heading\" data-id=\"10981d1\" data-element_type=\"widget\" data-widget_type=\"heading.default\">\n\t\t\t\t\t<h2 class=\"elementor-heading-title elementor-size-default\">Distinctions scientifiques<\/h2>\t\t\t\t<\/div>\n\t\t\t\t<div class=\"elementor-element elementor-element-c9be26f elementor-widget-divider--view-line elementor-widget elementor-widget-divider\" data-id=\"c9be26f\" data-element_type=\"widget\" data-widget_type=\"divider.default\">\n\t\t\t\t\t\t\t<div class=\"elementor-divider\">\n\t\t\t<span class=\"elementor-divider-separator\">\n\t\t\t\t\t\t<\/span>\n\t\t<\/div>\n\t\t\t\t\t\t<\/div>\n\t\t\t\t<div class=\"elementor-element elementor-element-6313d57 elementor-widget elementor-widget-ova_blog\" data-id=\"6313d57\" data-element_type=\"widget\" data-widget_type=\"ova_blog.default\">\n\t\t\t\t<div class=\"elementor-widget-container\">\n\t\t\t\t\t\n\t\t<div class=\"ova-blog blog-grid grid_medium\">\n\t\t\t<div class=\"ova-wrap-grid\">\n\t\t\t\t\t\t\t<article class=\"post-wrap\">\n\t\t\t\t\t<div class=\"wrap-article\">\n\t\t\t\t\t\t<div class=\"post-media\">\n\t\t\t\t\t\t\t\t\t\t\t\t\t\t\t<a href=\"https:\/\/uy1.passresto.com\/en\/luniversite-de-yaounde-i-uyi-celebre-ses-heros-de-x-et-paris-saclay\/\">\n\n\t\t\t\t\t\t\t\t\t<img decoding=\"async\" alt=\"L\u2019Universit\u00e9 de Yaound\u00e9 I (UYI) c\u00e9l\u00e8bre \u2026\" src=\"https:\/\/uy1.passresto.com\/wp-content\/uploads\/2025\/11\/image5-560x420.jpg\" \n\t\t\t\t\t\t\t\t\t\t\t\n\t\t\t\t\t\t\t\t\t\t\tsrcset=\"https:\/\/uy1.passresto.com\/wp-content\/uploads\/2025\/11\/image5-560x420.jpg 560w,\t\t\t\t\t\t\t\t\t\t\thttps:\/\/uy1.passresto.com\/wp-content\/uploads\/2025\/11\/image5-300x225.jpg 300w\" \n\t\t\t\t\t\t\t\t\t\t\tsizes=\"(max-width: 767px) 100vw, 560px\" >\n\t\t\t\t\t\t\t\t<\/a>\n\t\t\t\t\t\t\t\t\t\t\t\t\t<\/div>\n\t\t\t\t\t\t<div class=\"evgovt-content\">\n\t\t\t\t\t\t\t\t\t\t\t\t\t\t<div class=\"post-meta-date\">\n\t\t\t\t\t\t\t\t<span class=\"post-meta-content-date\">\n\t\t\t\t\t\t\t\t    <span class=\"post-date\">\n\t\t\t\t\t\t\t\t        <span class=\"right second_font\">16 July 2025<\/span>\n\t\t\t\t\t\t\t\t    <\/span>\n\t\t\t\t\t\t\t\t<\/span>\n\t\t\t\t\t\t\t<\/div>\n\t\t\t\t\t\t\t\n\t\t\t\t\t\t\t\t\t\t\t\t\t\t\t\t\t\t\t\t\t<div class=\"post-title\">\n\t\t\t\t\t\t\t\t<a href=\"https:\/\/uy1.passresto.com\/en\/luniversite-de-yaounde-i-uyi-celebre-ses-heros-de-x-et-paris-saclay\/\" rel=\"bookmark\" title=\"The University of Yaounde I (UYI) celebrates\">\n\t\t\t\t\t\t\t\t\t<h2 class=\"post-title\">The University of Yaounde I (UYI) celebrates<\/h2>\n\t\t\t\t\t\t\t    <\/a>\n\t\t\t\t\t\t\t<\/div>\n\t\t\t\t\t\t\t\t\t\t\t\t\t\t\t\t\t\t\t\t\t\t\t\t\t\t\t\t<div class=\"post-footer\">\n\t\t\t\t\t\t\t\t<div class=\"egovt-post-readmore\">\n\t\t\t\t\t\t\t\t    <a class=\"btn-readmore second_font\" href=\"https:\/\/uy1.passresto.com\/en\/luniversite-de-yaounde-i-uyi-celebre-ses-heros-de-x-et-paris-saclay\/\">\n\t\t\t\t\t\t\t\t    \tLire la suite\t\t\t\t\t\t\t\t    \t<i data-feather=\"arrow-right\"><\/i>\n\t\t\t\t\t\t\t\t    <\/a>\n\t\t\t\t\t\t\t\t<\/div>\n\t\t\t\t\t\t\t<\/div>\n\t\t\t\t\t\t\t\t\t\t\t\t\t<\/div>\n\t\t\t\t\t<\/div>\n\t\t\t\t<\/article>\n\t\t\t\t\t\t\t<article class=\"post-wrap\">\n\t\t\t\t\t<div class=\"wrap-article\">\n\t\t\t\t\t\t<div class=\"post-media\">\n\t\t\t\t\t\t\t\t\t\t\t\t\t\t\t<a href=\"https:\/\/uy1.passresto.com\/en\/la-fmsb-de-luniversite-de-yaounde-i-a-ete-honoree-du-prix-national-de-la-meilleure-faculte-de-medecine\/\">\n\n\t\t\t\t\t\t\t\t\t<img decoding=\"async\" alt=\"La FMSB de l\u2019Universit\u00e9 de Yaound\u00e9 I a \u00e9\u2026\" src=\"https:\/\/uy1.passresto.com\/wp-content\/uploads\/2025\/11\/image3-560x420.jpg\" \n\t\t\t\t\t\t\t\t\t\t\t\n\t\t\t\t\t\t\t\t\t\t\tsrcset=\"https:\/\/uy1.passresto.com\/wp-content\/uploads\/2025\/11\/image3-560x420.jpg 560w,\t\t\t\t\t\t\t\t\t\t\thttps:\/\/uy1.passresto.com\/wp-content\/uploads\/2025\/11\/image3-300x225.jpg 300w\" \n\t\t\t\t\t\t\t\t\t\t\tsizes=\"(max-width: 767px) 100vw, 560px\" >\n\t\t\t\t\t\t\t\t<\/a>\n\t\t\t\t\t\t\t\t\t\t\t\t\t<\/div>\n\t\t\t\t\t\t<div class=\"evgovt-content\">\n\t\t\t\t\t\t\t\t\t\t\t\t\t\t<div class=\"post-meta-date\">\n\t\t\t\t\t\t\t\t<span class=\"post-meta-content-date\">\n\t\t\t\t\t\t\t\t    <span class=\"post-date\">\n\t\t\t\t\t\t\t\t        <span class=\"right second_font\">23 June 2025<\/span>\n\t\t\t\t\t\t\t\t    <\/span>\n\t\t\t\t\t\t\t\t<\/span>\n\t\t\t\t\t\t\t<\/div>\n\t\t\t\t\t\t\t\n\t\t\t\t\t\t\t\t\t\t\t\t\t\t\t\t\t\t\t\t\t<div class=\"post-title\">\n\t\t\t\t\t\t\t\t<a href=\"https:\/\/uy1.passresto.com\/en\/la-fmsb-de-luniversite-de-yaounde-i-a-ete-honoree-du-prix-national-de-la-meilleure-faculte-de-medecine\/\" rel=\"bookmark\" title=\"The FMBS of the University of Yaounde I was...\">\n\t\t\t\t\t\t\t\t\t<h2 class=\"post-title\">The FMBS of the University of Yaounde I was...<\/h2>\n\t\t\t\t\t\t\t    <\/a>\n\t\t\t\t\t\t\t<\/div>\n\t\t\t\t\t\t\t\t\t\t\t\t\t\t\t\t\t\t\t\t\t\t\t\t\t\t\t\t<div class=\"post-footer\">\n\t\t\t\t\t\t\t\t<div class=\"egovt-post-readmore\">\n\t\t\t\t\t\t\t\t    <a class=\"btn-readmore second_font\" href=\"https:\/\/uy1.passresto.com\/en\/la-fmsb-de-luniversite-de-yaounde-i-a-ete-honoree-du-prix-national-de-la-meilleure-faculte-de-medecine\/\">\n\t\t\t\t\t\t\t\t    \tLire la suite\t\t\t\t\t\t\t\t    \t<i data-feather=\"arrow-right\"><\/i>\n\t\t\t\t\t\t\t\t    <\/a>\n\t\t\t\t\t\t\t\t<\/div>\n\t\t\t\t\t\t\t<\/div>\n\t\t\t\t\t\t\t\t\t\t\t\t\t<\/div>\n\t\t\t\t\t<\/div>\n\t\t\t\t<\/article>\n\t\t\t\t\t\t\t<article class=\"post-wrap\">\n\t\t\t\t\t<div class=\"wrap-article\">\n\t\t\t\t\t\t<div class=\"post-media\">\n\t\t\t\t\t\t\t\t\t\t\t\t\t\t\t<a href=\"https:\/\/uy1.passresto.com\/en\/huawei-ict-competition-luniversite-de-yaounde-i-hisse-le-cameroun-au-sommet-de-lexcellence-technologique-mondiale\/\">\n\n\t\t\t\t\t\t\t\t\t<img decoding=\"async\" alt=\"Huawei ICT Competition : L\u2019Universit\u00e9 de\u2026\" src=\"https:\/\/uy1.passresto.com\/wp-content\/uploads\/2025\/11\/image2-560x420.jpg\" \n\t\t\t\t\t\t\t\t\t\t\t\n\t\t\t\t\t\t\t\t\t\t\tsrcset=\"https:\/\/uy1.passresto.com\/wp-content\/uploads\/2025\/11\/image2-560x420.jpg 560w,\t\t\t\t\t\t\t\t\t\t\thttps:\/\/uy1.passresto.com\/wp-content\/uploads\/2025\/11\/image2-300x225.jpg 300w\" \n\t\t\t\t\t\t\t\t\t\t\tsizes=\"(max-width: 767px) 100vw, 560px\" >\n\t\t\t\t\t\t\t\t<\/a>\n\t\t\t\t\t\t\t\t\t\t\t\t\t<\/div>\n\t\t\t\t\t\t<div class=\"evgovt-content\">\n\t\t\t\t\t\t\t\t\t\t\t\t\t\t<div class=\"post-meta-date\">\n\t\t\t\t\t\t\t\t<span class=\"post-meta-content-date\">\n\t\t\t\t\t\t\t\t    <span class=\"post-date\">\n\t\t\t\t\t\t\t\t        <span class=\"right second_font\">4 June 2025<\/span>\n\t\t\t\t\t\t\t\t    <\/span>\n\t\t\t\t\t\t\t\t<\/span>\n\t\t\t\t\t\t\t<\/div>\n\t\t\t\t\t\t\t\n\t\t\t\t\t\t\t\t\t\t\t\t\t\t\t\t\t\t\t\t\t<div class=\"post-title\">\n\t\t\t\t\t\t\t\t<a href=\"https:\/\/uy1.passresto.com\/en\/huawei-ict-competition-luniversite-de-yaounde-i-hisse-le-cameroun-au-sommet-de-lexcellence-technologique-mondiale\/\" rel=\"bookmark\" title=\"Huawei ICT Competition: The University of...\">\n\t\t\t\t\t\t\t\t\t<h2 class=\"post-title\">Huawei ICT Competition: The University of...<\/h2>\n\t\t\t\t\t\t\t    <\/a>\n\t\t\t\t\t\t\t<\/div>\n\t\t\t\t\t\t\t\t\t\t\t\t\t\t\t\t\t\t\t\t\t\t\t\t\t\t\t\t<div class=\"post-footer\">\n\t\t\t\t\t\t\t\t<div class=\"egovt-post-readmore\">\n\t\t\t\t\t\t\t\t    <a class=\"btn-readmore second_font\" href=\"https:\/\/uy1.passresto.com\/en\/huawei-ict-competition-luniversite-de-yaounde-i-hisse-le-cameroun-au-sommet-de-lexcellence-technologique-mondiale\/\">\n\t\t\t\t\t\t\t\t    \tLire la suite\t\t\t\t\t\t\t\t    \t<i data-feather=\"arrow-right\"><\/i>\n\t\t\t\t\t\t\t\t    <\/a>\n\t\t\t\t\t\t\t\t<\/div>\n\t\t\t\t\t\t\t<\/div>\n\t\t\t\t\t\t\t\t\t\t\t\t\t<\/div>\n\t\t\t\t\t<\/div>\n\t\t\t\t<\/article>\n\t\t\t\t\t\t<\/div>\n\t\t<\/div>\n\t\t\t\t\t\t<\/div>\n\t\t\t\t<\/div>\n\t\t\t\t\t<\/div>\n\t\t<\/div>\n\t\t\t\t\t<\/div>\n\t\t<\/section>\n\t\t\t\t<\/div>","protected":false},"excerpt":{"rendered":"<p>Les talents sont nombreux \u00e0 l&rsquo;Universit\u00e9 de Yaound\u00e9 I ! Au fil de leur parcours d&rsquo;\u00e9tudes ou de leur carri\u00e8re de chercheur ou d&rsquo;acad\u00e9mique, de nombreux \u00e9tudiants, scientifiques et Professeurs se voient r\u00e9compens\u00e9s, tant par des organismes camerounais qu&rsquo;internationaux. Un travail \u00e0 l&rsquo;apport remarquable, une prestation qui sort du lot, une participation en \u00e9quipe \u00e0\u2026 <a class=\"more-link\" href=\"https:\/\/uy1.passresto.com\/en\/huawei-ict-competition-luniversite-de-yaounde-i-hisse-le-cameroun-au-sommet-de-lexcellence-technologique-mondiale\/\">Read more<\/a><\/p>","protected":false},"author":1,"featured_media":10160,"parent":0,"menu_order":0,"comment_status":"closed","ping_status":"closed","template":"elementor_header_footer","meta":{"give_campaign_id":0,"footnotes":""},"class_list":["post-8096","page","type-page","status-publish","has-post-thumbnail","hentry"],"campaignId":"","_links":{"self":[{"href":"https:\/\/uy1.passresto.com\/en\/wp-json\/wp\/v2\/pages\/8096","targetHints":{"allow":["GET"]}}],"collection":[{"href":"https:\/\/uy1.passresto.com\/en\/wp-json\/wp\/v2\/pages"}],"about":[{"href":"https:\/\/uy1.passresto.com\/en\/wp-json\/wp\/v2\/types\/page"}],"author":[{"embeddable":true,"href":"https:\/\/uy1.passresto.com\/en\/wp-json\/wp\/v2\/users\/1"}],"replies":[{"embeddable":true,"href":"https:\/\/uy1.passresto.com\/en\/wp-json\/wp\/v2\/comments?post=8096"}],"version-history":[{"count":16,"href":"https:\/\/uy1.passresto.com\/en\/wp-json\/wp\/v2\/pages\/8096\/revisions"}],"predecessor-version":[{"id":8356,"href":"https:\/\/uy1.passresto.com\/en\/wp-json\/wp\/v2\/pages\/8096\/revisions\/8356"}],"wp:featuredmedia":[{"embeddable":true,"href":"https:\/\/uy1.passresto.com\/en\/wp-json\/wp\/v2\/media\/10160"}],"wp:attachment":[{"href":"https:\/\/uy1.passresto.com\/en\/wp-json\/wp\/v2\/media?parent=8096"}],"curies":[{"name":"wp","href":"https:\/\/api.w.org\/{rel}","templated":true}]}}