{"id":8079,"date":"2025-10-30T12:23:14","date_gmt":"2025-10-30T11:23:14","guid":{"rendered":"https:\/\/uy1.passresto.com\/?page_id=8079"},"modified":"2026-03-12T11:33:39","modified_gmt":"2026-03-12T10:33:39","slug":"docteurs-honoris-causa","status":"publish","type":"page","link":"https:\/\/uy1.passresto.com\/en\/docteurs-honoris-causa\/","title":{"rendered":"Doctors Honoris Causa"},"content":{"rendered":"<div data-elementor-type=\"wp-page\" data-elementor-id=\"8079\" class=\"elementor elementor-8079\">\n\t\t\t\t\t\t<section class=\"elementor-section elementor-top-section elementor-element elementor-element-fc6ddf8 elementor-section-boxed elementor-section-height-default elementor-section-height-default\" data-id=\"fc6ddf8\" data-element_type=\"section\">\n\t\t\t\t\t\t<div class=\"elementor-container elementor-column-gap-default\">\n\t\t\t\t\t<div class=\"elementor-column elementor-col-100 elementor-top-column elementor-element elementor-element-eb63eeb\" data-id=\"eb63eeb\" data-element_type=\"column\">\n\t\t\t<div class=\"elementor-widget-wrap elementor-element-populated\">\n\t\t\t\t\t\t<div class=\"elementor-element elementor-element-8b26294 elementor-widget elementor-widget-text-editor\" data-id=\"8b26294\" data-element_type=\"widget\" data-widget_type=\"text-editor.default\">\n\t\t\t\t\t\t\t\t\t<p class=\"western\" align=\"justify\"><span style=\"color: #000000;\"><span style=\"font-family: Segoe UI, serif;\"><span style=\"font-size: large;\">Temps forts de l\u2019ann\u00e9e acad\u00e9mique, les remises des insignes de Docteur honoris causa sont l&rsquo;occasion pour les repr\u00e9sentants et Professeurs de l\u2019Universit\u00e9 de Yaound\u00e9 I de souligner l\u2019apport remarquable de personnalit\u00e9s de renom.<\/span><\/span><\/span><\/p>\t\t\t\t\t\t\t\t<\/div>\n\t\t\t\t\t<\/div>\n\t\t<\/div>\n\t\t\t\t\t<\/div>\n\t\t<\/section>\n\t\t\t\t<\/div>","protected":false},"excerpt":{"rendered":"<p>Temps forts de l\u2019ann\u00e9e acad\u00e9mique, les remises des insignes de Docteur honoris causa sont l&rsquo;occasion pour les repr\u00e9sentants et Professeurs de l\u2019Universit\u00e9 de Yaound\u00e9 I de souligner l\u2019apport remarquable de personnalit\u00e9s de renom.<\/p>","protected":false},"author":1,"featured_media":10160,"parent":0,"menu_order":0,"comment_status":"closed","ping_status":"closed","template":"elementor_header_footer","meta":{"give_campaign_id":0,"footnotes":""},"class_list":["post-8079","page","type-page","status-publish","has-post-thumbnail","hentry"],"campaignId":"","_links":{"self":[{"href":"https:\/\/uy1.passresto.com\/en\/wp-json\/wp\/v2\/pages\/8079","targetHints":{"allow":["GET"]}}],"collection":[{"href":"https:\/\/uy1.passresto.com\/en\/wp-json\/wp\/v2\/pages"}],"about":[{"href":"https:\/\/uy1.passresto.com\/en\/wp-json\/wp\/v2\/types\/page"}],"author":[{"embeddable":true,"href":"https:\/\/uy1.passresto.com\/en\/wp-json\/wp\/v2\/users\/1"}],"replies":[{"embeddable":true,"href":"https:\/\/uy1.passresto.com\/en\/wp-json\/wp\/v2\/comments?post=8079"}],"version-history":[{"count":6,"href":"https:\/\/uy1.passresto.com\/en\/wp-json\/wp\/v2\/pages\/8079\/revisions"}],"predecessor-version":[{"id":8090,"href":"https:\/\/uy1.passresto.com\/en\/wp-json\/wp\/v2\/pages\/8079\/revisions\/8090"}],"wp:featuredmedia":[{"embeddable":true,"href":"https:\/\/uy1.passresto.com\/en\/wp-json\/wp\/v2\/media\/10160"}],"wp:attachment":[{"href":"https:\/\/uy1.passresto.com\/en\/wp-json\/wp\/v2\/media?parent=8079"}],"curies":[{"name":"wp","href":"https:\/\/api.w.org\/{rel}","templated":true}]}}