{"id":12026,"date":"2026-05-13T10:51:16","date_gmt":"2026-05-13T08:51:16","guid":{"rendered":"https:\/\/uy1.passresto.com\/?page_id=12026"},"modified":"2026-05-13T13:56:18","modified_gmt":"2026-05-13T11:56:18","slug":"partenariats-academique-et-reseaux-internationaux","status":"publish","type":"page","link":"https:\/\/uy1.passresto.com\/en\/partenariats-academique-et-reseaux-internationaux\/","title":{"rendered":"Academic Partnerships and International Networks"},"content":{"rendered":"<div data-elementor-type=\"wp-page\" data-elementor-id=\"12026\" class=\"elementor elementor-12026\">\n\t\t\t\t<div class=\"elementor-element elementor-element-fdd07b0 e-flex e-con-boxed e-con e-parent\" data-id=\"fdd07b0\" data-element_type=\"container\">\n\t\t\t\t\t<div class=\"e-con-inner\">\n\t\t\t\t<div class=\"elementor-element elementor-element-98f905d elementor-widget elementor-widget-text-editor\" data-id=\"98f905d\" data-element_type=\"widget\" data-widget_type=\"text-editor.default\">\n\t\t\t\t\t\t\t\t\t<div><div>The University of Yaound\u00e9 I (UYI) is a university for Cameroon, Africa, and the world.<\/div><div><strong>A vast network of international partnerships:<\/strong><\/div><\/div>\t\t\t\t\t\t\t\t<\/div>\n\t\t\t\t\t<\/div>\n\t\t\t\t<\/div>\n\t\t<div class=\"elementor-element elementor-element-6238c09 e-flex e-con-boxed e-con e-parent\" data-id=\"6238c09\" data-element_type=\"container\">\n\t\t\t\t\t<div class=\"e-con-inner\">\n\t\t\t\t<div class=\"elementor-element elementor-element-f4ece25 e-n-tabs-mobile elementor-widget elementor-widget-n-tabs\" data-id=\"f4ece25\" data-element_type=\"widget\" data-settings=\"{&quot;horizontal_scroll&quot;:&quot;disable&quot;}\" data-widget_type=\"nested-tabs.default\">\n\t\t\t\t\t\t\t<div class=\"e-n-tabs\" data-widget-number=\"256822821\" aria-label=\"Onglets. Ouvrez des \u00e9l\u00e9ments avec Entrer ou Espace, fermez-les avec Echape et naviguez \u00e0 l&#039;aide des touches fl\u00e9ch\u00e9es.\">\n\t\t\t<div class=\"e-n-tabs-heading\" role=\"tablist\">\n\t\t\t\t\t<button id=\"e-n-tab-title-2568228211\" class=\"e-n-tab-title\" aria-selected=\"true\" data-tab-index=\"1\" role=\"tab\" tabindex=\"0\" aria-controls=\"e-n-tab-content-2568228211\" style=\"--n-tabs-title-order: 1;\">\n\t\t\t\t\t\t<span class=\"e-n-tab-title-text\">\n\t\t\t\t1 \u2013 Overview\t\t\t<\/span>\n\t\t<\/button>\n\t\t\t\t<button id=\"e-n-tab-title-2568228212\" class=\"e-n-tab-title\" aria-selected=\"false\" data-tab-index=\"2\" role=\"tab\" tabindex=\"-1\" aria-controls=\"e-n-tab-content-2568228212\" style=\"--n-tabs-title-order: 2;\">\n\t\t\t\t\t\t<span class=\"e-n-tab-title-text\">\n\t\t\t\t2 - Academic Partners\t\t\t<\/span>\n\t\t<\/button>\n\t\t\t\t<button id=\"e-n-tab-title-2568228213\" class=\"e-n-tab-title\" aria-selected=\"false\" data-tab-index=\"3\" role=\"tab\" tabindex=\"-1\" aria-controls=\"e-n-tab-content-2568228213\" style=\"--n-tabs-title-order: 3;\">\n\t\t\t\t\t\t<span class=\"e-n-tab-title-text\">\n\t\t\t\t3 \u2013 International Networks\t\t\t<\/span>\n\t\t<\/button>\n\t\t\t\t\t<\/div>\n\t\t\t<div class=\"e-n-tabs-content\">\n\t\t\t\t<div id=\"e-n-tab-content-2568228211\" role=\"tabpanel\" aria-labelledby=\"e-n-tab-title-2568228211\" data-tab-index=\"1\" style=\"--n-tabs-title-order: 1;\" class=\"e-active elementor-element elementor-element-c8d1962 e-con-full e-flex e-con e-child\" data-id=\"c8d1962\" data-element_type=\"container\">\n\t\t<div class=\"elementor-element elementor-element-b900196 e-flex e-con-boxed e-con e-child\" data-id=\"b900196\" data-element_type=\"container\">\n\t\t\t\t\t<div class=\"e-con-inner\">\n\t\t\t\t<div class=\"elementor-element elementor-element-fa875ff elementor-widget elementor-widget-text-editor\" data-id=\"fa875ff\" data-element_type=\"widget\" data-widget_type=\"text-editor.default\">\n\t\t\t\t\t\t\t\t\t<div><div>The UYI has made partnerships and international cooperation one of its priorities and views international relations as an essential tool for achieving excellence in research and education.<\/div><\/div>\t\t\t\t\t\t\t\t<\/div>\n\t\t\t\t\t<\/div>\n\t\t\t\t<\/div>\n\t\t\t\t<\/div>\n\t\t<div id=\"e-n-tab-content-2568228212\" role=\"tabpanel\" aria-labelledby=\"e-n-tab-title-2568228212\" data-tab-index=\"2\" style=\"--n-tabs-title-order: 2;\" class=\"elementor-element elementor-element-58cb405 e-con-full e-flex e-con e-child\" data-id=\"58cb405\" data-element_type=\"container\">\n\t\t<div class=\"elementor-element elementor-element-b1fd0e5 e-flex e-con-boxed e-con e-child\" data-id=\"b1fd0e5\" data-element_type=\"container\">\n\t\t\t\t\t<div class=\"e-con-inner\">\n\t\t\t\t<div class=\"elementor-element elementor-element-21c5126 elementor-widget elementor-widget-text-editor\" data-id=\"21c5126\" data-element_type=\"widget\" data-widget_type=\"text-editor.default\">\n\t\t\t\t\t\t\t\t\t<div><div>At UYI, we believe that international exchange is an essential way to learn from one another and that students must be prepared for the global job market that awaits them.<\/div><div>The UYI has therefore established partnerships with universities around the world. These partnership agreements not only provide for student exchanges, but also pave the way for interdisciplinary research projects and researcher exchanges.<\/div><\/div>\t\t\t\t\t\t\t\t<\/div>\n\t\t\t\t\t<\/div>\n\t\t\t\t<\/div>\n\t\t\t\t<\/div>\n\t\t<div id=\"e-n-tab-content-2568228213\" role=\"tabpanel\" aria-labelledby=\"e-n-tab-title-2568228213\" data-tab-index=\"3\" style=\"--n-tabs-title-order: 3;\" class=\"elementor-element elementor-element-240ccbe e-con-full e-flex e-con e-child\" data-id=\"240ccbe\" data-element_type=\"container\">\n\t\t<div class=\"elementor-element elementor-element-32370e0 e-flex e-con-boxed e-con e-child\" data-id=\"32370e0\" data-element_type=\"container\">\n\t\t\t\t\t<div class=\"e-con-inner\">\n\t\t\t\t<div class=\"elementor-element elementor-element-812725c elementor-widget elementor-widget-text-editor\" data-id=\"812725c\" data-element_type=\"widget\" data-widget_type=\"text-editor.default\">\n\t\t\t\t\t\t\t\t\t<div><div>The UYI is deeply rooted in the international academic community, fostering collaborations in research, student exchange, and education. It is a member of prestigious organizations and is actively expanding its direct partnerships.<\/div><div>Major networks and affiliations:<\/div><ul><li><strong>Agence universitaire de la Francophonie (AUF)<\/strong> : The UYI is a member of the AUF and is actively involved in the Central Africa and Great Lakes region (ACGL), particularly through the Regional Doctoral College for the Humanities and Social Sciences.<\/li><li><strong>Association of Commonwealth Universities (ACU)<\/strong> : A network facilitating exchanges with English-speaking universities.<\/li><li><strong>International Association of Universities (IAU)<\/strong> : A global organization comprising higher education institutions.<\/li><li><strong>: A global organization comprising higher education institutions.<\/strong> : Involvement in regional digital networks.<\/li><\/ul><\/div>\t\t\t\t\t\t\t\t<\/div>\n\t\t\t\t\t<\/div>\n\t\t\t\t<\/div>\n\t\t\t\t<\/div>\n\t\t\t\t\t<\/div>\n\t\t<\/div>\n\t\t\t\t\t\t<\/div>\n\t\t\t\t\t<\/div>\n\t\t\t\t<\/div>\n\t\t\t\t<\/div>","protected":false},"excerpt":{"rendered":"<p>L\u2019Universit\u00e9 de Yaound\u00e9 I (UYI) est une universit\u00e9 pour le Cameroun, l\u2019Afrique, et le monde.Un vaste r\u00e9seau de partenariats internationaux\u00a0: 1 \u2013 Aper\u00e7u 2 &#8211; Partenaires acad\u00e9miques 3 \u2013 R\u00e9seaux internationaux L\u2019UYI a fait des partenariats et de la coop\u00e9ration internationale l\u2019une de ses priorit\u00e9s et consid\u00e8re les relations internationales comme un outil essentiel pour\u2026 <a class=\"more-link\" href=\"https:\/\/uy1.passresto.com\/en\/partenariats-academique-et-reseaux-internationaux\/\">Read more<\/a><\/p>","protected":false},"author":1,"featured_media":10160,"parent":0,"menu_order":0,"comment_status":"closed","ping_status":"closed","template":"elementor_header_footer","meta":{"give_campaign_id":0,"footnotes":""},"class_list":["post-12026","page","type-page","status-publish","has-post-thumbnail","hentry"],"campaignId":"","_links":{"self":[{"href":"https:\/\/uy1.passresto.com\/en\/wp-json\/wp\/v2\/pages\/12026","targetHints":{"allow":["GET"]}}],"collection":[{"href":"https:\/\/uy1.passresto.com\/en\/wp-json\/wp\/v2\/pages"}],"about":[{"href":"https:\/\/uy1.passresto.com\/en\/wp-json\/wp\/v2\/types\/page"}],"author":[{"embeddable":true,"href":"https:\/\/uy1.passresto.com\/en\/wp-json\/wp\/v2\/users\/1"}],"replies":[{"embeddable":true,"href":"https:\/\/uy1.passresto.com\/en\/wp-json\/wp\/v2\/comments?post=12026"}],"version-history":[{"count":32,"href":"https:\/\/uy1.passresto.com\/en\/wp-json\/wp\/v2\/pages\/12026\/revisions"}],"predecessor-version":[{"id":12063,"href":"https:\/\/uy1.passresto.com\/en\/wp-json\/wp\/v2\/pages\/12026\/revisions\/12063"}],"wp:featuredmedia":[{"embeddable":true,"href":"https:\/\/uy1.passresto.com\/en\/wp-json\/wp\/v2\/media\/10160"}],"wp:attachment":[{"href":"https:\/\/uy1.passresto.com\/en\/wp-json\/wp\/v2\/media?parent=12026"}],"curies":[{"name":"wp","href":"https:\/\/api.w.org\/{rel}","templated":true}]}}