{"id":10888,"date":"2026-03-27T18:26:45","date_gmt":"2026-03-27T17:26:45","guid":{"rendered":"https:\/\/uy1.passresto.com\/?page_id=10888"},"modified":"2026-03-27T20:30:17","modified_gmt":"2026-03-27T19:30:17","slug":"contribuer-participer-soutenir-luyi","status":"publish","type":"page","link":"https:\/\/uy1.passresto.com\/en\/contribuer-participer-soutenir-luyi\/","title":{"rendered":"Contribute \u2013 Get Involved \u2013 Support the UYI"},"content":{"rendered":"<div data-elementor-type=\"wp-page\" data-elementor-id=\"10888\" class=\"elementor elementor-10888\">\n\t\t\t\t<div class=\"elementor-element elementor-element-c5e8e87 e-flex e-con-boxed e-con e-parent\" data-id=\"c5e8e87\" data-element_type=\"container\">\n\t\t\t\t\t<div class=\"e-con-inner\">\n\t\t\t\t<div class=\"elementor-element elementor-element-3db4920 elementor-widget elementor-widget-text-editor\" data-id=\"3db4920\" data-element_type=\"widget\" data-widget_type=\"text-editor.default\">\n\t\t\t\t\t\t\t\t\t<div><div>How can you support the University of Yaound\u00e9 I (UYI) in its teaching, research, and development activities\u2026<\/div><\/div>\t\t\t\t\t\t\t\t<\/div>\n\t\t\t\t\t<\/div>\n\t\t\t\t<\/div>\n\t\t<div class=\"elementor-element elementor-element-128e165d e-flex e-con-boxed e-con e-parent\" data-id=\"128e165d\" data-element_type=\"container\">\n\t\t\t\t\t<div class=\"e-con-inner\">\n\t\t<div class=\"elementor-element elementor-element-1dcc7743 e-con-full e-flex e-con e-child\" data-id=\"1dcc7743\" data-element_type=\"container\">\n\t\t\t\t<div class=\"elementor-element elementor-element-18685b5b elementor-position-top elementor-widget elementor-widget-image-box\" data-id=\"18685b5b\" data-element_type=\"widget\" data-widget_type=\"image-box.default\">\n\t\t\t\t\t<div class=\"elementor-image-box-wrapper\"><figure class=\"elementor-image-box-img\"><a href=\"https:\/\/uy1.passresto.com\/en\/faire-un-don-a-luyi\/\" tabindex=\"-1\"><img decoding=\"async\" src=\"https:\/\/uy1.passresto.com\/wp-content\/uploads\/2026\/03\/images1.png\" title=\"images1\" alt=\"images1\" loading=\"lazy\" \/><\/a><\/figure><div class=\"elementor-image-box-content\"><h3 class=\"elementor-image-box-title\"><a href=\"https:\/\/uy1.passresto.com\/en\/faire-un-don-a-luyi\/\">Donate<\/a><\/h3><\/div><\/div>\t\t\t\t<\/div>\n\t\t\t\t<\/div>\n\t\t<div class=\"elementor-element elementor-element-5554fa70 e-con-full e-flex e-con e-child\" data-id=\"5554fa70\" data-element_type=\"container\">\n\t\t\t\t<div class=\"elementor-element elementor-element-6022534d elementor-position-top elementor-widget elementor-widget-image-box\" data-id=\"6022534d\" data-element_type=\"widget\" data-widget_type=\"image-box.default\">\n\t\t\t\t\t<div class=\"elementor-image-box-wrapper\"><figure class=\"elementor-image-box-img\"><a href=\"https:\/\/uy1.passresto.com\/en\/faire-un-legs-a-luyi\/\" tabindex=\"-1\"><img fetchpriority=\"high\" decoding=\"async\" width=\"607\" height=\"415\" src=\"https:\/\/uy1.passresto.com\/wp-content\/uploads\/2026\/03\/images1.png\" class=\"attachment-full size-full wp-image-10872\" alt=\"\" srcset=\"https:\/\/uy1.passresto.com\/wp-content\/uploads\/2026\/03\/images1.png 607w, https:\/\/uy1.passresto.com\/wp-content\/uploads\/2026\/03\/images1-300x205.png 300w, https:\/\/uy1.passresto.com\/wp-content\/uploads\/2026\/03\/images1-18x12.png 18w, https:\/\/uy1.passresto.com\/wp-content\/uploads\/2026\/03\/images1-600x410.png 600w, https:\/\/uy1.passresto.com\/wp-content\/uploads\/2026\/03\/images1-560x383.png 560w\" sizes=\"(max-width: 607px) 100vw, 607px\" \/><\/a><\/figure><div class=\"elementor-image-box-content\"><h3 class=\"elementor-image-box-title\"><a href=\"https:\/\/uy1.passresto.com\/en\/faire-un-legs-a-luyi\/\">Bequeath<\/a><\/h3><\/div><\/div>\t\t\t\t<\/div>\n\t\t\t\t<\/div>\n\t\t<div class=\"elementor-element elementor-element-d5bcd9a e-con-full e-flex e-con e-child\" data-id=\"d5bcd9a\" data-element_type=\"container\">\n\t\t\t\t<div class=\"elementor-element elementor-element-103c4184 elementor-position-top elementor-widget elementor-widget-image-box\" data-id=\"103c4184\" data-element_type=\"widget\" data-widget_type=\"image-box.default\">\n\t\t\t\t\t<div class=\"elementor-image-box-wrapper\"><figure class=\"elementor-image-box-img\"><a href=\"https:\/\/uy1.passresto.com\/en\/creer-une-fondation-specifique\/\" tabindex=\"-1\"><img fetchpriority=\"high\" decoding=\"async\" width=\"607\" height=\"415\" src=\"https:\/\/uy1.passresto.com\/wp-content\/uploads\/2026\/03\/images1.png\" class=\"attachment-full size-full wp-image-10872\" alt=\"\" srcset=\"https:\/\/uy1.passresto.com\/wp-content\/uploads\/2026\/03\/images1.png 607w, https:\/\/uy1.passresto.com\/wp-content\/uploads\/2026\/03\/images1-300x205.png 300w, https:\/\/uy1.passresto.com\/wp-content\/uploads\/2026\/03\/images1-18x12.png 18w, https:\/\/uy1.passresto.com\/wp-content\/uploads\/2026\/03\/images1-600x410.png 600w, https:\/\/uy1.passresto.com\/wp-content\/uploads\/2026\/03\/images1-560x383.png 560w\" sizes=\"(max-width: 607px) 100vw, 607px\" \/><\/a><\/figure><div class=\"elementor-image-box-content\"><h3 class=\"elementor-image-box-title\"><a href=\"https:\/\/uy1.passresto.com\/en\/creer-une-fondation-specifique\/\">Establish a specific foundation<\/a><\/h3><\/div><\/div>\t\t\t\t<\/div>\n\t\t\t\t<\/div>\n\t\t\t\t\t<\/div>\n\t\t\t\t<\/div>\n\t\t\t\t<\/div>","protected":false},"excerpt":{"rendered":"<p>Comment pouvez-Vous soutenir l\u2019Universit\u00e9 de Yaound\u00e9 I (UYI) dans ses activit\u00e9s d\u2019enseignement, de recherche et d\u2019appui au d\u00e9veloppement\u2026 Faire un don Faire un Legs Cr\u00e9er une Fondation sp\u00e9cifique<\/p>","protected":false},"author":1,"featured_media":10160,"parent":0,"menu_order":0,"comment_status":"closed","ping_status":"closed","template":"elementor_header_footer","meta":{"give_campaign_id":0,"footnotes":""},"class_list":["post-10888","page","type-page","status-publish","has-post-thumbnail","hentry"],"campaignId":"","_links":{"self":[{"href":"https:\/\/uy1.passresto.com\/en\/wp-json\/wp\/v2\/pages\/10888","targetHints":{"allow":["GET"]}}],"collection":[{"href":"https:\/\/uy1.passresto.com\/en\/wp-json\/wp\/v2\/pages"}],"about":[{"href":"https:\/\/uy1.passresto.com\/en\/wp-json\/wp\/v2\/types\/page"}],"author":[{"embeddable":true,"href":"https:\/\/uy1.passresto.com\/en\/wp-json\/wp\/v2\/users\/1"}],"replies":[{"embeddable":true,"href":"https:\/\/uy1.passresto.com\/en\/wp-json\/wp\/v2\/comments?post=10888"}],"version-history":[{"count":19,"href":"https:\/\/uy1.passresto.com\/en\/wp-json\/wp\/v2\/pages\/10888\/revisions"}],"predecessor-version":[{"id":10932,"href":"https:\/\/uy1.passresto.com\/en\/wp-json\/wp\/v2\/pages\/10888\/revisions\/10932"}],"wp:featuredmedia":[{"embeddable":true,"href":"https:\/\/uy1.passresto.com\/en\/wp-json\/wp\/v2\/media\/10160"}],"wp:attachment":[{"href":"https:\/\/uy1.passresto.com\/en\/wp-json\/wp\/v2\/media?parent=10888"}],"curies":[{"name":"wp","href":"https:\/\/api.w.org\/{rel}","templated":true}]}}