{"id":10756,"date":"2026-03-22T20:52:12","date_gmt":"2026-03-22T19:52:12","guid":{"rendered":"https:\/\/uy1.passresto.com\/?page_id=10756"},"modified":"2026-04-15T15:45:46","modified_gmt":"2026-04-15T13:45:46","slug":"iut-bois","status":"publish","type":"page","link":"https:\/\/uy1.passresto.com\/en\/iut-bois\/","title":{"rendered":"UIT-Wood"},"content":{"rendered":"<div data-elementor-type=\"wp-page\" data-elementor-id=\"10756\" class=\"elementor elementor-10756\">\n\t\t\t\t<div class=\"elementor-element elementor-element-4026730 e-flex e-con-boxed e-con e-parent\" data-id=\"4026730\" data-element_type=\"container\">\n\t\t\t\t\t<div class=\"e-con-inner\">\n\t\t\t\t<div class=\"elementor-element elementor-element-73f2e58 elementor-widget elementor-widget-heading\" data-id=\"73f2e58\" data-element_type=\"widget\" data-widget_type=\"heading.default\">\n\t\t\t\t\t<h2 class=\"elementor-heading-title elementor-size-default\">University Institute of Wood Technology (UIT-Wood)<\/h2>\t\t\t\t<\/div>\n\t\t\t\t<div class=\"elementor-element elementor-element-c6b296b elementor-widget elementor-widget-image\" data-id=\"c6b296b\" data-element_type=\"widget\" data-widget_type=\"image.default\">\n\t\t\t\t\t\t\t\t\t\t\t\t\t\t\t<img decoding=\"async\" src=\"https:\/\/uy1.passresto.com\/wp-content\/uploads\/elementor\/thumbs\/falsh2-rkwaowjkhybp03il91zazhpx1l0bgjlyu1623msxvs.jpg\" title=\"falsh2\" alt=\"falsh2\" loading=\"lazy\" \/>\t\t\t\t\t\t\t\t\t\t\t\t\t\t\t<\/div>\n\t\t\t\t<div class=\"elementor-element elementor-element-cbf6ce5 elementor-widget elementor-widget-heading\" data-id=\"cbf6ce5\" data-element_type=\"widget\" data-widget_type=\"heading.default\">\n\t\t\t\t\t<h2 class=\"elementor-heading-title elementor-size-default\">\nAdministrative set-up\n<\/h2>\t\t\t\t<\/div>\n\t\t\t\t<div class=\"elementor-element elementor-element-df60a48 elementor-widget elementor-widget-text-editor\" data-id=\"df60a48\" data-element_type=\"widget\" data-widget_type=\"text-editor.default\">\n\t\t\t\t\t\t\t\t\t<p>Le Recteur de l\u2019Universit\u00e9 de Yaound\u00e9 I informe le public que le concours d\u2019entr\u00e9e en premi\u00e8re ann\u00e9e de la formation initiale \u00e0 l\u2019Institut Universitaire de technologie du Bois (IUT-Bois) de Mbalmayo, initialement pr\u00e9vu mercredi le 07 septembre 2016 par d\u00e9cision du Ministre de l\u2019Enseignement Sup\u00e9rieur,\u00a0<strong>est report\u00e9 au samedi 1<\/strong><strong><sup>er<\/sup><\/strong><strong>\u00a0octobre 2016<\/strong><b>.<\/b><\/p>\t\t\t\t\t\t\t\t<\/div>\n\t\t\t\t<div class=\"elementor-element elementor-element-7c74717 elementor-widget elementor-widget-heading\" data-id=\"7c74717\" data-element_type=\"widget\" data-widget_type=\"heading.default\">\n\t\t\t\t\t<h2 class=\"elementor-heading-title elementor-size-default\">Disponible au t\u00e9l\u00e9chargement<\/h2>\t\t\t\t<\/div>\n\t\t\t\t<div class=\"elementor-element elementor-element-2cc8679 elementor-widget elementor-widget-text-editor\" data-id=\"2cc8679\" data-element_type=\"widget\" data-widget_type=\"text-editor.default\">\n\t\t\t\t\t\t\t\t\t<p><strong>Ressources<\/strong><\/p><div><div><a href=\"https:\/\/uy1.passresto.com\/wp-content\/uploads\/2025\/09\/acte1.pdf\">Communiqu\u00e9 de report.<\/a><\/div><br \/><div><a href=\"https:\/\/uy1.passresto.com\/wp-content\/uploads\/2025\/09\/acte2.pdf\">Les nouvelles fili\u00e8res et leurs d\u00e9bouch\u00e9s.<\/a><\/div><br \/><div><a href=\"https:\/\/uy1.passresto.com\/wp-content\/uploads\/2025\/09\/acte3.pdf\">D\u00e9cision portant ouverture du concours d\u2019entr\u00e9e en premi\u00e8re ann\u00e9e de la Formation Initiale \u00e0 l\u2019Institut Universitaire de technologie du Bois (IUT-Bois) de l\u2019universit\u00e9 de Yaound\u00e9 I \u00e0 Mbalmayo au titre de l\u2019ann\u00e9e acad\u00e9mique 2016\/2017.<\/a><\/div><\/div><p>\u00a0<\/p>\t\t\t\t\t\t\t\t<\/div>\n\t\t\t\t<div class=\"elementor-element elementor-element-16720a0 elementor-widget elementor-widget-text-editor\" data-id=\"16720a0\" data-element_type=\"widget\" data-widget_type=\"text-editor.default\">\n\t\t\t\t\t\t\t\t\t<div>The IUT-Bois is a higher institution of learning affiliated with the University of\nYaounde I (UYI). The campus in the Ekombiti\u00e9 neighbourhood of Mbalmayo is\nspringing into life as it expands with the construction of the second building.\nThis expansion is fully in line with the infrastructure vision\u00a0championed by\nthe\u00a0Rector of UYI, Prof. R\u00e9my Magloire Etoua, to provide IUT-Bois with a\nreference\u00a0university setting in Central Africa. The main courses\/departments\ninclude:\u00a0<\/div><ul><li>Timber Construction<\/li><li>Wood and Furniture<\/li><li>Wood Chemistry<\/li><li>Paper Science<\/li><li>Bioenergy<\/li><li>Environment and Sustainable Development (ESD).\u00a0<\/li><\/ul><div>The institution offers practical training (hands-on work) and field projects,\naimed at training skilled professionals in wood processing.\u00a0<\/div>\t\t\t\t\t\t\t\t<\/div>\n\t\t\t\t\t<\/div>\n\t\t\t\t<\/div>\n\t\t<div class=\"elementor-element elementor-element-90bf333 e-flex e-con-boxed e-con e-parent\" data-id=\"90bf333\" data-element_type=\"container\">\n\t\t\t\t\t<div class=\"e-con-inner\">\n\t\t<div class=\"elementor-element elementor-element-8c2dd49 e-con-full e-flex e-con e-child\" data-id=\"8c2dd49\" data-element_type=\"container\">\n\t\t\t\t<div class=\"elementor-element elementor-element-2c9e5f4 elementor-widget elementor-widget-image\" data-id=\"2c9e5f4\" data-element_type=\"widget\" data-widget_type=\"image.default\">\n\t\t\t\t\t\t\t\t\t\t\t\t\t\t\t<img decoding=\"async\" src=\"https:\/\/uy1.passresto.com\/wp-content\/uploads\/elementor\/thumbs\/iut-bois1-rkwcckcsae10u9jcjhqqt5e76pufkpezwau7qteb14.jpg\" title=\"iut-bois1\" alt=\"iut-bois1\" loading=\"lazy\" \/>\t\t\t\t\t\t\t\t\t\t\t\t\t\t\t<\/div>\n\t\t\t\t<\/div>\n\t\t<div class=\"elementor-element elementor-element-2fc6326 e-con-full e-flex e-con e-child\" data-id=\"2fc6326\" data-element_type=\"container\">\n\t\t\t\t<div class=\"elementor-element elementor-element-d481da9 elementor-widget elementor-widget-image\" data-id=\"d481da9\" data-element_type=\"widget\" data-widget_type=\"image.default\">\n\t\t\t\t\t\t\t\t\t\t\t\t\t\t\t<img decoding=\"async\" src=\"https:\/\/uy1.passresto.com\/wp-content\/uploads\/elementor\/thumbs\/iut-bois2-rkwcc0m6ava02gc0qr7kusdipmjq328mtl50o07kns.jpg\" title=\"iut-bois2\" alt=\"iut-bois2\" loading=\"lazy\" \/>\t\t\t\t\t\t\t\t\t\t\t\t\t\t\t<\/div>\n\t\t\t\t<\/div>\n\t\t\t\t\t<\/div>\n\t\t\t\t<\/div>\n\t\t\t\t<\/div>","protected":false},"excerpt":{"rendered":"<p>Institut Universitaire de Technologie du Bois (IUT-Bois) Structure administrative Le Recteur de l\u2019Universit\u00e9 de Yaound\u00e9 I informe le public que le concours d\u2019entr\u00e9e en premi\u00e8re ann\u00e9e de la formation initiale \u00e0 l\u2019Institut Universitaire de technologie du Bois (IUT-Bois) de Mbalmayo, initialement pr\u00e9vu mercredi le 07 septembre 2016 par d\u00e9cision du Ministre de l\u2019Enseignement Sup\u00e9rieur,\u00a0est report\u00e9\u2026 <a class=\"more-link\" href=\"https:\/\/uy1.passresto.com\/en\/iut-bois\/\">Read more<\/a><\/p>","protected":false},"author":1,"featured_media":10156,"parent":0,"menu_order":0,"comment_status":"closed","ping_status":"closed","template":"elementor_header_footer","meta":{"give_campaign_id":0,"footnotes":""},"class_list":["post-10756","page","type-page","status-publish","has-post-thumbnail","hentry"],"campaignId":"","_links":{"self":[{"href":"https:\/\/uy1.passresto.com\/en\/wp-json\/wp\/v2\/pages\/10756","targetHints":{"allow":["GET"]}}],"collection":[{"href":"https:\/\/uy1.passresto.com\/en\/wp-json\/wp\/v2\/pages"}],"about":[{"href":"https:\/\/uy1.passresto.com\/en\/wp-json\/wp\/v2\/types\/page"}],"author":[{"embeddable":true,"href":"https:\/\/uy1.passresto.com\/en\/wp-json\/wp\/v2\/users\/1"}],"replies":[{"embeddable":true,"href":"https:\/\/uy1.passresto.com\/en\/wp-json\/wp\/v2\/comments?post=10756"}],"version-history":[{"count":19,"href":"https:\/\/uy1.passresto.com\/en\/wp-json\/wp\/v2\/pages\/10756\/revisions"}],"predecessor-version":[{"id":11455,"href":"https:\/\/uy1.passresto.com\/en\/wp-json\/wp\/v2\/pages\/10756\/revisions\/11455"}],"wp:featuredmedia":[{"embeddable":true,"href":"https:\/\/uy1.passresto.com\/en\/wp-json\/wp\/v2\/media\/10156"}],"wp:attachment":[{"href":"https:\/\/uy1.passresto.com\/en\/wp-json\/wp\/v2\/media?parent=10756"}],"curies":[{"name":"wp","href":"https:\/\/api.w.org\/{rel}","templated":true}]}}