{"id":10561,"date":"2026-03-17T11:03:16","date_gmt":"2026-03-17T10:03:16","guid":{"rendered":"https:\/\/uy1.passresto.com\/?page_id=10561"},"modified":"2026-04-08T17:44:25","modified_gmt":"2026-04-08T15:44:25","slug":"facultes-grandes-ecoles-instituts-departements-et-unites-de-recherches","status":"publish","type":"page","link":"https:\/\/uy1.passresto.com\/en\/facultes-grandes-ecoles-instituts-departements-et-unites-de-recherches\/","title":{"rendered":"Faculties, Professional Schools, Institutes, Departments, and Research Units"},"content":{"rendered":"<div data-elementor-type=\"wp-page\" data-elementor-id=\"10561\" class=\"elementor elementor-10561\">\n\t\t\t\t<div class=\"elementor-element elementor-element-d188170 e-flex e-con-boxed e-con e-parent\" data-id=\"d188170\" data-element_type=\"container\">\n\t\t\t\t\t<div class=\"e-con-inner\">\n\t\t\t\t<div class=\"elementor-element elementor-element-0c8a4ee elementor-widget elementor-widget-heading\" data-id=\"0c8a4ee\" data-element_type=\"widget\" data-widget_type=\"heading.default\">\n\t\t\t\t\t<h2 class=\"elementor-heading-title elementor-size-default\">Faculties, Professional Schools, Institutes, Departments, and Research Units of UYI<\/h2>\t\t\t\t<\/div>\n\t\t\t\t<div class=\"elementor-element elementor-element-ea7e5d0 elementor-widget elementor-widget-text-editor\" data-id=\"ea7e5d0\" data-element_type=\"widget\" data-widget_type=\"text-editor.default\">\n\t\t\t\t\t\t\t\t\t<p>The UYI comprises seven institutions, including four faculties, two grandes \u00e9coles, and one institute, spread across three campuses in Yaound\u00e9 Ngoa-Ekell\u00e9, Yaound\u00e9 Nkolbisso, and Mbalmayo. These seven institutions offer a wide range of programs in three major fields:<\/p><ul><li>The humanities, social sciences, and education;<\/li><li>Fundamental and applied sciences and technologies;<\/li><li>\u00a0Health and medical sciences<\/li><\/ul>\t\t\t\t\t\t\t\t<\/div>\n\t\t\t\t\t<\/div>\n\t\t\t\t<\/div>\n\t\t<div class=\"elementor-element elementor-element-f8b2c5c e-flex e-con-boxed e-con e-parent\" data-id=\"f8b2c5c\" data-element_type=\"container\">\n\t\t\t\t\t<div class=\"e-con-inner\">\n\t\t<div class=\"elementor-element elementor-element-8183957 e-con-full e-flex e-con e-child\" data-id=\"8183957\" data-element_type=\"container\">\n\t\t\t\t<div class=\"elementor-element elementor-element-d7f6e6f elementor-position-top elementor-widget elementor-widget-image-box\" data-id=\"d7f6e6f\" data-element_type=\"widget\" data-widget_type=\"image-box.default\">\n\t\t\t\t\t<div class=\"elementor-image-box-wrapper\"><figure class=\"elementor-image-box-img\"><a href=\"https:\/\/uy1.passresto.com\/en\/falsh\/\" tabindex=\"-1\"><img decoding=\"async\" src=\"https:\/\/uy1.passresto.com\/wp-content\/uploads\/2026\/03\/falsh2.jpg\" title=\"falsh2\" alt=\"falsh2\" loading=\"lazy\" \/><\/a><\/figure><div class=\"elementor-image-box-content\"><h3 class=\"elementor-image-box-title\"><a href=\"https:\/\/uy1.passresto.com\/en\/falsh\/\">(FALSS)<\/a><\/h3><\/div><\/div>\t\t\t\t<\/div>\n\t\t\t\t<\/div>\n\t\t<div class=\"elementor-element elementor-element-ac6e553 e-con-full e-flex e-con e-child\" data-id=\"ac6e553\" data-element_type=\"container\">\n\t\t\t\t<div class=\"elementor-element elementor-element-be822c4 elementor-position-top elementor-widget elementor-widget-image-box\" data-id=\"be822c4\" data-element_type=\"widget\" data-widget_type=\"image-box.default\">\n\t\t\t\t\t<div class=\"elementor-image-box-wrapper\"><figure class=\"elementor-image-box-img\"><a href=\"https:\/\/uy1.passresto.com\/en\/fs\/\" tabindex=\"-1\"><img decoding=\"async\" src=\"https:\/\/uy1.passresto.com\/wp-content\/uploads\/elementor\/thumbs\/fs1-rkwbqnq5sj8g6tuupjb4jzq3d95n909aqletxaveyw.jpg\" title=\"fs1\" alt=\"fs1\" loading=\"lazy\" \/><\/a><\/figure><div class=\"elementor-image-box-content\"><h3 class=\"elementor-image-box-title\"><a href=\"https:\/\/uy1.passresto.com\/en\/fs\/\">FS<\/a><\/h3><\/div><\/div>\t\t\t\t<\/div>\n\t\t\t\t<\/div>\n\t\t<div class=\"elementor-element elementor-element-9e4de1c e-con-full e-flex e-con e-child\" data-id=\"9e4de1c\" data-element_type=\"container\">\n\t\t\t\t<div class=\"elementor-element elementor-element-a66d948 elementor-position-top elementor-widget elementor-widget-image-box\" data-id=\"a66d948\" data-element_type=\"widget\" data-widget_type=\"image-box.default\">\n\t\t\t\t\t<div class=\"elementor-image-box-wrapper\"><figure class=\"elementor-image-box-img\"><a href=\"https:\/\/uy1.passresto.com\/en\/fmsb\/\" tabindex=\"-1\"><img decoding=\"async\" src=\"https:\/\/uy1.passresto.com\/wp-content\/uploads\/elementor\/thumbs\/fmsb-rkwbg23ma35qhqa047apqm68hzfke9q0s0v6t45s4g.jpg\" title=\"fmsb\" alt=\"fmsb\" loading=\"lazy\" \/><\/a><\/figure><div class=\"elementor-image-box-content\"><h3 class=\"elementor-image-box-title\"><a href=\"https:\/\/uy1.passresto.com\/en\/fmsb\/\">FMBS<\/a><\/h3><\/div><\/div>\t\t\t\t<\/div>\n\t\t\t\t<\/div>\n\t\t\t\t\t<\/div>\n\t\t\t\t<\/div>\n\t\t<div class=\"elementor-element elementor-element-88069ec e-flex e-con-boxed e-con e-parent\" data-id=\"88069ec\" data-element_type=\"container\">\n\t\t\t\t\t<div class=\"e-con-inner\">\n\t\t<div class=\"elementor-element elementor-element-b555ace e-con-full e-flex e-con e-child\" data-id=\"b555ace\" data-element_type=\"container\">\n\t\t\t\t<div class=\"elementor-element elementor-element-424f9ef elementor-position-top elementor-widget elementor-widget-image-box\" data-id=\"424f9ef\" data-element_type=\"widget\" data-widget_type=\"image-box.default\">\n\t\t\t\t\t<div class=\"elementor-image-box-wrapper\"><figure class=\"elementor-image-box-img\"><a href=\"https:\/\/uy1.passresto.com\/en\/fse\/\" tabindex=\"-1\"><img decoding=\"async\" src=\"https:\/\/uy1.passresto.com\/wp-content\/uploads\/elementor\/thumbs\/fse-rkwc5fqt8rgqq4e2ex9yr9gzlcbe9oxdfqnnjwyl54.jpg\" title=\"fse\" alt=\"fse\" loading=\"lazy\" \/><\/a><\/figure><div class=\"elementor-image-box-content\"><h3 class=\"elementor-image-box-title\"><a href=\"https:\/\/uy1.passresto.com\/en\/fse\/\">FSE<\/a><\/h3><\/div><\/div>\t\t\t\t<\/div>\n\t\t\t\t<\/div>\n\t\t<div class=\"elementor-element elementor-element-606ccb2 e-con-full e-flex e-con e-child\" data-id=\"606ccb2\" data-element_type=\"container\">\n\t\t\t\t<div class=\"elementor-element elementor-element-af311b1 elementor-position-top elementor-widget elementor-widget-image-box\" data-id=\"af311b1\" data-element_type=\"widget\" data-widget_type=\"image-box.default\">\n\t\t\t\t\t<div class=\"elementor-image-box-wrapper\"><figure class=\"elementor-image-box-img\"><a href=\"https:\/\/uy1.passresto.com\/en\/ens\/\" tabindex=\"-1\"><img decoding=\"async\" src=\"https:\/\/uy1.passresto.com\/wp-content\/uploads\/elementor\/thumbs\/ens1-rkw5kur72xlmje1gw5reogpd10ejw8pikrh23pqt8o.jpg\" title=\"ens1\" alt=\"ens1\" loading=\"lazy\" \/><\/a><\/figure><div class=\"elementor-image-box-content\"><h3 class=\"elementor-image-box-title\"><a href=\"https:\/\/uy1.passresto.com\/en\/ens\/\">HTTC<\/a><\/h3><\/div><\/div>\t\t\t\t<\/div>\n\t\t\t\t<\/div>\n\t\t<div class=\"elementor-element elementor-element-2cd865c e-con-full e-flex e-con e-child\" data-id=\"2cd865c\" data-element_type=\"container\">\n\t\t\t\t<div class=\"elementor-element elementor-element-c4c6b68 elementor-position-top elementor-widget elementor-widget-image-box\" data-id=\"c4c6b68\" data-element_type=\"widget\" data-widget_type=\"image-box.default\">\n\t\t\t\t\t<div class=\"elementor-image-box-wrapper\"><figure class=\"elementor-image-box-img\"><a href=\"https:\/\/uy1.passresto.com\/en\/enspy\/\" tabindex=\"-1\"><img decoding=\"async\" src=\"https:\/\/uy1.passresto.com\/wp-content\/uploads\/elementor\/thumbs\/polytech-rkwaph7zggc4y3v3tgqdxdhpgkeys0niykfeja013c.jpg\" title=\"polytech\" alt=\"polytech\" loading=\"lazy\" \/><\/a><\/figure><div class=\"elementor-image-box-content\"><h3 class=\"elementor-image-box-title\"><a href=\"https:\/\/uy1.passresto.com\/en\/enspy\/\">NAPSY<\/a><\/h3><\/div><\/div>\t\t\t\t<\/div>\n\t\t\t\t<\/div>\n\t\t\t\t\t<\/div>\n\t\t\t\t<\/div>\n\t\t<div class=\"elementor-element elementor-element-64a0035 e-flex e-con-boxed e-con e-parent\" data-id=\"64a0035\" data-element_type=\"container\">\n\t\t\t\t\t<div class=\"e-con-inner\">\n\t\t<div class=\"elementor-element elementor-element-67e3cea e-con-full e-flex e-con e-child\" data-id=\"67e3cea\" data-element_type=\"container\">\n\t\t\t\t<div class=\"elementor-element elementor-element-c8a248d elementor-position-top elementor-widget elementor-widget-image-box\" data-id=\"c8a248d\" data-element_type=\"widget\" data-widget_type=\"image-box.default\">\n\t\t\t\t\t<div class=\"elementor-image-box-wrapper\"><figure class=\"elementor-image-box-img\"><a href=\"https:\/\/uy1.passresto.com\/en\/iut-bois\/\" tabindex=\"-1\"><img fetchpriority=\"high\" decoding=\"async\" width=\"700\" height=\"400\" src=\"https:\/\/uy1.passresto.com\/wp-content\/uploads\/2026\/03\/iut-bois2.jpg\" class=\"attachment-large size-large wp-image-10774\" alt=\"\" srcset=\"https:\/\/uy1.passresto.com\/wp-content\/uploads\/2026\/03\/iut-bois2.jpg 700w, https:\/\/uy1.passresto.com\/wp-content\/uploads\/2026\/03\/iut-bois2-300x171.jpg 300w, https:\/\/uy1.passresto.com\/wp-content\/uploads\/2026\/03\/iut-bois2-18x10.jpg 18w, https:\/\/uy1.passresto.com\/wp-content\/uploads\/2026\/03\/iut-bois2-600x343.jpg 600w, https:\/\/uy1.passresto.com\/wp-content\/uploads\/2026\/03\/iut-bois2-560x320.jpg 560w\" sizes=\"(max-width: 700px) 100vw, 700px\" \/><\/a><\/figure><div class=\"elementor-image-box-content\"><h3 class=\"elementor-image-box-title\"><a href=\"https:\/\/uy1.passresto.com\/en\/iut-bois\/\">UIT-Wood<\/a><\/h3><\/div><\/div>\t\t\t\t<\/div>\n\t\t\t\t<\/div>\n\t\t<div class=\"elementor-element elementor-element-1cb9356 e-con-full e-flex e-con e-child\" data-id=\"1cb9356\" data-element_type=\"container\">\n\t\t\t\t<\/div>\n\t\t<div class=\"elementor-element elementor-element-82750b4 e-con-full e-flex e-con e-child\" data-id=\"82750b4\" data-element_type=\"container\">\n\t\t\t\t<\/div>\n\t\t\t\t\t<\/div>\n\t\t\t\t<\/div>\n\t\t\t\t<\/div>","protected":false},"excerpt":{"rendered":"<p>Facult\u00e9s, Grandes \u00c9coles, Instituts, D\u00e9partements et unit\u00e9s de recherches de l\u2019UYI L\u2019UYI compte 07 \u00e9tablissements compos\u00e9s de 04 facult\u00e9s, 02 grandes \u00e9coles et 01 institut r\u00e9partis sur 03 campus, \u00e0 Yaound\u00e9 Ngoa-Ekell\u00e9, \u00e0 Yaound\u00e9 Nkolbissoet et \u00e0 Mbalmayo. Ces 07 \u00e9tablissements proposent un vaste choix de formations dans trois grands secteurs: Les sciences humaines, sociales\u2026 <a class=\"more-link\" href=\"https:\/\/uy1.passresto.com\/en\/facultes-grandes-ecoles-instituts-departements-et-unites-de-recherches\/\">Read more<\/a><\/p>","protected":false},"author":1,"featured_media":10156,"parent":0,"menu_order":0,"comment_status":"closed","ping_status":"closed","template":"elementor_header_footer","meta":{"give_campaign_id":0,"footnotes":""},"class_list":["post-10561","page","type-page","status-publish","has-post-thumbnail","hentry"],"campaignId":"","_links":{"self":[{"href":"https:\/\/uy1.passresto.com\/en\/wp-json\/wp\/v2\/pages\/10561","targetHints":{"allow":["GET"]}}],"collection":[{"href":"https:\/\/uy1.passresto.com\/en\/wp-json\/wp\/v2\/pages"}],"about":[{"href":"https:\/\/uy1.passresto.com\/en\/wp-json\/wp\/v2\/types\/page"}],"author":[{"embeddable":true,"href":"https:\/\/uy1.passresto.com\/en\/wp-json\/wp\/v2\/users\/1"}],"replies":[{"embeddable":true,"href":"https:\/\/uy1.passresto.com\/en\/wp-json\/wp\/v2\/comments?post=10561"}],"version-history":[{"count":53,"href":"https:\/\/uy1.passresto.com\/en\/wp-json\/wp\/v2\/pages\/10561\/revisions"}],"predecessor-version":[{"id":11273,"href":"https:\/\/uy1.passresto.com\/en\/wp-json\/wp\/v2\/pages\/10561\/revisions\/11273"}],"wp:featuredmedia":[{"embeddable":true,"href":"https:\/\/uy1.passresto.com\/en\/wp-json\/wp\/v2\/media\/10156"}],"wp:attachment":[{"href":"https:\/\/uy1.passresto.com\/en\/wp-json\/wp\/v2\/media?parent=10561"}],"curies":[{"name":"wp","href":"https:\/\/api.w.org\/{rel}","templated":true}]}}