{"id":10484,"date":"2026-03-17T09:38:40","date_gmt":"2026-03-17T08:38:40","guid":{"rendered":"https:\/\/uy1.passresto.com\/?page_id=10484"},"modified":"2026-04-04T12:28:19","modified_gmt":"2026-04-04T10:28:19","slug":"administration-centrale","status":"publish","type":"page","link":"https:\/\/uy1.passresto.com\/en\/administration-centrale\/","title":{"rendered":"Central Administration"},"content":{"rendered":"<div data-elementor-type=\"wp-page\" data-elementor-id=\"10484\" class=\"elementor elementor-10484\">\n\t\t\t\t<div class=\"elementor-element elementor-element-d188170 e-flex e-con-boxed e-con e-parent\" data-id=\"d188170\" data-element_type=\"container\">\n\t\t\t\t\t<div class=\"e-con-inner\">\n\t\t\t\t<div class=\"elementor-element elementor-element-0c8a4ee elementor-widget elementor-widget-heading\" data-id=\"0c8a4ee\" data-element_type=\"widget\" data-widget_type=\"heading.default\">\n\t\t\t\t\t<h2 class=\"elementor-heading-title elementor-size-default\">L\u2019Administration Centrale de l\u2019UYI<\/h2>\t\t\t\t<\/div>\n\t\t\t\t<div class=\"elementor-element elementor-element-ea7e5d0 elementor-widget elementor-widget-text-editor\" data-id=\"ea7e5d0\" data-element_type=\"widget\" data-widget_type=\"text-editor.default\">\n\t\t\t\t\t\t\t\t\t<div>The Central Administration or Central Services of the University of Yaounde I\n(UYI) comprises:<\/div><ul><li>\u00a0The Secretariat General<\/li><li>The Department of Academic Affairs and Cooperation (DAAC)<\/li><li>The Department of Administrative and Financial Affairs (DAAF)<\/li><li>The Department of Infrastructure, Planning and Development (DIPD);<\/li><li>The Department of the University Welfare Services Centre (DCOU)<\/li><li>The Medical and Social Centre (MSC).<\/li><\/ul>\t\t\t\t\t\t\t\t<\/div>\n\t\t\t\t\t<\/div>\n\t\t\t\t<\/div>\n\t\t<div class=\"elementor-element elementor-element-bf383b3 e-flex e-con-boxed e-con e-parent\" data-id=\"bf383b3\" data-element_type=\"container\">\n\t\t\t\t\t<div class=\"e-con-inner\">\n\t\t<div class=\"elementor-element elementor-element-3833e3c e-con-full e-flex e-con e-child\" data-id=\"3833e3c\" data-element_type=\"container\">\n\t\t\t\t<div class=\"elementor-element elementor-element-d116cd3 elementor-position-top elementor-widget elementor-widget-image-box\" data-id=\"d116cd3\" data-element_type=\"widget\" data-widget_type=\"image-box.default\">\n\t\t\t\t\t<div class=\"elementor-image-box-wrapper\"><figure class=\"elementor-image-box-img\"><a href=\"https:\/\/uy1.passresto.com\/en\/sg\/\" tabindex=\"-1\"><img fetchpriority=\"high\" decoding=\"async\" width=\"1682\" height=\"980\" src=\"https:\/\/uy1.passresto.com\/wp-content\/uploads\/2026\/03\/rectorat.png\" class=\"attachment-full size-full wp-image-10156\" alt=\"\" srcset=\"https:\/\/uy1.passresto.com\/wp-content\/uploads\/2026\/03\/rectorat.png 1682w, https:\/\/uy1.passresto.com\/wp-content\/uploads\/2026\/03\/rectorat-300x175.png 300w, https:\/\/uy1.passresto.com\/wp-content\/uploads\/2026\/03\/rectorat-1024x597.png 1024w, https:\/\/uy1.passresto.com\/wp-content\/uploads\/2026\/03\/rectorat-768x447.png 768w, https:\/\/uy1.passresto.com\/wp-content\/uploads\/2026\/03\/rectorat-1536x895.png 1536w, https:\/\/uy1.passresto.com\/wp-content\/uploads\/2026\/03\/rectorat-18x10.png 18w, https:\/\/uy1.passresto.com\/wp-content\/uploads\/2026\/03\/rectorat-600x350.png 600w, https:\/\/uy1.passresto.com\/wp-content\/uploads\/2026\/03\/rectorat-560x326.png 560w\" sizes=\"(max-width: 1682px) 100vw, 1682px\" \/><\/a><\/figure><div class=\"elementor-image-box-content\"><h3 class=\"elementor-image-box-title\"><a href=\"https:\/\/uy1.passresto.com\/en\/sg\/\">SG<\/a><\/h3><\/div><\/div>\t\t\t\t<\/div>\n\t\t\t\t<\/div>\n\t\t<div class=\"elementor-element elementor-element-070a08d e-con-full e-flex e-con e-child\" data-id=\"070a08d\" data-element_type=\"container\">\n\t\t\t\t<div class=\"elementor-element elementor-element-e7294a4 elementor-position-top elementor-widget elementor-widget-image-box\" data-id=\"e7294a4\" data-element_type=\"widget\" data-widget_type=\"image-box.default\">\n\t\t\t\t\t<div class=\"elementor-image-box-wrapper\"><figure class=\"elementor-image-box-img\"><a href=\"https:\/\/uy1.passresto.com\/en\/daac\/\" tabindex=\"-1\"><img decoding=\"async\" width=\"1386\" height=\"624\" src=\"https:\/\/uy1.passresto.com\/wp-content\/uploads\/2026\/03\/DAAC.jpg\" class=\"attachment-1536x1536 size-1536x1536 wp-image-10533\" alt=\"\" srcset=\"https:\/\/uy1.passresto.com\/wp-content\/uploads\/2026\/03\/DAAC.jpg 1386w, https:\/\/uy1.passresto.com\/wp-content\/uploads\/2026\/03\/DAAC-300x135.jpg 300w, https:\/\/uy1.passresto.com\/wp-content\/uploads\/2026\/03\/DAAC-1024x461.jpg 1024w, https:\/\/uy1.passresto.com\/wp-content\/uploads\/2026\/03\/DAAC-768x346.jpg 768w, https:\/\/uy1.passresto.com\/wp-content\/uploads\/2026\/03\/DAAC-18x8.jpg 18w, https:\/\/uy1.passresto.com\/wp-content\/uploads\/2026\/03\/DAAC-600x270.jpg 600w, https:\/\/uy1.passresto.com\/wp-content\/uploads\/2026\/03\/DAAC-560x252.jpg 560w\" sizes=\"(max-width: 1386px) 100vw, 1386px\" \/><\/a><\/figure><div class=\"elementor-image-box-content\"><h3 class=\"elementor-image-box-title\"><a href=\"https:\/\/uy1.passresto.com\/en\/daac\/\">DAAC<\/a><\/h3><\/div><\/div>\t\t\t\t<\/div>\n\t\t\t\t<\/div>\n\t\t<div class=\"elementor-element elementor-element-59cf4bb e-con-full e-flex e-con e-child\" data-id=\"59cf4bb\" data-element_type=\"container\">\n\t\t\t\t<div class=\"elementor-element elementor-element-7fe8b26 elementor-position-top elementor-widget elementor-widget-image-box\" data-id=\"7fe8b26\" data-element_type=\"widget\" data-widget_type=\"image-box.default\">\n\t\t\t\t\t<div class=\"elementor-image-box-wrapper\"><figure class=\"elementor-image-box-img\"><a href=\"https:\/\/uy1.passresto.com\/en\/daaf\/\" tabindex=\"-1\"><img fetchpriority=\"high\" decoding=\"async\" width=\"1682\" height=\"980\" src=\"https:\/\/uy1.passresto.com\/wp-content\/uploads\/2026\/03\/rectorat.png\" class=\"attachment-full size-full wp-image-10156\" alt=\"\" srcset=\"https:\/\/uy1.passresto.com\/wp-content\/uploads\/2026\/03\/rectorat.png 1682w, https:\/\/uy1.passresto.com\/wp-content\/uploads\/2026\/03\/rectorat-300x175.png 300w, https:\/\/uy1.passresto.com\/wp-content\/uploads\/2026\/03\/rectorat-1024x597.png 1024w, https:\/\/uy1.passresto.com\/wp-content\/uploads\/2026\/03\/rectorat-768x447.png 768w, https:\/\/uy1.passresto.com\/wp-content\/uploads\/2026\/03\/rectorat-1536x895.png 1536w, https:\/\/uy1.passresto.com\/wp-content\/uploads\/2026\/03\/rectorat-18x10.png 18w, https:\/\/uy1.passresto.com\/wp-content\/uploads\/2026\/03\/rectorat-600x350.png 600w, https:\/\/uy1.passresto.com\/wp-content\/uploads\/2026\/03\/rectorat-560x326.png 560w\" sizes=\"(max-width: 1682px) 100vw, 1682px\" \/><\/a><\/figure><div class=\"elementor-image-box-content\"><h3 class=\"elementor-image-box-title\"><a href=\"https:\/\/uy1.passresto.com\/en\/daaf\/\">DAAF<\/a><\/h3><\/div><\/div>\t\t\t\t<\/div>\n\t\t\t\t<\/div>\n\t\t\t\t\t<\/div>\n\t\t\t\t<\/div>\n\t\t<div class=\"elementor-element elementor-element-4b6191a e-flex e-con-boxed e-con e-parent\" data-id=\"4b6191a\" data-element_type=\"container\">\n\t\t\t\t\t<div class=\"e-con-inner\">\n\t\t<div class=\"elementor-element elementor-element-745ac3b e-con-full e-flex e-con e-child\" data-id=\"745ac3b\" data-element_type=\"container\">\n\t\t\t\t<div class=\"elementor-element elementor-element-ef1f1ba elementor-position-top elementor-widget elementor-widget-image-box\" data-id=\"ef1f1ba\" data-element_type=\"widget\" data-widget_type=\"image-box.default\">\n\t\t\t\t\t<div class=\"elementor-image-box-wrapper\"><figure class=\"elementor-image-box-img\"><a href=\"https:\/\/uy1.passresto.com\/en\/dipd\/\" tabindex=\"-1\"><img decoding=\"async\" width=\"1386\" height=\"624\" src=\"https:\/\/uy1.passresto.com\/wp-content\/uploads\/2026\/03\/DAAC.jpg\" class=\"attachment-full size-full wp-image-10533\" alt=\"\" srcset=\"https:\/\/uy1.passresto.com\/wp-content\/uploads\/2026\/03\/DAAC.jpg 1386w, https:\/\/uy1.passresto.com\/wp-content\/uploads\/2026\/03\/DAAC-300x135.jpg 300w, https:\/\/uy1.passresto.com\/wp-content\/uploads\/2026\/03\/DAAC-1024x461.jpg 1024w, https:\/\/uy1.passresto.com\/wp-content\/uploads\/2026\/03\/DAAC-768x346.jpg 768w, https:\/\/uy1.passresto.com\/wp-content\/uploads\/2026\/03\/DAAC-18x8.jpg 18w, https:\/\/uy1.passresto.com\/wp-content\/uploads\/2026\/03\/DAAC-600x270.jpg 600w, https:\/\/uy1.passresto.com\/wp-content\/uploads\/2026\/03\/DAAC-560x252.jpg 560w\" sizes=\"(max-width: 1386px) 100vw, 1386px\" \/><\/a><\/figure><div class=\"elementor-image-box-content\"><h3 class=\"elementor-image-box-title\"><a href=\"https:\/\/uy1.passresto.com\/en\/dipd\/\">DIPD<\/a><\/h3><\/div><\/div>\t\t\t\t<\/div>\n\t\t\t\t<\/div>\n\t\t<div class=\"elementor-element elementor-element-f3aebcd e-con-full e-flex e-con e-child\" data-id=\"f3aebcd\" data-element_type=\"container\">\n\t\t\t\t<div class=\"elementor-element elementor-element-7439124 elementor-position-top elementor-widget elementor-widget-image-box\" data-id=\"7439124\" data-element_type=\"widget\" data-widget_type=\"image-box.default\">\n\t\t\t\t\t<div class=\"elementor-image-box-wrapper\"><figure class=\"elementor-image-box-img\"><a href=\"https:\/\/uy1.passresto.com\/en\/dcou\/\" tabindex=\"-1\"><img decoding=\"async\" src=\"https:\/\/uy1.passresto.com\/wp-content\/uploads\/2026\/03\/DCOU.jpg\" title=\"DCOU\" alt=\"DCOU\" loading=\"lazy\" \/><\/a><\/figure><div class=\"elementor-image-box-content\"><h3 class=\"elementor-image-box-title\"><a href=\"https:\/\/uy1.passresto.com\/en\/dcou\/\">DCOU<\/a><\/h3><\/div><\/div>\t\t\t\t<\/div>\n\t\t\t\t<\/div>\n\t\t<div class=\"elementor-element elementor-element-1dcd1d6 e-con-full e-flex e-con e-child\" data-id=\"1dcd1d6\" data-element_type=\"container\">\n\t\t\t\t<div class=\"elementor-element elementor-element-8455856 elementor-position-top elementor-widget elementor-widget-image-box\" data-id=\"8455856\" data-element_type=\"widget\" data-widget_type=\"image-box.default\">\n\t\t\t\t\t<div class=\"elementor-image-box-wrapper\"><figure class=\"elementor-image-box-img\"><a href=\"https:\/\/uy1.passresto.com\/en\/cms\/\" tabindex=\"-1\"><img decoding=\"async\" src=\"https:\/\/uy1.passresto.com\/wp-content\/uploads\/2026\/03\/cms.png\" title=\"cms\" alt=\"cms\" loading=\"lazy\" \/><\/a><\/figure><div class=\"elementor-image-box-content\"><h3 class=\"elementor-image-box-title\"><a href=\"https:\/\/uy1.passresto.com\/en\/cms\/\">CMS<\/a><\/h3><\/div><\/div>\t\t\t\t<\/div>\n\t\t\t\t<\/div>\n\t\t\t\t\t<\/div>\n\t\t\t\t<\/div>\n\t\t\t\t<\/div>","protected":false},"excerpt":{"rendered":"<p>L\u2019Administration Centrale de l\u2019UYI L\u2019Administration centrale ou les Services centraux de l\u2019Universit\u00e9 de Yaound\u00e9 I (UYI) comprend\u00a0: \u00a0Le Secr\u00e9tariat G\u00e9n\u00e9ral (SG) La Direction des Affaires Acad\u00e9miques et de la Coop\u00e9ration (DAAC) La Direction des Affaires Administratives et Financi\u00e8res (DAAF) La Direction des Infrastructures, de la Planification et du D\u00e9veloppement (DIPD) La Direction du Centre des\u2026 <a class=\"more-link\" href=\"https:\/\/uy1.passresto.com\/en\/administration-centrale\/\">Read more<\/a><\/p>","protected":false},"author":1,"featured_media":10156,"parent":0,"menu_order":0,"comment_status":"closed","ping_status":"closed","template":"elementor_header_footer","meta":{"give_campaign_id":0,"footnotes":""},"class_list":["post-10484","page","type-page","status-publish","has-post-thumbnail","hentry"],"campaignId":"","_links":{"self":[{"href":"https:\/\/uy1.passresto.com\/en\/wp-json\/wp\/v2\/pages\/10484","targetHints":{"allow":["GET"]}}],"collection":[{"href":"https:\/\/uy1.passresto.com\/en\/wp-json\/wp\/v2\/pages"}],"about":[{"href":"https:\/\/uy1.passresto.com\/en\/wp-json\/wp\/v2\/types\/page"}],"author":[{"embeddable":true,"href":"https:\/\/uy1.passresto.com\/en\/wp-json\/wp\/v2\/users\/1"}],"replies":[{"embeddable":true,"href":"https:\/\/uy1.passresto.com\/en\/wp-json\/wp\/v2\/comments?post=10484"}],"version-history":[{"count":52,"href":"https:\/\/uy1.passresto.com\/en\/wp-json\/wp\/v2\/pages\/10484\/revisions"}],"predecessor-version":[{"id":11211,"href":"https:\/\/uy1.passresto.com\/en\/wp-json\/wp\/v2\/pages\/10484\/revisions\/11211"}],"wp:featuredmedia":[{"embeddable":true,"href":"https:\/\/uy1.passresto.com\/en\/wp-json\/wp\/v2\/media\/10156"}],"wp:attachment":[{"href":"https:\/\/uy1.passresto.com\/en\/wp-json\/wp\/v2\/media?parent=10484"}],"curies":[{"name":"wp","href":"https:\/\/api.w.org\/{rel}","templated":true}]}}