{"id":10482,"date":"2026-03-17T09:34:43","date_gmt":"2026-03-17T08:34:43","guid":{"rendered":"https:\/\/uy1.passresto.com\/?page_id=10482"},"modified":"2026-03-17T10:11:13","modified_gmt":"2026-03-17T09:11:13","slug":"le-conseil-dadministration","status":"publish","type":"page","link":"https:\/\/uy1.passresto.com\/en\/le-conseil-dadministration\/","title":{"rendered":"Board of Governors"},"content":{"rendered":"<div data-elementor-type=\"wp-page\" data-elementor-id=\"10482\" class=\"elementor elementor-10482\">\n\t\t\t\t<div class=\"elementor-element elementor-element-b98e220 e-flex e-con-boxed e-con e-parent\" data-id=\"b98e220\" data-element_type=\"container\">\n\t\t\t\t\t<div class=\"e-con-inner\">\n\t\t\t\t<div class=\"elementor-element elementor-element-5148fbd elementor-widget elementor-widget-ova_heading\" data-id=\"5148fbd\" data-element_type=\"widget\" data-widget_type=\"ova_heading.default\">\n\t\t\t\t<div class=\"elementor-widget-container\">\n\t\t\t\t\t\t\t<div class=\"ova-heading\">\n\t\t\t\n\t\t\t\t\t\t\t<h3 class=\"title second_font\">Board of Governors<\/h3>\n\t\t\t\n\t\t\t\n\t\t<\/div>\n\t\t\t\t\t\t<\/div>\n\t\t\t\t<\/div>\n\t\t\t\t<div class=\"elementor-element elementor-element-f08cb74 elementor-widget elementor-widget-text-editor\" data-id=\"f08cb74\" data-element_type=\"widget\" data-widget_type=\"text-editor.default\">\n\t\t\t\t\t\t\t\t\t<div><div>The Board of Governors is the decision-making body of the University of\nYaounde I (UYI). Its composition and powers are set out in the instruments in\nforce. It is chaired by the Chairperson of the Board of Governors, while the\nRector provides secretarial duties. The Board of Governors meets at least\ntwice a year to consider the matters submitted thereto<\/div><\/div>\t\t\t\t\t\t\t\t<\/div>\n\t\t\t\t<div class=\"elementor-element elementor-element-2d0349a elementor-widget elementor-widget-text-editor\" data-id=\"2d0349a\" data-element_type=\"widget\" data-widget_type=\"text-editor.default\">\n\t\t\t\t\t\t\t\t\t<div>Chairperson of the Board of Governors: <strong>TCHUENTE Maurice<\/strong><\/div><div>Secretariat of the Board of Governors:\u00a0 <strong>ETOUA R\u00e9my Magloire Dieudonn\u00e9<\/strong><\/div>\t\t\t\t\t\t\t\t<\/div>\n\t\t\t\t<div class=\"elementor-element elementor-element-c73ea39 elementor-widget elementor-widget-ova_heading\" data-id=\"c73ea39\" data-element_type=\"widget\" data-widget_type=\"ova_heading.default\">\n\t\t\t\t<div class=\"elementor-widget-container\">\n\t\t\t\t\t\t\t<div class=\"ova-heading\">\n\t\t\t\n\t\t\t\t\t\t\t<h3 class=\"title second_font\">Members of the Board of Governors Representatives of Ministries<\/h3>\n\t\t\t\n\t\t\t\n\t\t<\/div>\n\t\t\t\t\t\t<\/div>\n\t\t\t\t<\/div>\n\t\t\t\t<div class=\"elementor-element elementor-element-e6a9575 elementor-widget elementor-widget-text-editor\" data-id=\"e6a9575\" data-element_type=\"widget\" data-widget_type=\"text-editor.default\">\n\t\t\t\t\t\t\t\t\t<div>Representative of the Presidency of the Republic (PRC): <strong>AYISSI ETEME Adolphe<\/strong><\/div><div>Representative of the Prime Minister\u2019s Office (PMO):\u00a0 <strong>Cheka Ngasah Cosmas<\/strong><\/div>\t\t\t\t\t\t\t\t<\/div>\n\t\t\t\t<div class=\"elementor-element elementor-element-e282342 elementor-widget elementor-widget-ova_heading\" data-id=\"e282342\" data-element_type=\"widget\" data-widget_type=\"ova_heading.default\">\n\t\t\t\t<div class=\"elementor-widget-container\">\n\t\t\t\t\t\t\t<div class=\"ova-heading\">\n\t\t\t\n\t\t\t\t\t\t\t<h3 class=\"title second_font\">Representative of the Ministry of Higher Education (MINESUP):<\/h3>\n\t\t\t\n\t\t\t\n\t\t<\/div>\n\t\t\t\t\t\t<\/div>\n\t\t\t\t<\/div>\n\t\t\t\t<div class=\"elementor-element elementor-element-7e1d8bf elementor-widget elementor-widget-text-editor\" data-id=\"7e1d8bf\" data-element_type=\"widget\" data-widget_type=\"text-editor.default\">\n\t\t\t\t\t\t\t\t\t<p>Representative of the Ministry of Finance (MINFI):\u00a0 <strong>Onana Nga Ambroise<\/strong><br \/>Representative of the Ministry of Planning and Regional Development\n(MINEPAT):\u00a0 <strong>Ngwen Ngangue<\/strong><br \/>Representative of the Ministry of Scientific Research and Innovation\n(MINRESI):\u00a0 <strong>Zoa Zoa Joseph Yves<\/strong><br \/>Representative of the Ministry of Public Service and Administrative Reform\n(MINFOPRA):\u00a0 <strong>Mboe Ottou Christine\u00a0<\/strong><\/p>\t\t\t\t\t\t\t\t<\/div>\n\t\t\t\t<div class=\"elementor-element elementor-element-cda5698 elementor-widget elementor-widget-ova_heading\" data-id=\"cda5698\" data-element_type=\"widget\" data-widget_type=\"ova_heading.default\">\n\t\t\t\t<div class=\"elementor-widget-container\">\n\t\t\t\t\t\t\t<div class=\"ova-heading\">\n\t\t\t\n\t\t\t\t\t\t\t<h3 class=\"title second_font\">Statutory members<\/h3>\n\t\t\t\n\t\t\t\n\t\t<\/div>\n\t\t\t\t\t\t<\/div>\n\t\t\t\t<\/div>\n\t\t\t\t<div class=\"elementor-element elementor-element-49583e3 elementor-widget elementor-widget-text-editor\" data-id=\"49583e3\" data-element_type=\"widget\" data-widget_type=\"text-editor.default\">\n\t\t\t\t\t\t\t\t\t<p>VREPDTIC:\u00a0 <strong>Njoya Jean<\/strong><br \/>VRCIE:\u00a0 <strong>Ngwanza St\u00e9phane<\/strong><br \/>VRCRME:\u00a0 <strong>Biloa Edmond<\/strong><br \/>TA:\u00a0 <strong>Andjiga Nicolas Gabriel<\/strong><br \/>Special guests of the Chairperson of the Board of Governors<br \/>DAAC:\u00a0 <strong>Foe Ndi, n\u00e9e Ngah Essomba H\u00e9l\u00e8ne Chantal<\/strong><br \/>DAAF:\u00a0 <strong>ABATE EDII Solange<\/strong><br \/>DIPD: <br \/>DCOU:\u00a0 <strong>NTYAMA Socrate<\/strong><br \/>AC:\u00a0 <strong>ASIS ASSOM BADANG<\/strong><br \/>CF:\u00a0 <strong>MFOULA L\u00e9onie<\/strong><\/p>\t\t\t\t\t\t\t\t<\/div>\n\t\t\t\t<div class=\"elementor-element elementor-element-3f97dba elementor-widget elementor-widget-ova_heading\" data-id=\"3f97dba\" data-element_type=\"widget\" data-widget_type=\"ova_heading.default\">\n\t\t\t\t<div class=\"elementor-widget-container\">\n\t\t\t\t\t\t\t<div class=\"ova-heading\">\n\t\t\t\n\t\t\t\t\t\t\t<h3 class=\"title second_font\">Representative of the teaching corps<\/h3>\n\t\t\t\n\t\t\t\n\t\t<\/div>\n\t\t\t\t\t\t<\/div>\n\t\t\t\t<\/div>\n\t\t\t\t<div class=\"elementor-element elementor-element-f9f4dbd elementor-widget elementor-widget-ova_heading\" data-id=\"f9f4dbd\" data-element_type=\"widget\" data-widget_type=\"ova_heading.default\">\n\t\t\t\t<div class=\"elementor-widget-container\">\n\t\t\t\t\t\t\t<div class=\"ova-heading\">\n\t\t\t\n\t\t\t\t\t\t\t<h3 class=\"title second_font\">Representative of support staff<\/h3>\n\t\t\t\n\t\t\t\n\t\t<\/div>\n\t\t\t\t\t\t<\/div>\n\t\t\t\t<\/div>\n\t\t\t\t<div class=\"elementor-element elementor-element-e8bdd49 elementor-widget elementor-widget-ova_heading\" data-id=\"e8bdd49\" data-element_type=\"widget\" data-widget_type=\"ova_heading.default\">\n\t\t\t\t<div class=\"elementor-widget-container\">\n\t\t\t\t\t\t\t<div class=\"ova-heading\">\n\t\t\t\n\t\t\t\t\t\t\t<h3 class=\"title second_font\">Students\u2019 representative, renewed each year<\/h3>\n\t\t\t\n\t\t\t\n\t\t<\/div>\n\t\t\t\t\t\t<\/div>\n\t\t\t\t<\/div>\n\t\t\t\t\t<\/div>\n\t\t\t\t<\/div>\n\t\t\t\t<\/div>","protected":false},"excerpt":{"rendered":"<p>Le Conseil d\u2019Administration Le Conseil d&rsquo;Administration (CA) est l&rsquo;organe d\u00e9cisionnel de l&rsquo;Universit\u00e9 de Yaound\u00e9 I (UYI), sa composition et ses comp\u00e9tences sont d\u00e9finies par les textes en vigueur. Pr\u00e9sid\u00e9 par le Pr\u00e9sident du Conseil d\u2019Administration (PCA), le Recteur assure le Secr\u00e9tariat dudit Conseil. Le Conseil d&rsquo;Administration se r\u00e9unit au moins deux fois par an afin\u2026 <a class=\"more-link\" href=\"https:\/\/uy1.passresto.com\/en\/le-conseil-dadministration\/\">Read more<\/a><\/p>","protected":false},"author":1,"featured_media":10156,"parent":0,"menu_order":0,"comment_status":"closed","ping_status":"closed","template":"elementor_header_footer","meta":{"give_campaign_id":0,"footnotes":""},"class_list":["post-10482","page","type-page","status-publish","has-post-thumbnail","hentry"],"campaignId":"","_links":{"self":[{"href":"https:\/\/uy1.passresto.com\/en\/wp-json\/wp\/v2\/pages\/10482","targetHints":{"allow":["GET"]}}],"collection":[{"href":"https:\/\/uy1.passresto.com\/en\/wp-json\/wp\/v2\/pages"}],"about":[{"href":"https:\/\/uy1.passresto.com\/en\/wp-json\/wp\/v2\/types\/page"}],"author":[{"embeddable":true,"href":"https:\/\/uy1.passresto.com\/en\/wp-json\/wp\/v2\/users\/1"}],"replies":[{"embeddable":true,"href":"https:\/\/uy1.passresto.com\/en\/wp-json\/wp\/v2\/comments?post=10482"}],"version-history":[{"count":26,"href":"https:\/\/uy1.passresto.com\/en\/wp-json\/wp\/v2\/pages\/10482\/revisions"}],"predecessor-version":[{"id":10520,"href":"https:\/\/uy1.passresto.com\/en\/wp-json\/wp\/v2\/pages\/10482\/revisions\/10520"}],"wp:featuredmedia":[{"embeddable":true,"href":"https:\/\/uy1.passresto.com\/en\/wp-json\/wp\/v2\/media\/10156"}],"wp:attachment":[{"href":"https:\/\/uy1.passresto.com\/en\/wp-json\/wp\/v2\/media?parent=10482"}],"curies":[{"name":"wp","href":"https:\/\/api.w.org\/{rel}","templated":true}]}}