{"id":10333,"date":"2026-03-13T08:28:32","date_gmt":"2026-03-13T07:28:32","guid":{"rendered":"https:\/\/uy1.passresto.com\/?page_id=10333"},"modified":"2026-03-13T09:37:36","modified_gmt":"2026-03-13T08:37:36","slug":"culture","status":"publish","type":"page","link":"https:\/\/uy1.passresto.com\/en\/culture\/","title":{"rendered":"Culture"},"content":{"rendered":"<div data-elementor-type=\"wp-page\" data-elementor-id=\"10333\" class=\"elementor elementor-10333\">\n\t\t\t\t<div class=\"elementor-element elementor-element-d188170 e-flex e-con-boxed e-con e-parent\" data-id=\"d188170\" data-element_type=\"container\">\n\t\t\t\t\t<div class=\"e-con-inner\">\n\t\t\t\t<div class=\"elementor-element elementor-element-0c8a4ee elementor-widget elementor-widget-heading\" data-id=\"0c8a4ee\" data-element_type=\"widget\" data-widget_type=\"heading.default\">\n\t\t\t\t\t<h2 class=\"elementor-heading-title elementor-size-default\">S\u2019\u00e9panouir \u00e0 l\u2019UYI par la Culture<\/h2>\t\t\t\t<\/div>\n\t\t\t\t<div class=\"elementor-element elementor-element-ea7e5d0 elementor-widget elementor-widget-text-editor\" data-id=\"ea7e5d0\" data-element_type=\"widget\" data-widget_type=\"text-editor.default\">\n\t\t\t\t\t\t\t\t\t<div>La culture \u00e0 l&rsquo;Universit\u00e9 de Yaound\u00e9 I (UYI) se dynamise avec la cr\u00e9ation de l&rsquo;espace \u00ab\u00a0Univers Cit\u00e9 Culture\u00a0\u00bb <strong>MAJESTIC UNIVERSITE YAOUNDE I<\/strong> d\u00e9but 2025 et dont l\u2019inauguration officielle a eu lieu sous le pr\u00e9sidence du Ministre d\u2019Etat, Ministre de l\u2019Enseignement Sup\u00e9rieur, Jacques FAME NDONGO, le 27 f\u00e9vrier 2026. Un nouveau hub cr\u00e9atif g\u00e9r\u00e9 avec les Acteurs des Industries Culturelles et Cr\u00e9atives du Cameroun (ACTICCC)\u00a0pour les \u00e9tudiants. L&rsquo;institution favorise \u00e9galement une culture de l&rsquo;\u00e9valuation et de l&rsquo;entrepreneuriat, soutenue par des initiatives comme celles de l&rsquo;UNICEF.\u00a0Quelques points cl\u00e9s :<\/div>\n<div><\/div>\n<ul>\n \t<li>\u00a0<strong>Nouvel Espace Culturel<\/strong> : L&rsquo;ancien site de Canal Olympia de Bollor\u00e9 est reconverti en un centre culturel pluridisciplinaire pour la formation et l&rsquo;expression artistique.<\/li>\n \t<li><strong>Vie \u00c9tudiante<\/strong> : Promotion de la culture \u00e9valuative (plus de 300 participants \u00e0 des caravanes).<\/li>\n \t<li><strong>Development<\/strong> : Collaboration avec le Groupement des Acteurs des Industries Culturelles et Cr\u00e9atives du Cameroun (ACTICCC) pour professionnaliser les jeunes cr\u00e9ateurs.<\/li>\n<\/ul>\n<div>Ces initiatives visent \u00e0 faire de l&rsquo;UYI un p\u00f4le de l&rsquo;\u00e9conomie cr\u00e9ative au Cameroun.<\/div>\t\t\t\t\t\t\t\t<\/div>\n\t\t\t\t\t<\/div>\n\t\t\t\t<\/div>\n\t\t<div class=\"elementor-element elementor-element-6c30f0d e-flex e-con-boxed e-con e-parent\" data-id=\"6c30f0d\" data-element_type=\"container\">\n\t\t\t\t\t<div class=\"e-con-inner\">\n\t\t<div class=\"elementor-element elementor-element-35c79e7 e-con-full e-flex e-con e-child\" data-id=\"35c79e7\" data-element_type=\"container\">\n\t\t\t\t<div class=\"elementor-element elementor-element-7dae036 elementor-widget elementor-widget-image\" data-id=\"7dae036\" data-element_type=\"widget\" data-widget_type=\"image.default\">\n\t\t\t\t\t\t\t\t\t\t\t\t\t\t\t<img decoding=\"async\" src=\"https:\/\/uy1.passresto.com\/wp-content\/uploads\/elementor\/thumbs\/majestic-rkdvoxpxfnbubbfn9bfwvjn55fnoe8ykpy2t6s69oo.png\" title=\"majestic\" alt=\"majestic\" loading=\"lazy\" \/>\t\t\t\t\t\t\t\t\t\t\t\t\t\t\t<\/div>\n\t\t\t\t<\/div>\n\t\t<div class=\"elementor-element elementor-element-47311a3 e-con-full e-flex e-con e-child\" data-id=\"47311a3\" data-element_type=\"container\">\n\t\t\t\t<div class=\"elementor-element elementor-element-3c78e84 elementor-widget elementor-widget-image\" data-id=\"3c78e84\" data-element_type=\"widget\" data-widget_type=\"image.default\">\n\t\t\t\t\t\t\t\t\t\t\t\t\t\t\t<img decoding=\"async\" src=\"https:\/\/uy1.passresto.com\/wp-content\/uploads\/elementor\/thumbs\/culture-rkfs35y7y9xmuywrkmo3d7l7zbn9j9u58uhfideiko.jpg\" title=\"culture\" alt=\"culture\" loading=\"lazy\" \/>\t\t\t\t\t\t\t\t\t\t\t\t\t\t\t<\/div>\n\t\t\t\t<\/div>\n\t\t\t\t\t<\/div>\n\t\t\t\t<\/div>\n\t\t\t\t<\/div>","protected":false},"excerpt":{"rendered":"<p>S\u2019\u00e9panouir \u00e0 l\u2019UYI par la Culture La culture \u00e0 l&rsquo;Universit\u00e9 de Yaound\u00e9 I (UYI) se dynamise avec la cr\u00e9ation de l&rsquo;espace \u00ab\u00a0Univers Cit\u00e9 Culture\u00a0\u00bb MAJESTIC UNIVERSITE YAOUNDE I d\u00e9but 2025 et dont l\u2019inauguration officielle a eu lieu sous le pr\u00e9sidence du Ministre d\u2019Etat, Ministre de l\u2019Enseignement Sup\u00e9rieur, Jacques FAME NDONGO, le 27 f\u00e9vrier 2026. Un\u2026 <a class=\"more-link\" href=\"https:\/\/uy1.passresto.com\/en\/culture\/\">Read more<\/a><\/p>","protected":false},"author":1,"featured_media":10156,"parent":0,"menu_order":0,"comment_status":"closed","ping_status":"closed","template":"elementor_header_footer","meta":{"give_campaign_id":0,"footnotes":""},"class_list":["post-10333","page","type-page","status-publish","has-post-thumbnail","hentry"],"campaignId":"","_links":{"self":[{"href":"https:\/\/uy1.passresto.com\/en\/wp-json\/wp\/v2\/pages\/10333","targetHints":{"allow":["GET"]}}],"collection":[{"href":"https:\/\/uy1.passresto.com\/en\/wp-json\/wp\/v2\/pages"}],"about":[{"href":"https:\/\/uy1.passresto.com\/en\/wp-json\/wp\/v2\/types\/page"}],"author":[{"embeddable":true,"href":"https:\/\/uy1.passresto.com\/en\/wp-json\/wp\/v2\/users\/1"}],"replies":[{"embeddable":true,"href":"https:\/\/uy1.passresto.com\/en\/wp-json\/wp\/v2\/comments?post=10333"}],"version-history":[{"count":10,"href":"https:\/\/uy1.passresto.com\/en\/wp-json\/wp\/v2\/pages\/10333\/revisions"}],"predecessor-version":[{"id":10352,"href":"https:\/\/uy1.passresto.com\/en\/wp-json\/wp\/v2\/pages\/10333\/revisions\/10352"}],"wp:featuredmedia":[{"embeddable":true,"href":"https:\/\/uy1.passresto.com\/en\/wp-json\/wp\/v2\/media\/10156"}],"wp:attachment":[{"href":"https:\/\/uy1.passresto.com\/en\/wp-json\/wp\/v2\/media?parent=10333"}],"curies":[{"name":"wp","href":"https:\/\/api.w.org\/{rel}","templated":true}]}}