{"id":10332,"date":"2026-03-13T09:14:26","date_gmt":"2026-03-13T08:14:26","guid":{"rendered":"https:\/\/uy1.passresto.com\/?page_id=10332"},"modified":"2026-03-13T09:37:22","modified_gmt":"2026-03-13T08:37:22","slug":"sport","status":"publish","type":"page","link":"https:\/\/uy1.passresto.com\/en\/sport\/","title":{"rendered":"Sport"},"content":{"rendered":"<div data-elementor-type=\"wp-page\" data-elementor-id=\"10332\" class=\"elementor elementor-10332\">\n\t\t\t\t<div class=\"elementor-element elementor-element-d188170 e-flex e-con-boxed e-con e-parent\" data-id=\"d188170\" data-element_type=\"container\">\n\t\t\t\t\t<div class=\"e-con-inner\">\n\t\t\t\t<div class=\"elementor-element elementor-element-0c8a4ee elementor-widget elementor-widget-heading\" data-id=\"0c8a4ee\" data-element_type=\"widget\" data-widget_type=\"heading.default\">\n\t\t\t\t\t<h2 class=\"elementor-heading-title elementor-size-default\">S\u2019\u00e9panouir \u00e0 l\u2019UYI par la pratique du Sport<\/h2>\t\t\t\t<\/div>\n\t\t\t\t<div class=\"elementor-element elementor-element-ea7e5d0 elementor-widget elementor-widget-text-editor\" data-id=\"ea7e5d0\" data-element_type=\"widget\" data-widget_type=\"text-editor.default\">\n\t\t\t\t\t\t\t\t\t<div><div>Le sport \u00e0 l&rsquo;Universit\u00e9 de Yaound\u00e9 I\u00a0(UYI) est une composante active de la vie estudiantine, marqu\u00e9e par des comp\u00e9titions r\u00e9guli\u00e8res, notamment les\u00a0jeux universitaires. L&rsquo;institution encourage la pratique sportive pour le bien-\u00eatre, la sant\u00e9 physique et mentale, et la gestion du stress, avec des \u00e9quipes repr\u00e9sentatives dans diverses disciplines, dont le rugby via le\u00a0Yaound\u00e9 Universit\u00e9 Club.\u00a0 Les points cl\u00e9s :<\/div><ul><li>Comp\u00e9titions : Participation active aux jeux universitaires (ex: Garoua 2024).<\/li><li>Infrastructures et \u00c9quipes sportifs : Pr\u00e9sence d&rsquo;\u00e9quipes structur\u00e9es, comme le Yaound\u00e9 Universit\u00e9 Club (YUCO).<\/li><\/ul><div>L\u2019UYI organise des matin\u00e9es sportives, notamment \u00e0 l\u2019occasion de la Journ\u00e9e Internationale du Sport Universitaire.<\/div><\/div>\t\t\t\t\t\t\t\t<\/div>\n\t\t\t\t\t<\/div>\n\t\t\t\t<\/div>\n\t\t<div class=\"elementor-element elementor-element-6c30f0d e-flex e-con-boxed e-con e-parent\" data-id=\"6c30f0d\" data-element_type=\"container\">\n\t\t\t\t\t<div class=\"e-con-inner\">\n\t\t<div class=\"elementor-element elementor-element-35c79e7 e-con-full e-flex e-con e-child\" data-id=\"35c79e7\" data-element_type=\"container\">\n\t\t\t\t<div class=\"elementor-element elementor-element-7dae036 elementor-widget elementor-widget-image\" data-id=\"7dae036\" data-element_type=\"widget\" data-widget_type=\"image.default\">\n\t\t\t\t\t\t\t\t\t\t\t\t\t\t\t<img decoding=\"async\" src=\"https:\/\/uy1.passresto.com\/wp-content\/uploads\/elementor\/thumbs\/sport3-rkfs46lxctbtfrfimkijkgc75cmkvgvodvxd85w5u0.jpg\" title=\"sport3\" alt=\"sport3\" loading=\"lazy\" \/>\t\t\t\t\t\t\t\t\t\t\t\t\t\t\t<\/div>\n\t\t\t\t<\/div>\n\t\t<div class=\"elementor-element elementor-element-47311a3 e-con-full e-flex e-con e-child\" data-id=\"47311a3\" data-element_type=\"container\">\n\t\t\t\t<div class=\"elementor-element elementor-element-3c78e84 elementor-widget elementor-widget-image\" data-id=\"3c78e84\" data-element_type=\"widget\" data-widget_type=\"image.default\">\n\t\t\t\t\t\t\t\t\t\t\t\t\t\t\t<img decoding=\"async\" src=\"https:\/\/uy1.passresto.com\/wp-content\/uploads\/elementor\/thumbs\/sport1-rkfs40yw7t43i3npji2s5hrfl1edla9ad40gci4ivc.jpg\" title=\"sport1\" alt=\"sport1\" loading=\"lazy\" \/>\t\t\t\t\t\t\t\t\t\t\t\t\t\t\t<\/div>\n\t\t\t\t<\/div>\n\t\t\t\t\t<\/div>\n\t\t\t\t<\/div>\n\t\t\t\t<\/div>","protected":false},"excerpt":{"rendered":"<p>S\u2019\u00e9panouir \u00e0 l\u2019UYI par la pratique du Sport Le sport \u00e0 l&rsquo;Universit\u00e9 de Yaound\u00e9 I\u00a0(UYI) est une composante active de la vie estudiantine, marqu\u00e9e par des comp\u00e9titions r\u00e9guli\u00e8res, notamment les\u00a0jeux universitaires. L&rsquo;institution encourage la pratique sportive pour le bien-\u00eatre, la sant\u00e9 physique et mentale, et la gestion du stress, avec des \u00e9quipes repr\u00e9sentatives dans diverses\u2026 <a class=\"more-link\" href=\"https:\/\/uy1.passresto.com\/en\/sport\/\">Read more<\/a><\/p>","protected":false},"author":1,"featured_media":10156,"parent":0,"menu_order":0,"comment_status":"closed","ping_status":"closed","template":"elementor_header_footer","meta":{"give_campaign_id":0,"footnotes":""},"class_list":["post-10332","page","type-page","status-publish","has-post-thumbnail","hentry"],"campaignId":"","_links":{"self":[{"href":"https:\/\/uy1.passresto.com\/en\/wp-json\/wp\/v2\/pages\/10332","targetHints":{"allow":["GET"]}}],"collection":[{"href":"https:\/\/uy1.passresto.com\/en\/wp-json\/wp\/v2\/pages"}],"about":[{"href":"https:\/\/uy1.passresto.com\/en\/wp-json\/wp\/v2\/types\/page"}],"author":[{"embeddable":true,"href":"https:\/\/uy1.passresto.com\/en\/wp-json\/wp\/v2\/users\/1"}],"replies":[{"embeddable":true,"href":"https:\/\/uy1.passresto.com\/en\/wp-json\/wp\/v2\/comments?post=10332"}],"version-history":[{"count":7,"href":"https:\/\/uy1.passresto.com\/en\/wp-json\/wp\/v2\/pages\/10332\/revisions"}],"predecessor-version":[{"id":10389,"href":"https:\/\/uy1.passresto.com\/en\/wp-json\/wp\/v2\/pages\/10332\/revisions\/10389"}],"wp:featuredmedia":[{"embeddable":true,"href":"https:\/\/uy1.passresto.com\/en\/wp-json\/wp\/v2\/media\/10156"}],"wp:attachment":[{"href":"https:\/\/uy1.passresto.com\/en\/wp-json\/wp\/v2\/media?parent=10332"}],"curies":[{"name":"wp","href":"https:\/\/api.w.org\/{rel}","templated":true}]}}