{"id":10132,"date":"2026-03-10T12:16:48","date_gmt":"2026-03-10T11:16:48","guid":{"rendered":"https:\/\/uy1.passresto.com\/?page_id=10132"},"modified":"2026-04-29T20:59:58","modified_gmt":"2026-04-29T18:59:58","slug":"chercher-a-uy1-ecoles-doctorales","status":"publish","type":"page","link":"https:\/\/uy1.passresto.com\/en\/chercher-a-uy1-ecoles-doctorales\/","title":{"rendered":"Doctoral schools"},"content":{"rendered":"<div data-elementor-type=\"wp-page\" data-elementor-id=\"10132\" class=\"elementor elementor-10132\">\n\t\t\t\t<div class=\"elementor-element elementor-element-43a5104 e-flex e-con-boxed e-con e-parent\" data-id=\"43a5104\" data-element_type=\"container\">\n\t\t\t\t\t<div class=\"e-con-inner\">\n\t\t\t\t<div class=\"elementor-element elementor-element-5e873f4 elementor-widget elementor-widget-text-editor\" data-id=\"5e873f4\" data-element_type=\"widget\" data-widget_type=\"text-editor.default\">\n\t\t\t\t\t\t\t\t\t<div>In the field of research, the University of Yaound\u00e9 I (UYI) has established a policy centered on doctoral schools and multifaceted institutional support for research. This policy has resulted in a substantial body of scientific output.<\/div><div>\u00a0<\/div><div>Doctoral Schools are organizational and structural frameworks for research established at UYI to meet the requirements of the Bachelor\u2019s-Master\u2019s-Doctorate (LMD) system and to accommodate the opening of new departments within the institution. There are currently four (04) Doctoral Schools at UYI:<\/div><ul><li>\u00a0Arts, Languages, and Cultures<\/li><li>Humanities, Social Sciences, and Education<\/li><li>Science, Technology, and Earth Sciences<\/li><li>Life Sciences, Health, and Environment<\/li><\/ul><div>These doctoral schools are organized into Research and Doctoral Training Units (UFDs), the number of which varies from one school to another.<\/div><div>These are the following UFDs:<\/div><div>\u00a0<\/div><div><strong>For the Doctoral School of Arts, Languages, and Cultures:<\/strong><\/div><ul><li>Department of Languages and Literature<\/li><li>Department of Arts, Cultures, and Civilizations.<\/li><\/ul><div><strong>For the Doctoral School of Humanities, Social Sciences, and Education:<\/strong><\/div><ul><li>Department of Humanities and Social Sciences<\/li><li>Department of Education Sciences and Educational Engineering.<\/li><\/ul><div><strong>For the Doctoral School of Science, Technology, and Geosciences (CSTG):<\/strong><\/div><ul><li>Department of Mathematics, Computer Science, Bioinformatics, and Applications<\/li><li>Department of Engineering Sciences and Applications<\/li><li>Department of Physics and Applications<\/li><li>Department of Chemistry and Applications<\/li><li>Department of Geosciences and Applications.<\/li><\/ul><div><strong>For the Doctoral School of Life Sciences, Health, and Environment:<\/strong><\/div><ul><li>\u00a0Department of Health and Environment<\/li><li>Department of Life Sciences<\/li><\/ul><div>The Doctoral School is also an independent entity within the Faculty. While it is affiliated with one or more institutions, it operates autonomously, even though its academic staff are drawn from those institutions. The director of the Doctoral School represents the School before the Rector.<\/div>\t\t\t\t\t\t\t\t<\/div>\n\t\t\t\t<div class=\"elementor-element elementor-element-074d56a elementor-align-left elementor-widget__width-auto elementor-widget elementor-widget-button\" data-id=\"074d56a\" data-element_type=\"widget\" data-widget_type=\"button.default\">\n\t\t\t\t\t\t\t\t\t\t<a class=\"elementor-button elementor-button-link elementor-size-sm\" href=\"https:\/\/uy1.passresto.com\/en\/ecoles-doctorales\/\">\n\t\t\t\t\t\t<span class=\"elementor-button-content-wrapper\">\n\t\t\t\t\t\t\t\t\t<span class=\"elementor-button-text\">Learn more <\/span>\n\t\t\t\t\t<\/span>\n\t\t\t\t\t<\/a>\n\t\t\t\t\t\t\t\t<\/div>\n\t\t\t\t\t<\/div>\n\t\t\t\t<\/div>\n\t\t\t\t<\/div>","protected":false},"excerpt":{"rendered":"<p>Dans le domaine de la recherche, l\u2019Universit\u00e9 de Yaound\u00e9 I (UYI) a d\u00e9fini une politique bas\u00e9e sur les Ecoles Doctorales et l\u2019appui institutionnel et multiforme \u00e0 la recherche. Cette politique se traduit par une production scientifique cons\u00e9quente.\u00a0Les \u00c9coles Doctorales sont des cadres organisationnels et structurels de la recherche, mises en place \u00e0 l\u2019UYI pour r\u00e9pondre\u2026 <a class=\"more-link\" href=\"https:\/\/uy1.passresto.com\/en\/chercher-a-uy1-ecoles-doctorales\/\">Read more<\/a><\/p>","protected":false},"author":1,"featured_media":10160,"parent":0,"menu_order":0,"comment_status":"closed","ping_status":"closed","template":"elementor_header_footer","meta":{"give_campaign_id":0,"footnotes":""},"class_list":["post-10132","page","type-page","status-publish","has-post-thumbnail","hentry"],"campaignId":"","_links":{"self":[{"href":"https:\/\/uy1.passresto.com\/en\/wp-json\/wp\/v2\/pages\/10132","targetHints":{"allow":["GET"]}}],"collection":[{"href":"https:\/\/uy1.passresto.com\/en\/wp-json\/wp\/v2\/pages"}],"about":[{"href":"https:\/\/uy1.passresto.com\/en\/wp-json\/wp\/v2\/types\/page"}],"author":[{"embeddable":true,"href":"https:\/\/uy1.passresto.com\/en\/wp-json\/wp\/v2\/users\/1"}],"replies":[{"embeddable":true,"href":"https:\/\/uy1.passresto.com\/en\/wp-json\/wp\/v2\/comments?post=10132"}],"version-history":[{"count":14,"href":"https:\/\/uy1.passresto.com\/en\/wp-json\/wp\/v2\/pages\/10132\/revisions"}],"predecessor-version":[{"id":11856,"href":"https:\/\/uy1.passresto.com\/en\/wp-json\/wp\/v2\/pages\/10132\/revisions\/11856"}],"wp:featuredmedia":[{"embeddable":true,"href":"https:\/\/uy1.passresto.com\/en\/wp-json\/wp\/v2\/media\/10160"}],"wp:attachment":[{"href":"https:\/\/uy1.passresto.com\/en\/wp-json\/wp\/v2\/media?parent=10132"}],"curies":[{"name":"wp","href":"https:\/\/api.w.org\/{rel}","templated":true}]}}