{"id":10106,"date":"2026-03-10T11:27:31","date_gmt":"2026-03-10T10:27:31","guid":{"rendered":"https:\/\/uy1.passresto.com\/?page_id=10106"},"modified":"2026-04-29T21:42:05","modified_gmt":"2026-04-29T19:42:05","slug":"chercher-a-uy1-instituts-de-recherche","status":"publish","type":"page","link":"https:\/\/uy1.passresto.com\/en\/chercher-a-uy1-instituts-de-recherche\/","title":{"rendered":"Instituts de Recherche"},"content":{"rendered":"<div data-elementor-type=\"wp-page\" data-elementor-id=\"10106\" class=\"elementor elementor-10106\">\n\t\t\t\t<div class=\"elementor-element elementor-element-f55e42c e-flex e-con-boxed e-con e-parent\" data-id=\"f55e42c\" data-element_type=\"container\">\n\t\t\t\t\t<div class=\"e-con-inner\">\n\t\t\t\t<div class=\"elementor-element elementor-element-33262ca elementor-widget elementor-widget-text-editor\" data-id=\"33262ca\" data-element_type=\"widget\" data-widget_type=\"text-editor.default\">\n\t\t\t\t\t\t\t\t\t<div><div>The University of Yaound\u00e9 I (UYI) is home to numerous institutes, centers, and organizations dedicated to conducting research. These may specialize in basic research or focus on applied research.<\/div><ul><li>Center for Biotechnology (CBT);<\/li><li>University Center for Information Technology (CUTI);<\/li><li>Center for University Digital Development (CDNU);<\/li><li>National Virtual University;<\/li><li>Central African Virtual University;<\/li><li>Center for Research and Doctoral Training (CRFD): \u201cLanguages and Cultures\u201d;<\/li><li>Center for Research and Doctoral Training (CRFD): \u201cHumanities, Social Sciences, and Education\u201d;<\/li><li>Center for Research and Doctoral Training (CRFD): \u201cScience, Technology, and Geosciences\u201d;<\/li><li>Center for Research and Doctoral Training (CRFD): \u201cLife Sciences, Health, and Environment\u201d;<\/li><li>Research laboratories at various institutions (faculties, grandes \u00e9coles, and institutes);<\/li><li>Others.<\/li><\/ul><div>At the UYI, research is organized across disciplines, with interdisciplinary teams within these institutions.\u00a0<\/div><\/div>\t\t\t\t\t\t\t\t<\/div>\n\t\t\t\t\t<\/div>\n\t\t\t\t<\/div>\n\t\t\t\t<\/div>","protected":false},"excerpt":{"rendered":"<p>L\u2019Universit\u00e9 de Yaound\u00e9 I (UYI) regorge des instituts, centres ou organismes pour mener des recherches. Ils peuvent se sp\u00e9cialiser dans la recherche fondamentale ou \u00eatre orient\u00e9s vers la recherche appliqu\u00e9e. Centre de Biotechnologie(CBT)\u00a0; Centre Universitaire des Technologies de l&rsquo;Information (CUTI)\u00a0; Centre du D\u00e9veloppement du Num\u00e9rique Universitaire (CDNU)\u00a0; Universit\u00e9 Virtuelle Nationale\u00a0; Universit\u00e9 Virtuelle d&rsquo;Afrique Centrale\u00a0; Centre\u2026 <a class=\"more-link\" href=\"https:\/\/uy1.passresto.com\/en\/chercher-a-uy1-instituts-de-recherche\/\">Read more<\/a><\/p>","protected":false},"author":1,"featured_media":10160,"parent":0,"menu_order":0,"comment_status":"closed","ping_status":"closed","template":"elementor_header_footer","meta":{"give_campaign_id":0,"footnotes":""},"class_list":["post-10106","page","type-page","status-publish","has-post-thumbnail","hentry"],"campaignId":"","_links":{"self":[{"href":"https:\/\/uy1.passresto.com\/en\/wp-json\/wp\/v2\/pages\/10106","targetHints":{"allow":["GET"]}}],"collection":[{"href":"https:\/\/uy1.passresto.com\/en\/wp-json\/wp\/v2\/pages"}],"about":[{"href":"https:\/\/uy1.passresto.com\/en\/wp-json\/wp\/v2\/types\/page"}],"author":[{"embeddable":true,"href":"https:\/\/uy1.passresto.com\/en\/wp-json\/wp\/v2\/users\/1"}],"replies":[{"embeddable":true,"href":"https:\/\/uy1.passresto.com\/en\/wp-json\/wp\/v2\/comments?post=10106"}],"version-history":[{"count":7,"href":"https:\/\/uy1.passresto.com\/en\/wp-json\/wp\/v2\/pages\/10106\/revisions"}],"predecessor-version":[{"id":11855,"href":"https:\/\/uy1.passresto.com\/en\/wp-json\/wp\/v2\/pages\/10106\/revisions\/11855"}],"wp:featuredmedia":[{"embeddable":true,"href":"https:\/\/uy1.passresto.com\/en\/wp-json\/wp\/v2\/media\/10160"}],"wp:attachment":[{"href":"https:\/\/uy1.passresto.com\/en\/wp-json\/wp\/v2\/media?parent=10106"}],"curies":[{"name":"wp","href":"https:\/\/api.w.org\/{rel}","templated":true}]}}